{"id":8406,"date":"2022-04-19T13:25:42","date_gmt":"2022-04-19T06:25:42","guid":{"rendered":"https:\/\/thediversboat.com\/boat\/"},"modified":"2025-12-06T14:30:18","modified_gmt":"2025-12-06T07:30:18","slug":"boat","status":"publish","type":"product","link":"https:\/\/thediversboat.com\/en\/product\/boat\/","title":{"rendered":"Boats"},"content":{"rendered":"<h1 data-start=\"96\" data-end=\"159\">\u2b50 <strong data-start=\"100\" data-end=\"159\">Boat Specialty Koh Tao \u2013 Become an SSI Boat Diver Today<\/strong><\/h1>\n<p data-start=\"161\" data-end=\"457\">The <strong data-start=\"165\" data-end=\"191\">Boat Specialty Koh Tao<\/strong> is perfect for divers who want to reach offshore sites and discover diving from different types of boats. This course teaches you how to move safely and confidently at sea, on a variety of vessels, and enjoy every moment of your underwater adventure around Koh Tao.<\/p>\n<h2 data-start=\"459\" data-end=\"501\">\ud83c\udf0a Why Take the Boat Specialty Koh Tao?<\/h2>\n<p data-start=\"503\" data-end=\"791\">Diving from a boat requires specific techniques: managing space, handling equipment, moving safely, and mastering entries and exits. With the <strong data-start=\"645\" data-end=\"671\">Boat Specialty Koh Tao<\/strong>, you learn all the essential skills needed to make your dives more comfortable, better organized, and above all, safer.<\/p>\n<p data-start=\"793\" data-end=\"1059\">Koh Tao offers many incredible dive sites that are only accessible by boat. This specialty allows you to reach offshore areas where pelagic species thrive\u2014wildlife you won\u2019t find near the shore. You also improve your confidence and autonomy during your explorations.<\/p>\n<h2 data-start=\"1061\" data-end=\"1081\">\ud83d\udcd8 Course Program<\/h2>\n<ul data-start=\"1083\" data-end=\"1348\">\n<li data-start=\"1083\" data-end=\"1107\">\n<p data-start=\"1085\" data-end=\"1107\"><strong data-start=\"1085\" data-end=\"1105\">1 theory session<\/strong><\/p>\n<\/li>\n<li data-start=\"1108\" data-end=\"1139\">\n<p data-start=\"1110\" data-end=\"1139\"><strong data-start=\"1110\" data-end=\"1137\">2 dives up to 30 meters<\/strong><\/p>\n<\/li>\n<li data-start=\"1140\" data-end=\"1203\">\n<p data-start=\"1142\" data-end=\"1203\">Learning about the different types of boats used in Koh Tao<\/p>\n<\/li>\n<li data-start=\"1204\" data-end=\"1245\">\n<p data-start=\"1206\" data-end=\"1245\">Techniques for safe entries and exits<\/p>\n<\/li>\n<li data-start=\"1246\" data-end=\"1292\">\n<p data-start=\"1248\" data-end=\"1292\">Onboard organization and safety procedures<\/p>\n<\/li>\n<li data-start=\"1293\" data-end=\"1348\">\n<p data-start=\"1295\" data-end=\"1348\">Best practices to protect and manage your equipment<\/p>\n<\/li>\n<\/ul>\n<h2 data-start=\"1350\" data-end=\"1384\">\ud83d\udea4 Dive Better, Explore Further<\/h2>\n<p data-start=\"1386\" data-end=\"1630\">This specialty helps you adapt to all types of boats: traditional Thai longtail, speedboat, or large dive boat. You gain access to some of the best dive sites around Koh Tao while understanding the essential safety rules related to boat diving.<\/p>\n","protected":false},"excerpt":{"rendered":"<p>\u2b50 Boat Specialty Koh Tao \u2013 Become an SSI Boat Diver Today The Boat Specialty Koh Tao is perfect for divers who want to reach offshore sites and discover diving from different types of boats. This course teaches you how to move safely and confidently at sea, on a variety of vessels, and enjoy every&#8230;<\/p>\n","protected":false},"featured_media":13290,"template":"","meta":[],"product_brand":[],"product_cat":[40],"product_tag":[],"class_list":{"0":"post-8406","1":"product","2":"type-product","3":"status-publish","4":"has-post-thumbnail","6":"product_cat-specialty","8":"first","9":"instock","10":"virtual","11":"purchasable","12":"product-type-simple"},"yoast_head":"<!-- This site is optimized with the Yoast SEO Premium plugin v26.0 (Yoast SEO v27.5) - https:\/\/yoast.com\/product\/yoast-seo-premium-wordpress\/ -->\n<title>Speciality boat - diving - The Diver&#039;s Boat<\/title>\n<meta name=\"description\" content=\"The ocean abounds with fabulous dive sites, most of which are only accessible by boat. It&#039;s an adventure, sailing on the water\" \/>\n<meta name=\"robots\" content=\"index, follow, max-snippet:-1, max-image-preview:large, max-video-preview:-1\" \/>\n<link rel=\"canonical\" href=\"https:\/\/thediversboat.com\/en\/product\/boat\/\" \/>\n<meta property=\"og:locale\" content=\"en_US\" \/>\n<meta property=\"og:type\" content=\"article\" \/>\n<meta property=\"og:title\" content=\"Boats\" \/>\n<meta property=\"og:description\" content=\"The ocean abounds with fabulous dive sites, most of which are only accessible by boat. It&#039;s an adventure, sailing on the water\" \/>\n<meta property=\"og:url\" content=\"https:\/\/thediversboat.com\/en\/product\/boat\/\" \/>\n<meta property=\"og:site_name\" content=\"The Divers Boat\" \/>\n<meta property=\"article:publisher\" content=\"https:\/\/www.facebook.com\/thediversboat\/\" \/>\n<meta property=\"article:modified_time\" content=\"2025-12-06T07:30:18+00:00\" \/>\n<meta property=\"og:image\" content=\"https:\/\/thediversboat.com\/wp-content\/uploads\/2022\/04\/Specialite-bateau-plongee-Boat-Diving-1.jpg\" \/>\n\t<meta property=\"og:image:width\" content=\"1200\" \/>\n\t<meta property=\"og:image:height\" content=\"762\" \/>\n\t<meta property=\"og:image:type\" content=\"image\/jpeg\" \/>\n<meta name=\"twitter:card\" content=\"summary_large_image\" \/>\n<meta name=\"twitter:label1\" content=\"Est. reading time\" \/>\n\t<meta name=\"twitter:data1\" content=\"2 minutes\" \/>\n<script type=\"application\/ld+json\" class=\"yoast-schema-graph\">{\"@context\":\"https:\\\/\\\/schema.org\",\"@graph\":[{\"@type\":\"WebPage\",\"@id\":\"https:\\\/\\\/thediversboat.com\\\/en\\\/product\\\/boat\\\/\",\"url\":\"https:\\\/\\\/thediversboat.com\\\/en\\\/product\\\/boat\\\/\",\"name\":\"Speciality boat - diving - The Diver's Boat\",\"isPartOf\":{\"@id\":\"https:\\\/\\\/thediversboat.com\\\/en\\\/#website\"},\"primaryImageOfPage\":{\"@id\":\"https:\\\/\\\/thediversboat.com\\\/en\\\/product\\\/boat\\\/#primaryimage\"},\"image\":{\"@id\":\"https:\\\/\\\/thediversboat.com\\\/en\\\/product\\\/boat\\\/#primaryimage\"},\"thumbnailUrl\":\"https:\\\/\\\/thediversboat.com\\\/wp-content\\\/uploads\\\/2022\\\/04\\\/Specialite-bateau-plongee-Boat-Diving-1.jpg\",\"datePublished\":\"2022-04-19T06:25:42+00:00\",\"dateModified\":\"2025-12-06T07:30:18+00:00\",\"description\":\"The ocean abounds with fabulous dive sites, most of which are only accessible by boat. It's an adventure, sailing on the water\",\"breadcrumb\":{\"@id\":\"https:\\\/\\\/thediversboat.com\\\/en\\\/product\\\/boat\\\/#breadcrumb\"},\"inLanguage\":\"en-US\",\"potentialAction\":[{\"@type\":\"ReadAction\",\"target\":[\"https:\\\/\\\/thediversboat.com\\\/en\\\/product\\\/boat\\\/\"]}]},{\"@type\":\"ImageObject\",\"inLanguage\":\"en-US\",\"@id\":\"https:\\\/\\\/thediversboat.com\\\/en\\\/product\\\/boat\\\/#primaryimage\",\"url\":\"https:\\\/\\\/thediversboat.com\\\/wp-content\\\/uploads\\\/2022\\\/04\\\/Specialite-bateau-plongee-Boat-Diving-1.jpg\",\"contentUrl\":\"https:\\\/\\\/thediversboat.com\\\/wp-content\\\/uploads\\\/2022\\\/04\\\/Specialite-bateau-plongee-Boat-Diving-1.jpg\",\"width\":1200,\"height\":762,\"caption\":\"Boat Diving specialty\"},{\"@type\":\"BreadcrumbList\",\"@id\":\"https:\\\/\\\/thediversboat.com\\\/en\\\/product\\\/boat\\\/#breadcrumb\",\"itemListElement\":[{\"@type\":\"ListItem\",\"position\":1,\"name\":\"Home\",\"item\":\"https:\\\/\\\/thediversboat.com\\\/en\\\/\"},{\"@type\":\"ListItem\",\"position\":2,\"name\":\"Training\",\"item\":\"https:\\\/\\\/thediversboat.com\\\/en\\\/shop\\\/\"},{\"@type\":\"ListItem\",\"position\":3,\"name\":\"Boats\"}]},{\"@type\":\"WebSite\",\"@id\":\"https:\\\/\\\/thediversboat.com\\\/en\\\/#website\",\"url\":\"https:\\\/\\\/thediversboat.com\\\/en\\\/\",\"name\":\"The Divers Boat\",\"description\":\"Centre de plong\u00e9e Fran\u00e7ais \u00e0 Koh Tao\",\"publisher\":{\"@id\":\"https:\\\/\\\/thediversboat.com\\\/en\\\/#organization\"},\"alternateName\":\"The Diver's Boat\",\"potentialAction\":[{\"@type\":\"SearchAction\",\"target\":{\"@type\":\"EntryPoint\",\"urlTemplate\":\"https:\\\/\\\/thediversboat.com\\\/en\\\/?s={search_term_string}\"},\"query-input\":{\"@type\":\"PropertyValueSpecification\",\"valueRequired\":true,\"valueName\":\"search_term_string\"}}],\"inLanguage\":\"en-US\"},{\"@type\":\"Organization\",\"@id\":\"https:\\\/\\\/thediversboat.com\\\/en\\\/#organization\",\"name\":\"Centre de plong\u00e9e Fran\u00e7ais \u00e0 Koh Tao\",\"alternateName\":\"Koh Tao France Plong\u00e9e\",\"url\":\"https:\\\/\\\/thediversboat.com\\\/en\\\/\",\"logo\":{\"@type\":\"ImageObject\",\"inLanguage\":\"en-US\",\"@id\":\"https:\\\/\\\/thediversboat.com\\\/en\\\/#\\\/schema\\\/logo\\\/image\\\/\",\"url\":\"https:\\\/\\\/thediversboat.com\\\/wp-content\\\/uploads\\\/2025\\\/08\\\/The-Divers-Boat-Koh-Tao-LOGO-scaled.png\",\"contentUrl\":\"https:\\\/\\\/thediversboat.com\\\/wp-content\\\/uploads\\\/2025\\\/08\\\/The-Divers-Boat-Koh-Tao-LOGO-scaled.png\",\"width\":2560,\"height\":2560,\"caption\":\"Centre de plong\u00e9e Fran\u00e7ais \u00e0 Koh Tao\"},\"image\":{\"@id\":\"https:\\\/\\\/thediversboat.com\\\/en\\\/#\\\/schema\\\/logo\\\/image\\\/\"},\"sameAs\":[\"https:\\\/\\\/www.facebook.com\\\/thediversboat\\\/\",\"https:\\\/\\\/www.instagram.com\\\/thediversboat\\\/\",\"https:\\\/\\\/www.youtube.com\\\/channel\\\/UCU_3MH0qcQnG2zWsStWl-7g\\\/\"],\"description\":\"The Divers Boat \u2013 L\u2019Aventure Sous-Marine \u00e0 Koh Tao Plongez au c\u0153ur des eaux cristallines de Koh Tao avec The Divers Boat, votre partenaire privil\u00e9gi\u00e9 pour des exp\u00e9riences de plong\u00e9e inoubliables. Que vous soyez d\u00e9butant ou plongeur exp\u00e9riment\u00e9, notre \u00e9quipe passionn\u00e9e et certifi\u00e9e vous accompagne dans la d\u00e9couverte des fonds marins les plus spectaculaires de Tha\u00eflande. Pour cela nous avons 2 bateaux a notre disposition.\",\"email\":\"diversboat@gmail.com\",\"telephone\":\"+66828149282\",\"legalName\":\"Bee'z Mom\",\"foundingDate\":\"2017-01-01\"}]}<\/script>\n<!-- \/ Yoast SEO Premium plugin. -->","yoast_head_json":{"title":"Speciality boat - diving - The Diver's Boat","description":"The ocean abounds with fabulous dive sites, most of which are only accessible by boat. It's an adventure, sailing on the water","robots":{"index":"index","follow":"follow","max-snippet":"max-snippet:-1","max-image-preview":"max-image-preview:large","max-video-preview":"max-video-preview:-1"},"canonical":"https:\/\/thediversboat.com\/en\/product\/boat\/","og_locale":"en_US","og_type":"article","og_title":"Boats","og_description":"The ocean abounds with fabulous dive sites, most of which are only accessible by boat. It's an adventure, sailing on the water","og_url":"https:\/\/thediversboat.com\/en\/product\/boat\/","og_site_name":"The Divers Boat","article_publisher":"https:\/\/www.facebook.com\/thediversboat\/","article_modified_time":"2025-12-06T07:30:18+00:00","og_image":[{"width":1200,"height":762,"url":"https:\/\/thediversboat.com\/wp-content\/uploads\/2022\/04\/Specialite-bateau-plongee-Boat-Diving-1.jpg","type":"image\/jpeg"}],"twitter_card":"summary_large_image","twitter_misc":{"Est. reading time":"2 minutes"},"schema":{"@context":"https:\/\/schema.org","@graph":[{"@type":"WebPage","@id":"https:\/\/thediversboat.com\/en\/product\/boat\/","url":"https:\/\/thediversboat.com\/en\/product\/boat\/","name":"Speciality boat - diving - The Diver's Boat","isPartOf":{"@id":"https:\/\/thediversboat.com\/en\/#website"},"primaryImageOfPage":{"@id":"https:\/\/thediversboat.com\/en\/product\/boat\/#primaryimage"},"image":{"@id":"https:\/\/thediversboat.com\/en\/product\/boat\/#primaryimage"},"thumbnailUrl":"https:\/\/thediversboat.com\/wp-content\/uploads\/2022\/04\/Specialite-bateau-plongee-Boat-Diving-1.jpg","datePublished":"2022-04-19T06:25:42+00:00","dateModified":"2025-12-06T07:30:18+00:00","description":"The ocean abounds with fabulous dive sites, most of which are only accessible by boat. It's an adventure, sailing on the water","breadcrumb":{"@id":"https:\/\/thediversboat.com\/en\/product\/boat\/#breadcrumb"},"inLanguage":"en-US","potentialAction":[{"@type":"ReadAction","target":["https:\/\/thediversboat.com\/en\/product\/boat\/"]}]},{"@type":"ImageObject","inLanguage":"en-US","@id":"https:\/\/thediversboat.com\/en\/product\/boat\/#primaryimage","url":"https:\/\/thediversboat.com\/wp-content\/uploads\/2022\/04\/Specialite-bateau-plongee-Boat-Diving-1.jpg","contentUrl":"https:\/\/thediversboat.com\/wp-content\/uploads\/2022\/04\/Specialite-bateau-plongee-Boat-Diving-1.jpg","width":1200,"height":762,"caption":"Boat Diving specialty"},{"@type":"BreadcrumbList","@id":"https:\/\/thediversboat.com\/en\/product\/boat\/#breadcrumb","itemListElement":[{"@type":"ListItem","position":1,"name":"Home","item":"https:\/\/thediversboat.com\/en\/"},{"@type":"ListItem","position":2,"name":"Training","item":"https:\/\/thediversboat.com\/en\/shop\/"},{"@type":"ListItem","position":3,"name":"Boats"}]},{"@type":"WebSite","@id":"https:\/\/thediversboat.com\/en\/#website","url":"https:\/\/thediversboat.com\/en\/","name":"The Divers Boat","description":"Centre de plong\u00e9e Fran\u00e7ais \u00e0 Koh Tao","publisher":{"@id":"https:\/\/thediversboat.com\/en\/#organization"},"alternateName":"The Diver's Boat","potentialAction":[{"@type":"SearchAction","target":{"@type":"EntryPoint","urlTemplate":"https:\/\/thediversboat.com\/en\/?s={search_term_string}"},"query-input":{"@type":"PropertyValueSpecification","valueRequired":true,"valueName":"search_term_string"}}],"inLanguage":"en-US"},{"@type":"Organization","@id":"https:\/\/thediversboat.com\/en\/#organization","name":"Centre de plong\u00e9e Fran\u00e7ais \u00e0 Koh Tao","alternateName":"Koh Tao France Plong\u00e9e","url":"https:\/\/thediversboat.com\/en\/","logo":{"@type":"ImageObject","inLanguage":"en-US","@id":"https:\/\/thediversboat.com\/en\/#\/schema\/logo\/image\/","url":"https:\/\/thediversboat.com\/wp-content\/uploads\/2025\/08\/The-Divers-Boat-Koh-Tao-LOGO-scaled.png","contentUrl":"https:\/\/thediversboat.com\/wp-content\/uploads\/2025\/08\/The-Divers-Boat-Koh-Tao-LOGO-scaled.png","width":2560,"height":2560,"caption":"Centre de plong\u00e9e Fran\u00e7ais \u00e0 Koh Tao"},"image":{"@id":"https:\/\/thediversboat.com\/en\/#\/schema\/logo\/image\/"},"sameAs":["https:\/\/www.facebook.com\/thediversboat\/","https:\/\/www.instagram.com\/thediversboat\/","https:\/\/www.youtube.com\/channel\/UCU_3MH0qcQnG2zWsStWl-7g\/"],"description":"The Divers Boat \u2013 L\u2019Aventure Sous-Marine \u00e0 Koh Tao Plongez au c\u0153ur des eaux cristallines de Koh Tao avec The Divers Boat, votre partenaire privil\u00e9gi\u00e9 pour des exp\u00e9riences de plong\u00e9e inoubliables. Que vous soyez d\u00e9butant ou plongeur exp\u00e9riment\u00e9, notre \u00e9quipe passionn\u00e9e et certifi\u00e9e vous accompagne dans la d\u00e9couverte des fonds marins les plus spectaculaires de Tha\u00eflande. Pour cela nous avons 2 bateaux a notre disposition.","email":"diversboat@gmail.com","telephone":"+66828149282","legalName":"Bee'z Mom","foundingDate":"2017-01-01"}]}},"_links":{"self":[{"href":"https:\/\/thediversboat.com\/en\/wp-json\/wp\/v2\/product\/8406","targetHints":{"allow":["GET"]}}],"collection":[{"href":"https:\/\/thediversboat.com\/en\/wp-json\/wp\/v2\/product"}],"about":[{"href":"https:\/\/thediversboat.com\/en\/wp-json\/wp\/v2\/types\/product"}],"wp:featuredmedia":[{"embeddable":true,"href":"https:\/\/thediversboat.com\/en\/wp-json\/wp\/v2\/media\/13290"}],"wp:attachment":[{"href":"https:\/\/thediversboat.com\/en\/wp-json\/wp\/v2\/media?parent=8406"}],"wp:term":[{"taxonomy":"product_brand","embeddable":true,"href":"https:\/\/thediversboat.com\/en\/wp-json\/wp\/v2\/product_brand?post=8406"},{"taxonomy":"product_cat","embeddable":true,"href":"https:\/\/thediversboat.com\/en\/wp-json\/wp\/v2\/product_cat?post=8406"},{"taxonomy":"product_tag","embeddable":true,"href":"https:\/\/thediversboat.com\/en\/wp-json\/wp\/v2\/product_tag?post=8406"}],"curies":[{"name":"wp","href":"https:\/\/api.w.org\/{rel}","templated":true}]}}