{"id":8404,"date":"2022-04-19T12:12:36","date_gmt":"2022-04-19T05:12:36","guid":{"rendered":"https:\/\/thediversboat.com\/search-recovery\/"},"modified":"2025-12-06T15:05:47","modified_gmt":"2025-12-06T08:05:47","slug":"search-and-recovery-koh-tao","status":"publish","type":"product","link":"https:\/\/thediversboat.com\/en\/product\/search-and-recovery-koh-tao\/","title":{"rendered":"Search &#038; Recovery"},"content":{"rendered":"<h1 data-start=\"846\" data-end=\"914\"><strong data-start=\"848\" data-end=\"914\">Search &amp; Recovery Koh Tao \u2013 Learn Underwater Search Techniques<\/strong><\/h1>\n<p data-start=\"916\" data-end=\"1170\">The <strong data-start=\"920\" data-end=\"949\">Search &amp; Recovery Koh Tao<\/strong> specialty teaches you how to locate and safely lift objects underwater using professional methods. This course is ideal for divers who want to gain confidence and solve real problem-solving scenarios beneath the surface.<\/p>\n<p data-start=\"1172\" data-end=\"1289\">\ud83d\udc49 <em data-start=\"1175\" data-end=\"1229\">If you&#8217;re new to specialties, you can also check our<\/em> <strong data-start=\"1230\" data-end=\"1260\">Advanced Adventurer course<\/strong> <em data-start=\"1261\" data-end=\"1288\">(internal link \u00e0 adapter)<\/em>.<\/p>\n<hr data-start=\"1291\" data-end=\"1294\" \/>\n<h2 data-start=\"1296\" data-end=\"1341\"><strong data-start=\"1299\" data-end=\"1341\">Why Take a Search and Recovery Course?<\/strong><\/h2>\n<p data-start=\"1343\" data-end=\"1591\">This SSI program gives you the skills needed to organize and carry out underwater search tasks efficiently. Koh Tao offers perfect conditions for practicing different search patterns and lifting techniques thanks to its calm water and varied sites.<\/p>\n<hr data-start=\"1593\" data-end=\"1596\" \/>\n<h2 data-start=\"1598\" data-end=\"1624\"><strong data-start=\"1601\" data-end=\"1624\">What You Will Learn<\/strong><\/h2>\n<h3 data-start=\"1626\" data-end=\"1664\"><strong data-start=\"1630\" data-end=\"1662\">1. Underwater Search Methods<\/strong><\/h3>\n<p data-start=\"1665\" data-end=\"1759\">You will discover several patterns such as U-patterns, expanding circles, and linear searches.<\/p>\n<h3 data-start=\"1761\" data-end=\"1793\"><strong data-start=\"1765\" data-end=\"1791\">2. Recovery Techniques<\/strong><\/h3>\n<p data-start=\"1794\" data-end=\"1873\">You will practice lift bag handling, object attachment, and controlled ascents.<\/p>\n<h3 data-start=\"1875\" data-end=\"1915\"><strong data-start=\"1879\" data-end=\"1913\">3. Planning a Search Operation<\/strong><\/h3>\n<p data-start=\"1916\" data-end=\"2018\">This includes preparing the team, defining objectives, evaluating risks, and choosing the best method.<\/p>\n<h3 data-start=\"2020\" data-end=\"2057\"><strong data-start=\"2024\" data-end=\"2055\">4. Environmental Assessment<\/strong><\/h3>\n<p data-start=\"2058\" data-end=\"2158\">Visibility, depth, terrain, and currents are part of the analysis to maintain safe diving practices.<\/p>\n<p data-start=\"2160\" data-end=\"2254\">\ud83d\udc49 <em data-start=\"2163\" data-end=\"2237\">More details about SSI programs can be found on the official SSI website<\/em> (external link).<\/p>\n<hr data-start=\"2256\" data-end=\"2259\" \/>\n<h2 data-start=\"2261\" data-end=\"2288\"><strong data-start=\"2264\" data-end=\"2288\">How the Course Works<\/strong><\/h2>\n<p data-start=\"2290\" data-end=\"2332\">The training takes <strong data-start=\"2309\" data-end=\"2318\">1 day<\/strong> and includes:<\/p>\n<ul data-start=\"2334\" data-end=\"2500\">\n<li data-start=\"2334\" data-end=\"2354\">\n<p data-start=\"2336\" data-end=\"2354\">A theory session<\/p>\n<\/li>\n<li data-start=\"2355\" data-end=\"2378\">\n<p data-start=\"2357\" data-end=\"2378\">Practical workshops<\/p>\n<\/li>\n<li data-start=\"2379\" data-end=\"2425\">\n<p data-start=\"2381\" data-end=\"2425\"><strong data-start=\"2381\" data-end=\"2403\">3 open-water dives<\/strong> up to <strong data-start=\"2410\" data-end=\"2423\">30 meters<\/strong><\/p>\n<\/li>\n<li data-start=\"2426\" data-end=\"2456\">\n<p data-start=\"2428\" data-end=\"2456\">Realistic search exercises<\/p>\n<\/li>\n<li data-start=\"2457\" data-end=\"2500\">\n<p data-start=\"2459\" data-end=\"2500\">Object-lifting practice with a lift bag<\/p>\n<\/li>\n<\/ul>\n<hr data-start=\"2502\" data-end=\"2505\" \/>\n<h2 data-start=\"2507\" data-end=\"2541\"><strong data-start=\"2510\" data-end=\"2541\">Become Confident Underwater<\/strong><\/h2>\n<p data-start=\"2543\" data-end=\"2760\">The <strong data-start=\"2547\" data-end=\"2576\">Search &amp; Recovery Koh Tao<\/strong> specialty gives you valuable skills for real-life diving situations. You will leave the course with better problem-solving abilities and a stronger understanding of underwater safety.<\/p>\n<hr data-start=\"2762\" data-end=\"2765\" \/>\n","protected":false},"excerpt":{"rendered":"<p>Search &amp; Recovery Koh Tao \u2013 Learn Underwater Search Techniques The Search &amp; Recovery Koh Tao specialty teaches you how to locate and safely lift objects underwater using professional methods. This course is ideal for divers who want to gain confidence and solve real problem-solving scenarios beneath the surface. \ud83d\udc49 If you&#8217;re new to specialties,&#8230;<\/p>\n","protected":false},"featured_media":13286,"template":"","meta":[],"product_brand":[],"product_cat":[40],"product_tag":[],"class_list":{"0":"post-8404","1":"product","2":"type-product","3":"status-publish","4":"has-post-thumbnail","6":"product_cat-specialty","8":"first","9":"instock","10":"virtual","11":"purchasable","12":"product-type-simple"},"yoast_head":"<!-- This site is optimized with the Yoast SEO Premium plugin v26.0 (Yoast SEO v27.5) - https:\/\/yoast.com\/product\/yoast-seo-premium-wordpress\/ -->\n<title>Search and Recovery - The DiverSearch &amp; Recovery Koh Tao<\/title>\n<meta name=\"description\" content=\"Learn the SSI Search and Recovery Koh Tao course and master underwater and safe recovery techniques during real training dives.\" \/>\n<meta name=\"robots\" content=\"index, follow, max-snippet:-1, max-image-preview:large, max-video-preview:-1\" \/>\n<link rel=\"canonical\" href=\"https:\/\/thediversboat.com\/en\/product\/search-and-recovery-koh-tao\/\" \/>\n<meta property=\"og:locale\" content=\"en_US\" \/>\n<meta property=\"og:type\" content=\"article\" \/>\n<meta property=\"og:title\" content=\"Search &amp; Recovery\" \/>\n<meta property=\"og:description\" content=\"Learn the SSI Search and Recovery Koh Tao course and master underwater and safe recovery techniques during real training dives.\" \/>\n<meta property=\"og:url\" content=\"https:\/\/thediversboat.com\/en\/product\/search-and-recovery-koh-tao\/\" \/>\n<meta property=\"og:site_name\" content=\"The Divers Boat\" \/>\n<meta property=\"article:publisher\" content=\"https:\/\/www.facebook.com\/thediversboat\/\" \/>\n<meta property=\"article:modified_time\" content=\"2025-12-06T08:05:47+00:00\" \/>\n<meta property=\"og:image\" content=\"https:\/\/thediversboat.com\/wp-content\/uploads\/2022\/04\/Recherche-et-recuperation-Search-and-Recovery-1.jpg\" \/>\n\t<meta property=\"og:image:width\" content=\"1200\" \/>\n\t<meta property=\"og:image:height\" content=\"762\" \/>\n\t<meta property=\"og:image:type\" content=\"image\/jpeg\" \/>\n<meta name=\"twitter:card\" content=\"summary_large_image\" \/>\n<meta name=\"twitter:label1\" content=\"Est. reading time\" \/>\n\t<meta name=\"twitter:data1\" content=\"3 minutes\" \/>\n<script type=\"application\/ld+json\" class=\"yoast-schema-graph\">{\"@context\":\"https:\\\/\\\/schema.org\",\"@graph\":[{\"@type\":\"WebPage\",\"@id\":\"https:\\\/\\\/thediversboat.com\\\/en\\\/product\\\/search-and-recovery-koh-tao\\\/\",\"url\":\"https:\\\/\\\/thediversboat.com\\\/en\\\/product\\\/search-and-recovery-koh-tao\\\/\",\"name\":\"Search and Recovery - The DiverSearch & Recovery Koh Tao\",\"isPartOf\":{\"@id\":\"https:\\\/\\\/thediversboat.com\\\/en\\\/#website\"},\"primaryImageOfPage\":{\"@id\":\"https:\\\/\\\/thediversboat.com\\\/en\\\/product\\\/search-and-recovery-koh-tao\\\/#primaryimage\"},\"image\":{\"@id\":\"https:\\\/\\\/thediversboat.com\\\/en\\\/product\\\/search-and-recovery-koh-tao\\\/#primaryimage\"},\"thumbnailUrl\":\"https:\\\/\\\/thediversboat.com\\\/wp-content\\\/uploads\\\/2022\\\/04\\\/Recherche-et-recuperation-Search-and-Recovery-1.jpg\",\"datePublished\":\"2022-04-19T05:12:36+00:00\",\"dateModified\":\"2025-12-06T08:05:47+00:00\",\"description\":\"Learn the SSI Search and Recovery Koh Tao course and master underwater and safe recovery techniques during real training dives.\",\"breadcrumb\":{\"@id\":\"https:\\\/\\\/thediversboat.com\\\/en\\\/product\\\/search-and-recovery-koh-tao\\\/#breadcrumb\"},\"inLanguage\":\"en-US\",\"potentialAction\":[{\"@type\":\"ReadAction\",\"target\":[\"https:\\\/\\\/thediversboat.com\\\/en\\\/product\\\/search-and-recovery-koh-tao\\\/\"]}]},{\"@type\":\"ImageObject\",\"inLanguage\":\"en-US\",\"@id\":\"https:\\\/\\\/thediversboat.com\\\/en\\\/product\\\/search-and-recovery-koh-tao\\\/#primaryimage\",\"url\":\"https:\\\/\\\/thediversboat.com\\\/wp-content\\\/uploads\\\/2022\\\/04\\\/Recherche-et-recuperation-Search-and-Recovery-1.jpg\",\"contentUrl\":\"https:\\\/\\\/thediversboat.com\\\/wp-content\\\/uploads\\\/2022\\\/04\\\/Recherche-et-recuperation-Search-and-Recovery-1.jpg\",\"width\":1200,\"height\":762,\"caption\":\"Recherche et r\u00e9cup\u00e9ration (Search and Recovery)\"},{\"@type\":\"BreadcrumbList\",\"@id\":\"https:\\\/\\\/thediversboat.com\\\/en\\\/product\\\/search-and-recovery-koh-tao\\\/#breadcrumb\",\"itemListElement\":[{\"@type\":\"ListItem\",\"position\":1,\"name\":\"Home\",\"item\":\"https:\\\/\\\/thediversboat.com\\\/en\\\/\"},{\"@type\":\"ListItem\",\"position\":2,\"name\":\"Training\",\"item\":\"https:\\\/\\\/thediversboat.com\\\/en\\\/shop\\\/\"},{\"@type\":\"ListItem\",\"position\":3,\"name\":\"Search &#038; Recovery\"}]},{\"@type\":\"WebSite\",\"@id\":\"https:\\\/\\\/thediversboat.com\\\/en\\\/#website\",\"url\":\"https:\\\/\\\/thediversboat.com\\\/en\\\/\",\"name\":\"The Divers Boat\",\"description\":\"Centre de plong\u00e9e Fran\u00e7ais \u00e0 Koh Tao\",\"publisher\":{\"@id\":\"https:\\\/\\\/thediversboat.com\\\/en\\\/#organization\"},\"alternateName\":\"The Diver's Boat\",\"potentialAction\":[{\"@type\":\"SearchAction\",\"target\":{\"@type\":\"EntryPoint\",\"urlTemplate\":\"https:\\\/\\\/thediversboat.com\\\/en\\\/?s={search_term_string}\"},\"query-input\":{\"@type\":\"PropertyValueSpecification\",\"valueRequired\":true,\"valueName\":\"search_term_string\"}}],\"inLanguage\":\"en-US\"},{\"@type\":\"Organization\",\"@id\":\"https:\\\/\\\/thediversboat.com\\\/en\\\/#organization\",\"name\":\"Centre de plong\u00e9e Fran\u00e7ais \u00e0 Koh Tao\",\"alternateName\":\"Koh Tao France Plong\u00e9e\",\"url\":\"https:\\\/\\\/thediversboat.com\\\/en\\\/\",\"logo\":{\"@type\":\"ImageObject\",\"inLanguage\":\"en-US\",\"@id\":\"https:\\\/\\\/thediversboat.com\\\/en\\\/#\\\/schema\\\/logo\\\/image\\\/\",\"url\":\"https:\\\/\\\/thediversboat.com\\\/wp-content\\\/uploads\\\/2025\\\/08\\\/The-Divers-Boat-Koh-Tao-LOGO-scaled.png\",\"contentUrl\":\"https:\\\/\\\/thediversboat.com\\\/wp-content\\\/uploads\\\/2025\\\/08\\\/The-Divers-Boat-Koh-Tao-LOGO-scaled.png\",\"width\":2560,\"height\":2560,\"caption\":\"Centre de plong\u00e9e Fran\u00e7ais \u00e0 Koh Tao\"},\"image\":{\"@id\":\"https:\\\/\\\/thediversboat.com\\\/en\\\/#\\\/schema\\\/logo\\\/image\\\/\"},\"sameAs\":[\"https:\\\/\\\/www.facebook.com\\\/thediversboat\\\/\",\"https:\\\/\\\/www.instagram.com\\\/thediversboat\\\/\",\"https:\\\/\\\/www.youtube.com\\\/channel\\\/UCU_3MH0qcQnG2zWsStWl-7g\\\/\"],\"description\":\"The Divers Boat \u2013 L\u2019Aventure Sous-Marine \u00e0 Koh Tao Plongez au c\u0153ur des eaux cristallines de Koh Tao avec The Divers Boat, votre partenaire privil\u00e9gi\u00e9 pour des exp\u00e9riences de plong\u00e9e inoubliables. Que vous soyez d\u00e9butant ou plongeur exp\u00e9riment\u00e9, notre \u00e9quipe passionn\u00e9e et certifi\u00e9e vous accompagne dans la d\u00e9couverte des fonds marins les plus spectaculaires de Tha\u00eflande. Pour cela nous avons 2 bateaux a notre disposition.\",\"email\":\"diversboat@gmail.com\",\"telephone\":\"+66828149282\",\"legalName\":\"Bee'z Mom\",\"foundingDate\":\"2017-01-01\"}]}<\/script>\n<!-- \/ Yoast SEO Premium plugin. -->","yoast_head_json":{"title":"Search and Recovery - The DiverSearch & Recovery Koh Tao","description":"Learn the SSI Search and Recovery Koh Tao course and master underwater and safe recovery techniques during real training dives.","robots":{"index":"index","follow":"follow","max-snippet":"max-snippet:-1","max-image-preview":"max-image-preview:large","max-video-preview":"max-video-preview:-1"},"canonical":"https:\/\/thediversboat.com\/en\/product\/search-and-recovery-koh-tao\/","og_locale":"en_US","og_type":"article","og_title":"Search & Recovery","og_description":"Learn the SSI Search and Recovery Koh Tao course and master underwater and safe recovery techniques during real training dives.","og_url":"https:\/\/thediversboat.com\/en\/product\/search-and-recovery-koh-tao\/","og_site_name":"The Divers Boat","article_publisher":"https:\/\/www.facebook.com\/thediversboat\/","article_modified_time":"2025-12-06T08:05:47+00:00","og_image":[{"width":1200,"height":762,"url":"https:\/\/thediversboat.com\/wp-content\/uploads\/2022\/04\/Recherche-et-recuperation-Search-and-Recovery-1.jpg","type":"image\/jpeg"}],"twitter_card":"summary_large_image","twitter_misc":{"Est. reading time":"3 minutes"},"schema":{"@context":"https:\/\/schema.org","@graph":[{"@type":"WebPage","@id":"https:\/\/thediversboat.com\/en\/product\/search-and-recovery-koh-tao\/","url":"https:\/\/thediversboat.com\/en\/product\/search-and-recovery-koh-tao\/","name":"Search and Recovery - The DiverSearch & Recovery Koh Tao","isPartOf":{"@id":"https:\/\/thediversboat.com\/en\/#website"},"primaryImageOfPage":{"@id":"https:\/\/thediversboat.com\/en\/product\/search-and-recovery-koh-tao\/#primaryimage"},"image":{"@id":"https:\/\/thediversboat.com\/en\/product\/search-and-recovery-koh-tao\/#primaryimage"},"thumbnailUrl":"https:\/\/thediversboat.com\/wp-content\/uploads\/2022\/04\/Recherche-et-recuperation-Search-and-Recovery-1.jpg","datePublished":"2022-04-19T05:12:36+00:00","dateModified":"2025-12-06T08:05:47+00:00","description":"Learn the SSI Search and Recovery Koh Tao course and master underwater and safe recovery techniques during real training dives.","breadcrumb":{"@id":"https:\/\/thediversboat.com\/en\/product\/search-and-recovery-koh-tao\/#breadcrumb"},"inLanguage":"en-US","potentialAction":[{"@type":"ReadAction","target":["https:\/\/thediversboat.com\/en\/product\/search-and-recovery-koh-tao\/"]}]},{"@type":"ImageObject","inLanguage":"en-US","@id":"https:\/\/thediversboat.com\/en\/product\/search-and-recovery-koh-tao\/#primaryimage","url":"https:\/\/thediversboat.com\/wp-content\/uploads\/2022\/04\/Recherche-et-recuperation-Search-and-Recovery-1.jpg","contentUrl":"https:\/\/thediversboat.com\/wp-content\/uploads\/2022\/04\/Recherche-et-recuperation-Search-and-Recovery-1.jpg","width":1200,"height":762,"caption":"Recherche et r\u00e9cup\u00e9ration (Search and Recovery)"},{"@type":"BreadcrumbList","@id":"https:\/\/thediversboat.com\/en\/product\/search-and-recovery-koh-tao\/#breadcrumb","itemListElement":[{"@type":"ListItem","position":1,"name":"Home","item":"https:\/\/thediversboat.com\/en\/"},{"@type":"ListItem","position":2,"name":"Training","item":"https:\/\/thediversboat.com\/en\/shop\/"},{"@type":"ListItem","position":3,"name":"Search &#038; Recovery"}]},{"@type":"WebSite","@id":"https:\/\/thediversboat.com\/en\/#website","url":"https:\/\/thediversboat.com\/en\/","name":"The Divers Boat","description":"Centre de plong\u00e9e Fran\u00e7ais \u00e0 Koh Tao","publisher":{"@id":"https:\/\/thediversboat.com\/en\/#organization"},"alternateName":"The Diver's Boat","potentialAction":[{"@type":"SearchAction","target":{"@type":"EntryPoint","urlTemplate":"https:\/\/thediversboat.com\/en\/?s={search_term_string}"},"query-input":{"@type":"PropertyValueSpecification","valueRequired":true,"valueName":"search_term_string"}}],"inLanguage":"en-US"},{"@type":"Organization","@id":"https:\/\/thediversboat.com\/en\/#organization","name":"Centre de plong\u00e9e Fran\u00e7ais \u00e0 Koh Tao","alternateName":"Koh Tao France Plong\u00e9e","url":"https:\/\/thediversboat.com\/en\/","logo":{"@type":"ImageObject","inLanguage":"en-US","@id":"https:\/\/thediversboat.com\/en\/#\/schema\/logo\/image\/","url":"https:\/\/thediversboat.com\/wp-content\/uploads\/2025\/08\/The-Divers-Boat-Koh-Tao-LOGO-scaled.png","contentUrl":"https:\/\/thediversboat.com\/wp-content\/uploads\/2025\/08\/The-Divers-Boat-Koh-Tao-LOGO-scaled.png","width":2560,"height":2560,"caption":"Centre de plong\u00e9e Fran\u00e7ais \u00e0 Koh Tao"},"image":{"@id":"https:\/\/thediversboat.com\/en\/#\/schema\/logo\/image\/"},"sameAs":["https:\/\/www.facebook.com\/thediversboat\/","https:\/\/www.instagram.com\/thediversboat\/","https:\/\/www.youtube.com\/channel\/UCU_3MH0qcQnG2zWsStWl-7g\/"],"description":"The Divers Boat \u2013 L\u2019Aventure Sous-Marine \u00e0 Koh Tao Plongez au c\u0153ur des eaux cristallines de Koh Tao avec The Divers Boat, votre partenaire privil\u00e9gi\u00e9 pour des exp\u00e9riences de plong\u00e9e inoubliables. Que vous soyez d\u00e9butant ou plongeur exp\u00e9riment\u00e9, notre \u00e9quipe passionn\u00e9e et certifi\u00e9e vous accompagne dans la d\u00e9couverte des fonds marins les plus spectaculaires de Tha\u00eflande. Pour cela nous avons 2 bateaux a notre disposition.","email":"diversboat@gmail.com","telephone":"+66828149282","legalName":"Bee'z Mom","foundingDate":"2017-01-01"}]}},"_links":{"self":[{"href":"https:\/\/thediversboat.com\/en\/wp-json\/wp\/v2\/product\/8404","targetHints":{"allow":["GET"]}}],"collection":[{"href":"https:\/\/thediversboat.com\/en\/wp-json\/wp\/v2\/product"}],"about":[{"href":"https:\/\/thediversboat.com\/en\/wp-json\/wp\/v2\/types\/product"}],"wp:featuredmedia":[{"embeddable":true,"href":"https:\/\/thediversboat.com\/en\/wp-json\/wp\/v2\/media\/13286"}],"wp:attachment":[{"href":"https:\/\/thediversboat.com\/en\/wp-json\/wp\/v2\/media?parent=8404"}],"wp:term":[{"taxonomy":"product_brand","embeddable":true,"href":"https:\/\/thediversboat.com\/en\/wp-json\/wp\/v2\/product_brand?post=8404"},{"taxonomy":"product_cat","embeddable":true,"href":"https:\/\/thediversboat.com\/en\/wp-json\/wp\/v2\/product_cat?post=8404"},{"taxonomy":"product_tag","embeddable":true,"href":"https:\/\/thediversboat.com\/en\/wp-json\/wp\/v2\/product_tag?post=8404"}],"curies":[{"name":"wp","href":"https:\/\/api.w.org\/{rel}","templated":true}]}}