{"id":8402,"date":"2022-04-17T15:34:52","date_gmt":"2022-04-17T08:34:52","guid":{"rendered":"https:\/\/thediversboat.com\/wreck-diving\/"},"modified":"2025-12-06T15:45:39","modified_gmt":"2025-12-06T08:45:39","slug":"wreck-diving-koh-tao","status":"publish","type":"product","link":"https:\/\/thediversboat.com\/en\/product\/wreck-diving-koh-tao\/","title":{"rendered":"Wreck Diving"},"content":{"rendered":"<h1 data-start=\"345\" data-end=\"407\"><strong data-start=\"347\" data-end=\"407\">Wreck Diving Koh Tao \u2013 Explore Historic Underwater Sites<\/strong><\/h1>\n<p data-start=\"409\" data-end=\"686\">Many of the best dive sites include artificial reefs and old shipwrecks. These silent structures attract a high density of marine life and create unique underwater landscapes. <strong data-start=\"585\" data-end=\"598\">Therefore<\/strong>, if you want to explore them safely, <strong data-start=\"636\" data-end=\"660\">Wreck Diving Koh Tao<\/strong> is the perfect specialty.<\/p>\n<hr data-start=\"688\" data-end=\"691\" \/>\n<h2 data-start=\"693\" data-end=\"732\"><strong data-start=\"696\" data-end=\"732\">Why Choose Wreck Diving Koh Tao?<\/strong><\/h2>\n<p data-start=\"734\" data-end=\"1137\">Wreck diving offers a completely different experience from regular diving. <strong data-start=\"809\" data-end=\"824\">For example<\/strong>, you can retrace historic navigation routes and discover how humans once tried to conquer the oceans. <strong data-start=\"927\" data-end=\"939\">Moreover<\/strong>, wrecks shelter vibrant marine ecosystems that make every dive unforgettable. <strong data-start=\"1018\" data-end=\"1033\">As a result<\/strong>, the SSI Wreck Diving program with <em data-start=\"1069\" data-end=\"1087\">The Diver\u2019s Boat<\/em> gives you the skills to enjoy these sites safely.<\/p>\n<hr data-start=\"1139\" data-end=\"1142\" \/>\n<h2 data-start=\"1144\" data-end=\"1206\"><strong data-start=\"1147\" data-end=\"1206\">What You Learn During Your Wreck Diving Koh Tao Program<\/strong><\/h2>\n<p data-start=\"1208\" data-end=\"1341\">This one-day course includes theory, confined-water practice, and two open-water dives to 30 metres. <strong data-start=\"1309\" data-end=\"1330\">During the course<\/strong>, you will:<\/p>\n<ul data-start=\"1343\" data-end=\"1524\">\n<li data-start=\"1343\" data-end=\"1411\">\n<p data-start=\"1345\" data-end=\"1411\">learn how to navigate safely around wrecks and artificial reefs;<\/p>\n<\/li>\n<li data-start=\"1412\" data-end=\"1460\">\n<p data-start=\"1414\" data-end=\"1460\">improve your buoyancy and spatial awareness;<\/p>\n<\/li>\n<li data-start=\"1461\" data-end=\"1524\">\n<p data-start=\"1463\" data-end=\"1524\">and understand how to assess risks and plan safe wreck dives.<\/p>\n<\/li>\n<\/ul>\n<p data-start=\"1526\" data-end=\"1638\"><strong data-start=\"1526\" data-end=\"1541\">In addition<\/strong>, the program teaches responsible behaviour around wrecks to protect both divers and marine life.<\/p>\n<hr data-start=\"1640\" data-end=\"1643\" \/>\n<h2 data-start=\"1645\" data-end=\"1686\"><strong data-start=\"1648\" data-end=\"1686\">Training Flow and Practical Skills<\/strong><\/h2>\n<p data-start=\"1688\" data-end=\"1963\"><strong data-start=\"1688\" data-end=\"1697\">First<\/strong>, you review essential equipment and safety protocols.<br data-start=\"1751\" data-end=\"1754\" \/><strong data-start=\"1754\" data-end=\"1762\">Then<\/strong>, you practice skills in confined water to gain stability and control.<br data-start=\"1832\" data-end=\"1835\" \/><strong data-start=\"1835\" data-end=\"1846\">Finally<\/strong>, you complete two open-water dives where you apply approach techniques, search patterns, and safe ascent procedures.<\/p>\n<p data-start=\"1965\" data-end=\"2053\">Each step is progressive, <strong data-start=\"1991\" data-end=\"1997\">so<\/strong> you build confidence and competence throughout the day.<\/p>\n<hr data-start=\"2055\" data-end=\"2058\" \/>\n<h2 data-start=\"2060\" data-end=\"2101\"><strong data-start=\"2063\" data-end=\"2101\">Become a Certified SSI Wreck Diver<\/strong><\/h2>\n<p data-start=\"2103\" data-end=\"2399\">At the end of the training, you receive the <strong data-start=\"2147\" data-end=\"2181\">SSI Wreck Diving certification<\/strong>. <strong data-start=\"2183\" data-end=\"2196\">Therefore<\/strong>, you will feel confident exploring wrecks and artificial reefs responsibly. <strong data-start=\"2273\" data-end=\"2288\">In addition<\/strong>, this specialty enhances your overall diving skills and opens the door to more advanced underwater adventures.<\/p>\n","protected":false},"excerpt":{"rendered":"<p>Wreck Diving Koh Tao \u2013 Explore Historic Underwater Sites Many of the best dive sites include artificial reefs and old shipwrecks. These silent structures attract a high density of marine life and create unique underwater landscapes. Therefore, if you want to explore them safely, Wreck Diving Koh Tao is the perfect specialty. Why Choose Wreck&#8230;<\/p>\n","protected":false},"featured_media":13282,"template":"","meta":[],"product_brand":[],"product_cat":[40],"product_tag":[],"class_list":{"0":"post-8402","1":"product","2":"type-product","3":"status-publish","4":"has-post-thumbnail","6":"product_cat-specialty","8":"first","9":"instock","10":"virtual","11":"purchasable","12":"product-type-simple"},"yoast_head":"<!-- This site is optimized with the Yoast SEO Premium plugin v26.0 (Yoast SEO v27.5) - https:\/\/yoast.com\/product\/yoast-seo-premium-wordpress\/ -->\n<title>Wreck Diving - The Divers Boat<\/title>\n<meta name=\"description\" content=\"Discover Wreck Diving Koh Tao and learn how to explore underwater wrecks safely. Earn your SSI certification and enjoy an unforgettable diving adventure.\" \/>\n<meta name=\"robots\" content=\"index, follow, max-snippet:-1, max-image-preview:large, max-video-preview:-1\" \/>\n<link rel=\"canonical\" href=\"https:\/\/thediversboat.com\/en\/product\/wreck-diving-koh-tao\/\" \/>\n<meta property=\"og:locale\" content=\"en_US\" \/>\n<meta property=\"og:type\" content=\"article\" \/>\n<meta property=\"og:title\" content=\"Wreck Diving\" \/>\n<meta property=\"og:description\" content=\"Discover Wreck Diving Koh Tao and learn how to explore underwater wrecks safely. Earn your SSI certification and enjoy an unforgettable diving adventure.\" \/>\n<meta property=\"og:url\" content=\"https:\/\/thediversboat.com\/en\/product\/wreck-diving-koh-tao\/\" \/>\n<meta property=\"og:site_name\" content=\"The Divers Boat\" \/>\n<meta property=\"article:publisher\" content=\"https:\/\/www.facebook.com\/thediversboat\/\" \/>\n<meta property=\"article:modified_time\" content=\"2025-12-06T08:45:39+00:00\" \/>\n<meta property=\"og:image\" content=\"https:\/\/thediversboat.com\/wp-content\/uploads\/2022\/04\/Plongee-sur-epave-Wreck-Diving-1.jpg\" \/>\n\t<meta property=\"og:image:width\" content=\"1200\" \/>\n\t<meta property=\"og:image:height\" content=\"762\" \/>\n\t<meta property=\"og:image:type\" content=\"image\/jpeg\" \/>\n<meta name=\"twitter:card\" content=\"summary_large_image\" \/>\n<meta name=\"twitter:label1\" content=\"Est. reading time\" \/>\n\t<meta name=\"twitter:data1\" content=\"3 minutes\" \/>\n<script type=\"application\/ld+json\" class=\"yoast-schema-graph\">{\"@context\":\"https:\\\/\\\/schema.org\",\"@graph\":[{\"@type\":\"WebPage\",\"@id\":\"https:\\\/\\\/thediversboat.com\\\/en\\\/product\\\/wreck-diving-koh-tao\\\/\",\"url\":\"https:\\\/\\\/thediversboat.com\\\/en\\\/product\\\/wreck-diving-koh-tao\\\/\",\"name\":\"Wreck Diving - The Divers Boat\",\"isPartOf\":{\"@id\":\"https:\\\/\\\/thediversboat.com\\\/en\\\/#website\"},\"primaryImageOfPage\":{\"@id\":\"https:\\\/\\\/thediversboat.com\\\/en\\\/product\\\/wreck-diving-koh-tao\\\/#primaryimage\"},\"image\":{\"@id\":\"https:\\\/\\\/thediversboat.com\\\/en\\\/product\\\/wreck-diving-koh-tao\\\/#primaryimage\"},\"thumbnailUrl\":\"https:\\\/\\\/thediversboat.com\\\/wp-content\\\/uploads\\\/2022\\\/04\\\/Plongee-sur-epave-Wreck-Diving-1.jpg\",\"datePublished\":\"2022-04-17T08:34:52+00:00\",\"dateModified\":\"2025-12-06T08:45:39+00:00\",\"description\":\"Discover Wreck Diving Koh Tao and learn how to explore underwater wrecks safely. Earn your SSI certification and enjoy an unforgettable diving adventure.\",\"breadcrumb\":{\"@id\":\"https:\\\/\\\/thediversboat.com\\\/en\\\/product\\\/wreck-diving-koh-tao\\\/#breadcrumb\"},\"inLanguage\":\"en-US\",\"potentialAction\":[{\"@type\":\"ReadAction\",\"target\":[\"https:\\\/\\\/thediversboat.com\\\/en\\\/product\\\/wreck-diving-koh-tao\\\/\"]}]},{\"@type\":\"ImageObject\",\"inLanguage\":\"en-US\",\"@id\":\"https:\\\/\\\/thediversboat.com\\\/en\\\/product\\\/wreck-diving-koh-tao\\\/#primaryimage\",\"url\":\"https:\\\/\\\/thediversboat.com\\\/wp-content\\\/uploads\\\/2022\\\/04\\\/Plongee-sur-epave-Wreck-Diving-1.jpg\",\"contentUrl\":\"https:\\\/\\\/thediversboat.com\\\/wp-content\\\/uploads\\\/2022\\\/04\\\/Plongee-sur-epave-Wreck-Diving-1.jpg\",\"width\":1200,\"height\":762,\"caption\":\"Plong\u00e9e sur \u00e9pave (Wreck Diving)\"},{\"@type\":\"BreadcrumbList\",\"@id\":\"https:\\\/\\\/thediversboat.com\\\/en\\\/product\\\/wreck-diving-koh-tao\\\/#breadcrumb\",\"itemListElement\":[{\"@type\":\"ListItem\",\"position\":1,\"name\":\"Home\",\"item\":\"https:\\\/\\\/thediversboat.com\\\/en\\\/\"},{\"@type\":\"ListItem\",\"position\":2,\"name\":\"Training\",\"item\":\"https:\\\/\\\/thediversboat.com\\\/en\\\/shop\\\/\"},{\"@type\":\"ListItem\",\"position\":3,\"name\":\"Wreck Diving\"}]},{\"@type\":\"WebSite\",\"@id\":\"https:\\\/\\\/thediversboat.com\\\/en\\\/#website\",\"url\":\"https:\\\/\\\/thediversboat.com\\\/en\\\/\",\"name\":\"The Divers Boat\",\"description\":\"Centre de plong\u00e9e Fran\u00e7ais \u00e0 Koh Tao\",\"publisher\":{\"@id\":\"https:\\\/\\\/thediversboat.com\\\/en\\\/#organization\"},\"alternateName\":\"The Diver's Boat\",\"potentialAction\":[{\"@type\":\"SearchAction\",\"target\":{\"@type\":\"EntryPoint\",\"urlTemplate\":\"https:\\\/\\\/thediversboat.com\\\/en\\\/?s={search_term_string}\"},\"query-input\":{\"@type\":\"PropertyValueSpecification\",\"valueRequired\":true,\"valueName\":\"search_term_string\"}}],\"inLanguage\":\"en-US\"},{\"@type\":\"Organization\",\"@id\":\"https:\\\/\\\/thediversboat.com\\\/en\\\/#organization\",\"name\":\"Centre de plong\u00e9e Fran\u00e7ais \u00e0 Koh Tao\",\"alternateName\":\"Koh Tao France Plong\u00e9e\",\"url\":\"https:\\\/\\\/thediversboat.com\\\/en\\\/\",\"logo\":{\"@type\":\"ImageObject\",\"inLanguage\":\"en-US\",\"@id\":\"https:\\\/\\\/thediversboat.com\\\/en\\\/#\\\/schema\\\/logo\\\/image\\\/\",\"url\":\"https:\\\/\\\/thediversboat.com\\\/wp-content\\\/uploads\\\/2025\\\/08\\\/The-Divers-Boat-Koh-Tao-LOGO-scaled.png\",\"contentUrl\":\"https:\\\/\\\/thediversboat.com\\\/wp-content\\\/uploads\\\/2025\\\/08\\\/The-Divers-Boat-Koh-Tao-LOGO-scaled.png\",\"width\":2560,\"height\":2560,\"caption\":\"Centre de plong\u00e9e Fran\u00e7ais \u00e0 Koh Tao\"},\"image\":{\"@id\":\"https:\\\/\\\/thediversboat.com\\\/en\\\/#\\\/schema\\\/logo\\\/image\\\/\"},\"sameAs\":[\"https:\\\/\\\/www.facebook.com\\\/thediversboat\\\/\",\"https:\\\/\\\/www.instagram.com\\\/thediversboat\\\/\",\"https:\\\/\\\/www.youtube.com\\\/channel\\\/UCU_3MH0qcQnG2zWsStWl-7g\\\/\"],\"description\":\"The Divers Boat \u2013 L\u2019Aventure Sous-Marine \u00e0 Koh Tao Plongez au c\u0153ur des eaux cristallines de Koh Tao avec The Divers Boat, votre partenaire privil\u00e9gi\u00e9 pour des exp\u00e9riences de plong\u00e9e inoubliables. Que vous soyez d\u00e9butant ou plongeur exp\u00e9riment\u00e9, notre \u00e9quipe passionn\u00e9e et certifi\u00e9e vous accompagne dans la d\u00e9couverte des fonds marins les plus spectaculaires de Tha\u00eflande. Pour cela nous avons 2 bateaux a notre disposition.\",\"email\":\"diversboat@gmail.com\",\"telephone\":\"+66828149282\",\"legalName\":\"Bee'z Mom\",\"foundingDate\":\"2017-01-01\"}]}<\/script>\n<!-- \/ Yoast SEO Premium plugin. -->","yoast_head_json":{"title":"Wreck Diving - The Divers Boat","description":"Discover Wreck Diving Koh Tao and learn how to explore underwater wrecks safely. Earn your SSI certification and enjoy an unforgettable diving adventure.","robots":{"index":"index","follow":"follow","max-snippet":"max-snippet:-1","max-image-preview":"max-image-preview:large","max-video-preview":"max-video-preview:-1"},"canonical":"https:\/\/thediversboat.com\/en\/product\/wreck-diving-koh-tao\/","og_locale":"en_US","og_type":"article","og_title":"Wreck Diving","og_description":"Discover Wreck Diving Koh Tao and learn how to explore underwater wrecks safely. Earn your SSI certification and enjoy an unforgettable diving adventure.","og_url":"https:\/\/thediversboat.com\/en\/product\/wreck-diving-koh-tao\/","og_site_name":"The Divers Boat","article_publisher":"https:\/\/www.facebook.com\/thediversboat\/","article_modified_time":"2025-12-06T08:45:39+00:00","og_image":[{"width":1200,"height":762,"url":"https:\/\/thediversboat.com\/wp-content\/uploads\/2022\/04\/Plongee-sur-epave-Wreck-Diving-1.jpg","type":"image\/jpeg"}],"twitter_card":"summary_large_image","twitter_misc":{"Est. reading time":"3 minutes"},"schema":{"@context":"https:\/\/schema.org","@graph":[{"@type":"WebPage","@id":"https:\/\/thediversboat.com\/en\/product\/wreck-diving-koh-tao\/","url":"https:\/\/thediversboat.com\/en\/product\/wreck-diving-koh-tao\/","name":"Wreck Diving - The Divers Boat","isPartOf":{"@id":"https:\/\/thediversboat.com\/en\/#website"},"primaryImageOfPage":{"@id":"https:\/\/thediversboat.com\/en\/product\/wreck-diving-koh-tao\/#primaryimage"},"image":{"@id":"https:\/\/thediversboat.com\/en\/product\/wreck-diving-koh-tao\/#primaryimage"},"thumbnailUrl":"https:\/\/thediversboat.com\/wp-content\/uploads\/2022\/04\/Plongee-sur-epave-Wreck-Diving-1.jpg","datePublished":"2022-04-17T08:34:52+00:00","dateModified":"2025-12-06T08:45:39+00:00","description":"Discover Wreck Diving Koh Tao and learn how to explore underwater wrecks safely. Earn your SSI certification and enjoy an unforgettable diving adventure.","breadcrumb":{"@id":"https:\/\/thediversboat.com\/en\/product\/wreck-diving-koh-tao\/#breadcrumb"},"inLanguage":"en-US","potentialAction":[{"@type":"ReadAction","target":["https:\/\/thediversboat.com\/en\/product\/wreck-diving-koh-tao\/"]}]},{"@type":"ImageObject","inLanguage":"en-US","@id":"https:\/\/thediversboat.com\/en\/product\/wreck-diving-koh-tao\/#primaryimage","url":"https:\/\/thediversboat.com\/wp-content\/uploads\/2022\/04\/Plongee-sur-epave-Wreck-Diving-1.jpg","contentUrl":"https:\/\/thediversboat.com\/wp-content\/uploads\/2022\/04\/Plongee-sur-epave-Wreck-Diving-1.jpg","width":1200,"height":762,"caption":"Plong\u00e9e sur \u00e9pave (Wreck Diving)"},{"@type":"BreadcrumbList","@id":"https:\/\/thediversboat.com\/en\/product\/wreck-diving-koh-tao\/#breadcrumb","itemListElement":[{"@type":"ListItem","position":1,"name":"Home","item":"https:\/\/thediversboat.com\/en\/"},{"@type":"ListItem","position":2,"name":"Training","item":"https:\/\/thediversboat.com\/en\/shop\/"},{"@type":"ListItem","position":3,"name":"Wreck Diving"}]},{"@type":"WebSite","@id":"https:\/\/thediversboat.com\/en\/#website","url":"https:\/\/thediversboat.com\/en\/","name":"The Divers Boat","description":"Centre de plong\u00e9e Fran\u00e7ais \u00e0 Koh Tao","publisher":{"@id":"https:\/\/thediversboat.com\/en\/#organization"},"alternateName":"The Diver's Boat","potentialAction":[{"@type":"SearchAction","target":{"@type":"EntryPoint","urlTemplate":"https:\/\/thediversboat.com\/en\/?s={search_term_string}"},"query-input":{"@type":"PropertyValueSpecification","valueRequired":true,"valueName":"search_term_string"}}],"inLanguage":"en-US"},{"@type":"Organization","@id":"https:\/\/thediversboat.com\/en\/#organization","name":"Centre de plong\u00e9e Fran\u00e7ais \u00e0 Koh Tao","alternateName":"Koh Tao France Plong\u00e9e","url":"https:\/\/thediversboat.com\/en\/","logo":{"@type":"ImageObject","inLanguage":"en-US","@id":"https:\/\/thediversboat.com\/en\/#\/schema\/logo\/image\/","url":"https:\/\/thediversboat.com\/wp-content\/uploads\/2025\/08\/The-Divers-Boat-Koh-Tao-LOGO-scaled.png","contentUrl":"https:\/\/thediversboat.com\/wp-content\/uploads\/2025\/08\/The-Divers-Boat-Koh-Tao-LOGO-scaled.png","width":2560,"height":2560,"caption":"Centre de plong\u00e9e Fran\u00e7ais \u00e0 Koh Tao"},"image":{"@id":"https:\/\/thediversboat.com\/en\/#\/schema\/logo\/image\/"},"sameAs":["https:\/\/www.facebook.com\/thediversboat\/","https:\/\/www.instagram.com\/thediversboat\/","https:\/\/www.youtube.com\/channel\/UCU_3MH0qcQnG2zWsStWl-7g\/"],"description":"The Divers Boat \u2013 L\u2019Aventure Sous-Marine \u00e0 Koh Tao Plongez au c\u0153ur des eaux cristallines de Koh Tao avec The Divers Boat, votre partenaire privil\u00e9gi\u00e9 pour des exp\u00e9riences de plong\u00e9e inoubliables. Que vous soyez d\u00e9butant ou plongeur exp\u00e9riment\u00e9, notre \u00e9quipe passionn\u00e9e et certifi\u00e9e vous accompagne dans la d\u00e9couverte des fonds marins les plus spectaculaires de Tha\u00eflande. Pour cela nous avons 2 bateaux a notre disposition.","email":"diversboat@gmail.com","telephone":"+66828149282","legalName":"Bee'z Mom","foundingDate":"2017-01-01"}]}},"_links":{"self":[{"href":"https:\/\/thediversboat.com\/en\/wp-json\/wp\/v2\/product\/8402","targetHints":{"allow":["GET"]}}],"collection":[{"href":"https:\/\/thediversboat.com\/en\/wp-json\/wp\/v2\/product"}],"about":[{"href":"https:\/\/thediversboat.com\/en\/wp-json\/wp\/v2\/types\/product"}],"wp:featuredmedia":[{"embeddable":true,"href":"https:\/\/thediversboat.com\/en\/wp-json\/wp\/v2\/media\/13282"}],"wp:attachment":[{"href":"https:\/\/thediversboat.com\/en\/wp-json\/wp\/v2\/media?parent=8402"}],"wp:term":[{"taxonomy":"product_brand","embeddable":true,"href":"https:\/\/thediversboat.com\/en\/wp-json\/wp\/v2\/product_brand?post=8402"},{"taxonomy":"product_cat","embeddable":true,"href":"https:\/\/thediversboat.com\/en\/wp-json\/wp\/v2\/product_cat?post=8402"},{"taxonomy":"product_tag","embeddable":true,"href":"https:\/\/thediversboat.com\/en\/wp-json\/wp\/v2\/product_tag?post=8402"}],"curies":[{"name":"wp","href":"https:\/\/api.w.org\/{rel}","templated":true}]}}