{"id":8401,"date":"2022-04-17T15:30:12","date_gmt":"2022-04-17T08:30:12","guid":{"rendered":"https:\/\/thediversboat.com\/perfect-buoyancy\/"},"modified":"2025-12-06T16:05:35","modified_gmt":"2025-12-06T09:05:35","slug":"perfect-buoyancy-koh-tao","status":"publish","type":"product","link":"https:\/\/thediversboat.com\/en\/product\/perfect-buoyancy-koh-tao\/","title":{"rendered":"Perfect Buoyancy"},"content":{"rendered":"<h1 data-start=\"296\" data-end=\"362\">\u2b50 <strong data-start=\"300\" data-end=\"362\">Perfect Buoyancy Koh Tao \u2013 Improve Your Underwater Control<\/strong><\/h1>\n<hr data-start=\"642\" data-end=\"645\" \/>\n<p data-start=\"647\" data-end=\"1051\">Having <strong data-start=\"654\" data-end=\"674\">perfect buoyancy<\/strong> is essential for safe and enjoyable diving. From your very first dives, you may dream of gliding through the water like a fishstable, relaxed, and perfectly balanced. With the <strong data-start=\"852\" data-end=\"880\">Perfect Buoyancy Koh Tao<\/strong> course, you learn how to refine your position, control your movements, and move more efficiently underwater. As a result, each dive becomes smoother and more comfortable.<\/p>\n<hr data-start=\"1053\" data-end=\"1056\" \/>\n<h2 data-start=\"1058\" data-end=\"1115\">\ud83c\udfaf Why Choose the <strong data-start=\"1079\" data-end=\"1107\">Perfect Buoyancy Koh Tao<\/strong> Course?<\/h2>\n<p data-start=\"1117\" data-end=\"1431\">Improving your buoyancy instantly enhances your comfort, confidence, and safety. Moreover, you reduce your air consumption, protect the marine environment, and move more effortlessly under water. Therefore, the <strong data-start=\"1328\" data-end=\"1356\">Perfect Buoyancy Koh Tao<\/strong> specialty helps you become a more precise, responsible, and relaxed diver.<\/p>\n<p data-start=\"1433\" data-end=\"1597\">\ud83d\udd17<a href=\"https:\/\/www.divessi.com\"> <em data-start=\"1436\" data-end=\"1462\">Suggested external link:<\/em> SSI Perfect Buoyancy<\/a> <a href=\"https:\/\/thediversboat.com\/en\/product\/advanced-adventurer\/\">Advanced Open Water Course Koh Tao<\/a><\/p>\n<hr data-start=\"1599\" data-end=\"1602\" \/>\n<h2 data-start=\"1604\" data-end=\"1647\">\ud83d\udcd8 How the Perfect Buoyancy Course Works<\/h2>\n<p data-start=\"1649\" data-end=\"1720\">The <strong data-start=\"1653\" data-end=\"1681\">Perfect Buoyancy Koh Tao<\/strong> training lasts <strong data-start=\"1697\" data-end=\"1706\">1 day<\/strong> and includes:<\/p>\n<ul data-start=\"1722\" data-end=\"1916\">\n<li data-start=\"1722\" data-end=\"1753\">\n<p data-start=\"1724\" data-end=\"1753\"><strong data-start=\"1724\" data-end=\"1735\">2 dives<\/strong> up to 30 meters<\/p>\n<\/li>\n<li data-start=\"1754\" data-end=\"1784\">\n<p data-start=\"1756\" data-end=\"1784\">body-positioning exercises<\/p>\n<\/li>\n<li data-start=\"1785\" data-end=\"1818\">\n<p data-start=\"1787\" data-end=\"1818\">advanced breathing techniques<\/p>\n<\/li>\n<li data-start=\"1819\" data-end=\"1865\">\n<p data-start=\"1821\" data-end=\"1865\">personalised coaching from your instructor<\/p>\n<\/li>\n<li data-start=\"1866\" data-end=\"1916\">\n<p data-start=\"1868\" data-end=\"1916\">gradual improvement of your underwater control<\/p>\n<\/li>\n<\/ul>\n<p data-start=\"1918\" data-end=\"2029\">Thanks to this structured program, you quickly gain confidence and your dives become noticeably more enjoyable.<\/p>\n<hr data-start=\"2031\" data-end=\"2034\" \/>\n<h2 data-start=\"2036\" data-end=\"2061\">\ud83e\udd3f What You Will Learn<\/h2>\n<p data-start=\"2063\" data-end=\"2126\">During the <strong data-start=\"2074\" data-end=\"2102\">Perfect Buoyancy Koh Tao<\/strong> course, you will learn:<\/p>\n<ul data-start=\"2128\" data-end=\"2384\">\n<li data-start=\"2128\" data-end=\"2173\">\n<p data-start=\"2130\" data-end=\"2173\">how to improve your position in the water<\/p>\n<\/li>\n<li data-start=\"2174\" data-end=\"2212\">\n<p data-start=\"2176\" data-end=\"2212\">how to reduce your air consumption<\/p>\n<\/li>\n<li data-start=\"2213\" data-end=\"2268\">\n<p data-start=\"2215\" data-end=\"2268\">how to adjust your movements to protect marine life<\/p>\n<\/li>\n<li data-start=\"2269\" data-end=\"2320\">\n<p data-start=\"2271\" data-end=\"2320\">how to hover effortlessly and hold stable stops<\/p>\n<\/li>\n<li data-start=\"2321\" data-end=\"2384\">\n<p data-start=\"2323\" data-end=\"2384\">how to develop the skills needed for underwater photography<\/p>\n<\/li>\n<\/ul>\n<p data-start=\"2386\" data-end=\"2457\">Consequently, you become a more balanced, precise, and confident diver.<\/p>\n<hr data-start=\"2459\" data-end=\"2462\" \/>\n<h2 data-start=\"2464\" data-end=\"2514\">\ud83c\udf93 Earn Your PERFECT BUOYANCY SSI Certification<\/h2>\n<p data-start=\"2516\" data-end=\"2812\">At the end of the <strong data-start=\"2534\" data-end=\"2562\">Perfect Buoyancy Koh Tao<\/strong> program, you receive the <strong data-start=\"2588\" data-end=\"2612\">Perfect Buoyancy SSI<\/strong> certification. From then on, you will be able to float effortlessly, control your buoyancy with precision, and fully enjoy every underwater adventure\u2014whether in Koh Tao or anywhere else in the world.<\/p>\n","protected":false},"excerpt":{"rendered":"<p>\u2b50 Perfect Buoyancy Koh Tao \u2013 Improve Your Underwater Control Having perfect buoyancy is essential for safe and enjoyable diving. From your very first dives, you may dream of gliding through the water like a fishstable, relaxed, and perfectly balanced. With the Perfect Buoyancy Koh Tao course, you learn how to refine your position, control&#8230;<\/p>\n","protected":false},"featured_media":13280,"template":"","meta":[],"product_brand":[],"product_cat":[40],"product_tag":[],"class_list":{"0":"post-8401","1":"product","2":"type-product","3":"status-publish","4":"has-post-thumbnail","6":"product_cat-specialty","8":"first","9":"instock","10":"virtual","11":"purchasable","12":"product-type-simple"},"yoast_head":"<!-- This site is optimized with the Yoast SEO Premium plugin v26.0 (Yoast SEO v27.5) - https:\/\/yoast.com\/product\/yoast-seo-premium-wordpress\/ -->\n<title>Perfect Buoyancy Koh Tao<\/title>\n<meta name=\"description\" content=\"Improve your skills with the Perfect Buoyancy Koh Tao course. Gain better control, reduce air consumption, and enjoy more comfortable and eco-friendly.\" \/>\n<meta name=\"robots\" content=\"index, follow, max-snippet:-1, max-image-preview:large, max-video-preview:-1\" \/>\n<link rel=\"canonical\" href=\"https:\/\/thediversboat.com\/en\/product\/perfect-buoyancy-koh-tao\/\" \/>\n<meta property=\"og:locale\" content=\"en_US\" \/>\n<meta property=\"og:type\" content=\"article\" \/>\n<meta property=\"og:title\" content=\"Perfect Buoyancy\" \/>\n<meta property=\"og:description\" content=\"Improve your skills with the Perfect Buoyancy Koh Tao course. Gain better control, reduce air consumption, and enjoy more comfortable and eco-friendly.\" \/>\n<meta property=\"og:url\" content=\"https:\/\/thediversboat.com\/en\/product\/perfect-buoyancy-koh-tao\/\" \/>\n<meta property=\"og:site_name\" content=\"The Divers Boat\" \/>\n<meta property=\"article:publisher\" content=\"https:\/\/www.facebook.com\/thediversboat\/\" \/>\n<meta property=\"article:modified_time\" content=\"2025-12-06T09:05:35+00:00\" \/>\n<meta property=\"og:image\" content=\"https:\/\/thediversboat.com\/wp-content\/uploads\/2022\/04\/Flottabilite-parfaite-Perfect-Buoyancy-1.jpg\" \/>\n\t<meta property=\"og:image:width\" content=\"1200\" \/>\n\t<meta property=\"og:image:height\" content=\"762\" \/>\n\t<meta property=\"og:image:type\" content=\"image\/jpeg\" \/>\n<meta name=\"twitter:card\" content=\"summary_large_image\" \/>\n<meta name=\"twitter:label1\" content=\"Est. reading time\" \/>\n\t<meta name=\"twitter:data1\" content=\"3 minutes\" \/>\n<script type=\"application\/ld+json\" class=\"yoast-schema-graph\">{\"@context\":\"https:\\\/\\\/schema.org\",\"@graph\":[{\"@type\":\"WebPage\",\"@id\":\"https:\\\/\\\/thediversboat.com\\\/en\\\/product\\\/perfect-buoyancy-koh-tao\\\/\",\"url\":\"https:\\\/\\\/thediversboat.com\\\/en\\\/product\\\/perfect-buoyancy-koh-tao\\\/\",\"name\":\"Perfect Buoyancy Koh Tao\",\"isPartOf\":{\"@id\":\"https:\\\/\\\/thediversboat.com\\\/en\\\/#website\"},\"primaryImageOfPage\":{\"@id\":\"https:\\\/\\\/thediversboat.com\\\/en\\\/product\\\/perfect-buoyancy-koh-tao\\\/#primaryimage\"},\"image\":{\"@id\":\"https:\\\/\\\/thediversboat.com\\\/en\\\/product\\\/perfect-buoyancy-koh-tao\\\/#primaryimage\"},\"thumbnailUrl\":\"https:\\\/\\\/thediversboat.com\\\/wp-content\\\/uploads\\\/2022\\\/04\\\/Flottabilite-parfaite-Perfect-Buoyancy-1.jpg\",\"datePublished\":\"2022-04-17T08:30:12+00:00\",\"dateModified\":\"2025-12-06T09:05:35+00:00\",\"description\":\"Improve your skills with the Perfect Buoyancy Koh Tao course. Gain better control, reduce air consumption, and enjoy more comfortable and eco-friendly.\",\"breadcrumb\":{\"@id\":\"https:\\\/\\\/thediversboat.com\\\/en\\\/product\\\/perfect-buoyancy-koh-tao\\\/#breadcrumb\"},\"inLanguage\":\"en-US\",\"potentialAction\":[{\"@type\":\"ReadAction\",\"target\":[\"https:\\\/\\\/thediversboat.com\\\/en\\\/product\\\/perfect-buoyancy-koh-tao\\\/\"]}]},{\"@type\":\"ImageObject\",\"inLanguage\":\"en-US\",\"@id\":\"https:\\\/\\\/thediversboat.com\\\/en\\\/product\\\/perfect-buoyancy-koh-tao\\\/#primaryimage\",\"url\":\"https:\\\/\\\/thediversboat.com\\\/wp-content\\\/uploads\\\/2022\\\/04\\\/Flottabilite-parfaite-Perfect-Buoyancy-1.jpg\",\"contentUrl\":\"https:\\\/\\\/thediversboat.com\\\/wp-content\\\/uploads\\\/2022\\\/04\\\/Flottabilite-parfaite-Perfect-Buoyancy-1.jpg\",\"width\":1200,\"height\":762,\"caption\":\"Flottabilit\u00e9 parfaite (Perfect Buoyancy)\"},{\"@type\":\"BreadcrumbList\",\"@id\":\"https:\\\/\\\/thediversboat.com\\\/en\\\/product\\\/perfect-buoyancy-koh-tao\\\/#breadcrumb\",\"itemListElement\":[{\"@type\":\"ListItem\",\"position\":1,\"name\":\"Home\",\"item\":\"https:\\\/\\\/thediversboat.com\\\/en\\\/\"},{\"@type\":\"ListItem\",\"position\":2,\"name\":\"Training\",\"item\":\"https:\\\/\\\/thediversboat.com\\\/en\\\/shop\\\/\"},{\"@type\":\"ListItem\",\"position\":3,\"name\":\"Perfect Buoyancy\"}]},{\"@type\":\"WebSite\",\"@id\":\"https:\\\/\\\/thediversboat.com\\\/en\\\/#website\",\"url\":\"https:\\\/\\\/thediversboat.com\\\/en\\\/\",\"name\":\"The Divers Boat\",\"description\":\"Centre de plong\u00e9e Fran\u00e7ais \u00e0 Koh Tao\",\"publisher\":{\"@id\":\"https:\\\/\\\/thediversboat.com\\\/en\\\/#organization\"},\"alternateName\":\"The Diver's Boat\",\"potentialAction\":[{\"@type\":\"SearchAction\",\"target\":{\"@type\":\"EntryPoint\",\"urlTemplate\":\"https:\\\/\\\/thediversboat.com\\\/en\\\/?s={search_term_string}\"},\"query-input\":{\"@type\":\"PropertyValueSpecification\",\"valueRequired\":true,\"valueName\":\"search_term_string\"}}],\"inLanguage\":\"en-US\"},{\"@type\":\"Organization\",\"@id\":\"https:\\\/\\\/thediversboat.com\\\/en\\\/#organization\",\"name\":\"Centre de plong\u00e9e Fran\u00e7ais \u00e0 Koh Tao\",\"alternateName\":\"Koh Tao France Plong\u00e9e\",\"url\":\"https:\\\/\\\/thediversboat.com\\\/en\\\/\",\"logo\":{\"@type\":\"ImageObject\",\"inLanguage\":\"en-US\",\"@id\":\"https:\\\/\\\/thediversboat.com\\\/en\\\/#\\\/schema\\\/logo\\\/image\\\/\",\"url\":\"https:\\\/\\\/thediversboat.com\\\/wp-content\\\/uploads\\\/2025\\\/08\\\/The-Divers-Boat-Koh-Tao-LOGO-scaled.png\",\"contentUrl\":\"https:\\\/\\\/thediversboat.com\\\/wp-content\\\/uploads\\\/2025\\\/08\\\/The-Divers-Boat-Koh-Tao-LOGO-scaled.png\",\"width\":2560,\"height\":2560,\"caption\":\"Centre de plong\u00e9e Fran\u00e7ais \u00e0 Koh Tao\"},\"image\":{\"@id\":\"https:\\\/\\\/thediversboat.com\\\/en\\\/#\\\/schema\\\/logo\\\/image\\\/\"},\"sameAs\":[\"https:\\\/\\\/www.facebook.com\\\/thediversboat\\\/\",\"https:\\\/\\\/www.instagram.com\\\/thediversboat\\\/\",\"https:\\\/\\\/www.youtube.com\\\/channel\\\/UCU_3MH0qcQnG2zWsStWl-7g\\\/\"],\"description\":\"The Divers Boat \u2013 L\u2019Aventure Sous-Marine \u00e0 Koh Tao Plongez au c\u0153ur des eaux cristallines de Koh Tao avec The Divers Boat, votre partenaire privil\u00e9gi\u00e9 pour des exp\u00e9riences de plong\u00e9e inoubliables. Que vous soyez d\u00e9butant ou plongeur exp\u00e9riment\u00e9, notre \u00e9quipe passionn\u00e9e et certifi\u00e9e vous accompagne dans la d\u00e9couverte des fonds marins les plus spectaculaires de Tha\u00eflande. Pour cela nous avons 2 bateaux a notre disposition.\",\"email\":\"diversboat@gmail.com\",\"telephone\":\"+66828149282\",\"legalName\":\"Bee'z Mom\",\"foundingDate\":\"2017-01-01\"}]}<\/script>\n<!-- \/ Yoast SEO Premium plugin. -->","yoast_head_json":{"title":"Perfect Buoyancy Koh Tao","description":"Improve your skills with the Perfect Buoyancy Koh Tao course. Gain better control, reduce air consumption, and enjoy more comfortable and eco-friendly.","robots":{"index":"index","follow":"follow","max-snippet":"max-snippet:-1","max-image-preview":"max-image-preview:large","max-video-preview":"max-video-preview:-1"},"canonical":"https:\/\/thediversboat.com\/en\/product\/perfect-buoyancy-koh-tao\/","og_locale":"en_US","og_type":"article","og_title":"Perfect Buoyancy","og_description":"Improve your skills with the Perfect Buoyancy Koh Tao course. Gain better control, reduce air consumption, and enjoy more comfortable and eco-friendly.","og_url":"https:\/\/thediversboat.com\/en\/product\/perfect-buoyancy-koh-tao\/","og_site_name":"The Divers Boat","article_publisher":"https:\/\/www.facebook.com\/thediversboat\/","article_modified_time":"2025-12-06T09:05:35+00:00","og_image":[{"width":1200,"height":762,"url":"https:\/\/thediversboat.com\/wp-content\/uploads\/2022\/04\/Flottabilite-parfaite-Perfect-Buoyancy-1.jpg","type":"image\/jpeg"}],"twitter_card":"summary_large_image","twitter_misc":{"Est. reading time":"3 minutes"},"schema":{"@context":"https:\/\/schema.org","@graph":[{"@type":"WebPage","@id":"https:\/\/thediversboat.com\/en\/product\/perfect-buoyancy-koh-tao\/","url":"https:\/\/thediversboat.com\/en\/product\/perfect-buoyancy-koh-tao\/","name":"Perfect Buoyancy Koh Tao","isPartOf":{"@id":"https:\/\/thediversboat.com\/en\/#website"},"primaryImageOfPage":{"@id":"https:\/\/thediversboat.com\/en\/product\/perfect-buoyancy-koh-tao\/#primaryimage"},"image":{"@id":"https:\/\/thediversboat.com\/en\/product\/perfect-buoyancy-koh-tao\/#primaryimage"},"thumbnailUrl":"https:\/\/thediversboat.com\/wp-content\/uploads\/2022\/04\/Flottabilite-parfaite-Perfect-Buoyancy-1.jpg","datePublished":"2022-04-17T08:30:12+00:00","dateModified":"2025-12-06T09:05:35+00:00","description":"Improve your skills with the Perfect Buoyancy Koh Tao course. Gain better control, reduce air consumption, and enjoy more comfortable and eco-friendly.","breadcrumb":{"@id":"https:\/\/thediversboat.com\/en\/product\/perfect-buoyancy-koh-tao\/#breadcrumb"},"inLanguage":"en-US","potentialAction":[{"@type":"ReadAction","target":["https:\/\/thediversboat.com\/en\/product\/perfect-buoyancy-koh-tao\/"]}]},{"@type":"ImageObject","inLanguage":"en-US","@id":"https:\/\/thediversboat.com\/en\/product\/perfect-buoyancy-koh-tao\/#primaryimage","url":"https:\/\/thediversboat.com\/wp-content\/uploads\/2022\/04\/Flottabilite-parfaite-Perfect-Buoyancy-1.jpg","contentUrl":"https:\/\/thediversboat.com\/wp-content\/uploads\/2022\/04\/Flottabilite-parfaite-Perfect-Buoyancy-1.jpg","width":1200,"height":762,"caption":"Flottabilit\u00e9 parfaite (Perfect Buoyancy)"},{"@type":"BreadcrumbList","@id":"https:\/\/thediversboat.com\/en\/product\/perfect-buoyancy-koh-tao\/#breadcrumb","itemListElement":[{"@type":"ListItem","position":1,"name":"Home","item":"https:\/\/thediversboat.com\/en\/"},{"@type":"ListItem","position":2,"name":"Training","item":"https:\/\/thediversboat.com\/en\/shop\/"},{"@type":"ListItem","position":3,"name":"Perfect Buoyancy"}]},{"@type":"WebSite","@id":"https:\/\/thediversboat.com\/en\/#website","url":"https:\/\/thediversboat.com\/en\/","name":"The Divers Boat","description":"Centre de plong\u00e9e Fran\u00e7ais \u00e0 Koh Tao","publisher":{"@id":"https:\/\/thediversboat.com\/en\/#organization"},"alternateName":"The Diver's Boat","potentialAction":[{"@type":"SearchAction","target":{"@type":"EntryPoint","urlTemplate":"https:\/\/thediversboat.com\/en\/?s={search_term_string}"},"query-input":{"@type":"PropertyValueSpecification","valueRequired":true,"valueName":"search_term_string"}}],"inLanguage":"en-US"},{"@type":"Organization","@id":"https:\/\/thediversboat.com\/en\/#organization","name":"Centre de plong\u00e9e Fran\u00e7ais \u00e0 Koh Tao","alternateName":"Koh Tao France Plong\u00e9e","url":"https:\/\/thediversboat.com\/en\/","logo":{"@type":"ImageObject","inLanguage":"en-US","@id":"https:\/\/thediversboat.com\/en\/#\/schema\/logo\/image\/","url":"https:\/\/thediversboat.com\/wp-content\/uploads\/2025\/08\/The-Divers-Boat-Koh-Tao-LOGO-scaled.png","contentUrl":"https:\/\/thediversboat.com\/wp-content\/uploads\/2025\/08\/The-Divers-Boat-Koh-Tao-LOGO-scaled.png","width":2560,"height":2560,"caption":"Centre de plong\u00e9e Fran\u00e7ais \u00e0 Koh Tao"},"image":{"@id":"https:\/\/thediversboat.com\/en\/#\/schema\/logo\/image\/"},"sameAs":["https:\/\/www.facebook.com\/thediversboat\/","https:\/\/www.instagram.com\/thediversboat\/","https:\/\/www.youtube.com\/channel\/UCU_3MH0qcQnG2zWsStWl-7g\/"],"description":"The Divers Boat \u2013 L\u2019Aventure Sous-Marine \u00e0 Koh Tao Plongez au c\u0153ur des eaux cristallines de Koh Tao avec The Divers Boat, votre partenaire privil\u00e9gi\u00e9 pour des exp\u00e9riences de plong\u00e9e inoubliables. Que vous soyez d\u00e9butant ou plongeur exp\u00e9riment\u00e9, notre \u00e9quipe passionn\u00e9e et certifi\u00e9e vous accompagne dans la d\u00e9couverte des fonds marins les plus spectaculaires de Tha\u00eflande. Pour cela nous avons 2 bateaux a notre disposition.","email":"diversboat@gmail.com","telephone":"+66828149282","legalName":"Bee'z Mom","foundingDate":"2017-01-01"}]}},"_links":{"self":[{"href":"https:\/\/thediversboat.com\/en\/wp-json\/wp\/v2\/product\/8401","targetHints":{"allow":["GET"]}}],"collection":[{"href":"https:\/\/thediversboat.com\/en\/wp-json\/wp\/v2\/product"}],"about":[{"href":"https:\/\/thediversboat.com\/en\/wp-json\/wp\/v2\/types\/product"}],"wp:featuredmedia":[{"embeddable":true,"href":"https:\/\/thediversboat.com\/en\/wp-json\/wp\/v2\/media\/13280"}],"wp:attachment":[{"href":"https:\/\/thediversboat.com\/en\/wp-json\/wp\/v2\/media?parent=8401"}],"wp:term":[{"taxonomy":"product_brand","embeddable":true,"href":"https:\/\/thediversboat.com\/en\/wp-json\/wp\/v2\/product_brand?post=8401"},{"taxonomy":"product_cat","embeddable":true,"href":"https:\/\/thediversboat.com\/en\/wp-json\/wp\/v2\/product_cat?post=8401"},{"taxonomy":"product_tag","embeddable":true,"href":"https:\/\/thediversboat.com\/en\/wp-json\/wp\/v2\/product_tag?post=8401"}],"curies":[{"name":"wp","href":"https:\/\/api.w.org\/{rel}","templated":true}]}}