{"id":8400,"date":"2022-04-17T15:26:17","date_gmt":"2022-04-17T08:26:17","guid":{"rendered":"https:\/\/thediversboat.com\/navigation\/"},"modified":"2025-12-06T17:03:44","modified_gmt":"2025-12-06T10:03:44","slug":"navigation-koh-tao","status":"publish","type":"product","link":"https:\/\/thediversboat.com\/en\/product\/navigation-koh-tao\/","title":{"rendered":"Navigation"},"content":{"rendered":"<h1 data-start=\"181\" data-end=\"239\">\u2b50 <strong data-start=\"185\" data-end=\"239\">Navigation Koh Tao \u2013 Become Independent Underwater<\/strong><\/h1>\n<p data-start=\"241\" data-end=\"521\">Exploring dive sites is amazing, but do you know how to <strong data-start=\"297\" data-end=\"349\">find your way underwater without your instructor<\/strong>? The <strong data-start=\"355\" data-end=\"377\">Navigation Koh Tao<\/strong> course helps you gain autonomy, navigate confidently, and explore safely. <strong data-start=\"452\" data-end=\"467\">As a result<\/strong>, you can fully enjoy your dives without getting lost.<\/p>\n<hr data-start=\"523\" data-end=\"526\" \/>\n<h2 data-start=\"528\" data-end=\"577\">\ud83c\udfaf Why Take the <strong data-start=\"547\" data-end=\"569\">Navigation Koh Tao<\/strong> Course?<\/h2>\n<p data-start=\"579\" data-end=\"890\">Underwater navigation is essential for diver safety and efficiency. With this specialty, you will learn how to use different tools and techniques to orient yourself, return to your starting point, and explore confidently. <strong data-start=\"801\" data-end=\"813\">Moreover<\/strong>, these skills enhance your observation and situational awareness underwater.<\/p>\n<p data-start=\"892\" data-end=\"1034\"><a href=\"https:\/\/www.divessi.com\/en\/advanced-training\/scuba-diving\/navigation\">SSI Navigation Specialty<\/a> \u2013 <a class=\"decorated-link\" href=\"https:\/\/www.divessi.com\" target=\"_new\" rel=\"noopener\" data-start=\"949\" data-end=\"972\">https:\/\/www.divessi.com<\/a><\/p>\n<p data-start=\"892\" data-end=\"1034\"><a href=\"https:\/\/thediversboat.com\/en\/product\/advanced-open-water\/\">Advanced Diver Course Koh Tao<\/a><\/p>\n<hr data-start=\"1036\" data-end=\"1039\" \/>\n<h2 data-start=\"1041\" data-end=\"1088\">\ud83d\udcd8 Course Structure \u2013 <strong data-start=\"1066\" data-end=\"1088\">Navigation Koh Tao<\/strong><\/h2>\n<p data-start=\"1090\" data-end=\"1155\">The <strong data-start=\"1094\" data-end=\"1116\">Navigation Koh Tao<\/strong> training lasts <strong data-start=\"1132\" data-end=\"1141\">1 day<\/strong> and includes:<\/p>\n<ul data-start=\"1157\" data-end=\"1410\">\n<li data-start=\"1157\" data-end=\"1197\">\n<p data-start=\"1159\" data-end=\"1197\"><strong data-start=\"1159\" data-end=\"1179\">2 training dives<\/strong> up to 30 meters<\/p>\n<\/li>\n<li data-start=\"1198\" data-end=\"1241\">\n<p data-start=\"1200\" data-end=\"1241\">Introduction to basic navigation models<\/p>\n<\/li>\n<li data-start=\"1242\" data-end=\"1301\">\n<p data-start=\"1244\" data-end=\"1301\">Use of a dive compass and natural navigation techniques<\/p>\n<\/li>\n<li data-start=\"1302\" data-end=\"1358\">\n<p data-start=\"1304\" data-end=\"1358\">Exercises to reach and return from designated points<\/p>\n<\/li>\n<li data-start=\"1359\" data-end=\"1410\">\n<p data-start=\"1361\" data-end=\"1410\">Practice to perfect your underwater orientation<\/p>\n<\/li>\n<\/ul>\n<p data-start=\"1412\" data-end=\"1498\"><strong data-start=\"1412\" data-end=\"1436\">Through this program<\/strong>, you become more independent and confident during every dive.<\/p>\n<hr data-start=\"1500\" data-end=\"1503\" \/>\n<h2 data-start=\"1505\" data-end=\"1530\">\ud83e\udd3f What You Will Learn<\/h2>\n<p data-start=\"1532\" data-end=\"1596\">During the <strong data-start=\"1543\" data-end=\"1565\">Navigation Koh Tao<\/strong> course, you will learn how to:<\/p>\n<ul data-start=\"1598\" data-end=\"1802\">\n<li data-start=\"1598\" data-end=\"1659\">\n<p data-start=\"1600\" data-end=\"1659\">Master the dive compass and natural navigation techniques<\/p>\n<\/li>\n<li data-start=\"1660\" data-end=\"1710\">\n<p data-start=\"1662\" data-end=\"1710\">Estimate distances and locate reference points<\/p>\n<\/li>\n<li data-start=\"1711\" data-end=\"1757\">\n<p data-start=\"1713\" data-end=\"1757\">Navigate safely and confidently underwater<\/p>\n<\/li>\n<li data-start=\"1758\" data-end=\"1802\">\n<p data-start=\"1760\" data-end=\"1802\">Improve observation and awareness skills<\/p>\n<\/li>\n<\/ul>\n<p data-start=\"1804\" data-end=\"1872\"><strong data-start=\"1804\" data-end=\"1820\">Consequently<\/strong>, you increase your autonomy and safety under water.<\/p>\n<hr data-start=\"1874\" data-end=\"1877\" \/>\n<h2 data-start=\"1879\" data-end=\"1923\">\ud83c\udf93 Earn Your SSI Navigation Certification<\/h2>\n<p data-start=\"1925\" data-end=\"2165\">At the end of the <strong data-start=\"1943\" data-end=\"1965\">Navigation Koh Tao<\/strong> program, you will receive the <strong data-start=\"1996\" data-end=\"2028\">SSI Navigation Certification<\/strong>. <strong data-start=\"2030\" data-end=\"2046\">From then on<\/strong>, you will be able to guide dives, explore new sites, and fully enjoy your underwater adventures with THE DIVERS BOAT.<\/p>\n","protected":false},"excerpt":{"rendered":"<p>\u2b50 Navigation Koh Tao \u2013 Become Independent Underwater Exploring dive sites is amazing, but do you know how to find your way underwater without your instructor? The Navigation Koh Tao course helps you gain autonomy, navigate confidently, and explore safely. As a result, you can fully enjoy your dives without getting lost. \ud83c\udfaf Why Take&#8230;<\/p>\n","protected":false},"featured_media":13278,"template":"","meta":[],"product_brand":[],"product_cat":[40],"product_tag":[],"class_list":{"0":"post-8400","1":"product","2":"type-product","3":"status-publish","4":"has-post-thumbnail","6":"product_cat-specialty","8":"first","9":"instock","10":"virtual","11":"purchasable","12":"product-type-simple"},"yoast_head":"<!-- This site is optimized with the Yoast SEO Premium plugin v26.0 (Yoast SEO v27.5) - https:\/\/yoast.com\/product\/yoast-seo-premium-wordpress\/ -->\n<title>Navigation - The Divers Boat<\/title>\n<meta name=\"description\" content=\"Sign up for the Koh Tao Navigation certification and learn how to dive safely. Your aquatic adventure awaits!\" \/>\n<meta name=\"robots\" content=\"index, follow, max-snippet:-1, max-image-preview:large, max-video-preview:-1\" \/>\n<link rel=\"canonical\" href=\"https:\/\/thediversboat.com\/en\/product\/navigation-koh-tao\/\" \/>\n<meta property=\"og:locale\" content=\"en_US\" \/>\n<meta property=\"og:type\" content=\"article\" \/>\n<meta property=\"og:title\" content=\"Navigation\" \/>\n<meta property=\"og:description\" content=\"Sign up for the Koh Tao Navigation certification and learn how to dive safely. Your aquatic adventure awaits!\" \/>\n<meta property=\"og:url\" content=\"https:\/\/thediversboat.com\/en\/product\/navigation-koh-tao\/\" \/>\n<meta property=\"og:site_name\" content=\"The Divers Boat\" \/>\n<meta property=\"article:publisher\" content=\"https:\/\/www.facebook.com\/thediversboat\/\" \/>\n<meta property=\"article:modified_time\" content=\"2025-12-06T10:03:44+00:00\" \/>\n<meta property=\"og:image\" content=\"https:\/\/thediversboat.com\/wp-content\/uploads\/2022\/04\/Navigation-Specialty-Diver-1.jpg\" \/>\n\t<meta property=\"og:image:width\" content=\"1200\" \/>\n\t<meta property=\"og:image:height\" content=\"762\" \/>\n\t<meta property=\"og:image:type\" content=\"image\/jpeg\" \/>\n<meta name=\"twitter:card\" content=\"summary_large_image\" \/>\n<meta name=\"twitter:label1\" content=\"Est. reading time\" \/>\n\t<meta name=\"twitter:data1\" content=\"3 minutes\" \/>\n<script type=\"application\/ld+json\" class=\"yoast-schema-graph\">{\"@context\":\"https:\\\/\\\/schema.org\",\"@graph\":[{\"@type\":\"WebPage\",\"@id\":\"https:\\\/\\\/thediversboat.com\\\/en\\\/product\\\/navigation-koh-tao\\\/\",\"url\":\"https:\\\/\\\/thediversboat.com\\\/en\\\/product\\\/navigation-koh-tao\\\/\",\"name\":\"Navigation - The Divers Boat\",\"isPartOf\":{\"@id\":\"https:\\\/\\\/thediversboat.com\\\/en\\\/#website\"},\"primaryImageOfPage\":{\"@id\":\"https:\\\/\\\/thediversboat.com\\\/en\\\/product\\\/navigation-koh-tao\\\/#primaryimage\"},\"image\":{\"@id\":\"https:\\\/\\\/thediversboat.com\\\/en\\\/product\\\/navigation-koh-tao\\\/#primaryimage\"},\"thumbnailUrl\":\"https:\\\/\\\/thediversboat.com\\\/wp-content\\\/uploads\\\/2022\\\/04\\\/Navigation-Specialty-Diver-1.jpg\",\"datePublished\":\"2022-04-17T08:26:17+00:00\",\"dateModified\":\"2025-12-06T10:03:44+00:00\",\"description\":\"Sign up for the Koh Tao Navigation certification and learn how to dive safely. Your aquatic adventure awaits!\",\"breadcrumb\":{\"@id\":\"https:\\\/\\\/thediversboat.com\\\/en\\\/product\\\/navigation-koh-tao\\\/#breadcrumb\"},\"inLanguage\":\"en-US\",\"potentialAction\":[{\"@type\":\"ReadAction\",\"target\":[\"https:\\\/\\\/thediversboat.com\\\/en\\\/product\\\/navigation-koh-tao\\\/\"]}]},{\"@type\":\"ImageObject\",\"inLanguage\":\"en-US\",\"@id\":\"https:\\\/\\\/thediversboat.com\\\/en\\\/product\\\/navigation-koh-tao\\\/#primaryimage\",\"url\":\"https:\\\/\\\/thediversboat.com\\\/wp-content\\\/uploads\\\/2022\\\/04\\\/Navigation-Specialty-Diver-1.jpg\",\"contentUrl\":\"https:\\\/\\\/thediversboat.com\\\/wp-content\\\/uploads\\\/2022\\\/04\\\/Navigation-Specialty-Diver-1.jpg\",\"width\":1200,\"height\":762,\"caption\":\"Navigation Specialty Diver\"},{\"@type\":\"BreadcrumbList\",\"@id\":\"https:\\\/\\\/thediversboat.com\\\/en\\\/product\\\/navigation-koh-tao\\\/#breadcrumb\",\"itemListElement\":[{\"@type\":\"ListItem\",\"position\":1,\"name\":\"Home\",\"item\":\"https:\\\/\\\/thediversboat.com\\\/en\\\/\"},{\"@type\":\"ListItem\",\"position\":2,\"name\":\"Training\",\"item\":\"https:\\\/\\\/thediversboat.com\\\/en\\\/shop\\\/\"},{\"@type\":\"ListItem\",\"position\":3,\"name\":\"Navigation\"}]},{\"@type\":\"WebSite\",\"@id\":\"https:\\\/\\\/thediversboat.com\\\/en\\\/#website\",\"url\":\"https:\\\/\\\/thediversboat.com\\\/en\\\/\",\"name\":\"The Divers Boat\",\"description\":\"Centre de plong\u00e9e Fran\u00e7ais \u00e0 Koh Tao\",\"publisher\":{\"@id\":\"https:\\\/\\\/thediversboat.com\\\/en\\\/#organization\"},\"alternateName\":\"The Diver's Boat\",\"potentialAction\":[{\"@type\":\"SearchAction\",\"target\":{\"@type\":\"EntryPoint\",\"urlTemplate\":\"https:\\\/\\\/thediversboat.com\\\/en\\\/?s={search_term_string}\"},\"query-input\":{\"@type\":\"PropertyValueSpecification\",\"valueRequired\":true,\"valueName\":\"search_term_string\"}}],\"inLanguage\":\"en-US\"},{\"@type\":\"Organization\",\"@id\":\"https:\\\/\\\/thediversboat.com\\\/en\\\/#organization\",\"name\":\"Centre de plong\u00e9e Fran\u00e7ais \u00e0 Koh Tao\",\"alternateName\":\"Koh Tao France Plong\u00e9e\",\"url\":\"https:\\\/\\\/thediversboat.com\\\/en\\\/\",\"logo\":{\"@type\":\"ImageObject\",\"inLanguage\":\"en-US\",\"@id\":\"https:\\\/\\\/thediversboat.com\\\/en\\\/#\\\/schema\\\/logo\\\/image\\\/\",\"url\":\"https:\\\/\\\/thediversboat.com\\\/wp-content\\\/uploads\\\/2025\\\/08\\\/The-Divers-Boat-Koh-Tao-LOGO-scaled.png\",\"contentUrl\":\"https:\\\/\\\/thediversboat.com\\\/wp-content\\\/uploads\\\/2025\\\/08\\\/The-Divers-Boat-Koh-Tao-LOGO-scaled.png\",\"width\":2560,\"height\":2560,\"caption\":\"Centre de plong\u00e9e Fran\u00e7ais \u00e0 Koh Tao\"},\"image\":{\"@id\":\"https:\\\/\\\/thediversboat.com\\\/en\\\/#\\\/schema\\\/logo\\\/image\\\/\"},\"sameAs\":[\"https:\\\/\\\/www.facebook.com\\\/thediversboat\\\/\",\"https:\\\/\\\/www.instagram.com\\\/thediversboat\\\/\",\"https:\\\/\\\/www.youtube.com\\\/channel\\\/UCU_3MH0qcQnG2zWsStWl-7g\\\/\"],\"description\":\"The Divers Boat \u2013 L\u2019Aventure Sous-Marine \u00e0 Koh Tao Plongez au c\u0153ur des eaux cristallines de Koh Tao avec The Divers Boat, votre partenaire privil\u00e9gi\u00e9 pour des exp\u00e9riences de plong\u00e9e inoubliables. Que vous soyez d\u00e9butant ou plongeur exp\u00e9riment\u00e9, notre \u00e9quipe passionn\u00e9e et certifi\u00e9e vous accompagne dans la d\u00e9couverte des fonds marins les plus spectaculaires de Tha\u00eflande. Pour cela nous avons 2 bateaux a notre disposition.\",\"email\":\"diversboat@gmail.com\",\"telephone\":\"+66828149282\",\"legalName\":\"Bee'z Mom\",\"foundingDate\":\"2017-01-01\"}]}<\/script>\n<!-- \/ Yoast SEO Premium plugin. -->","yoast_head_json":{"title":"Navigation - The Divers Boat","description":"Sign up for the Koh Tao Navigation certification and learn how to dive safely. Your aquatic adventure awaits!","robots":{"index":"index","follow":"follow","max-snippet":"max-snippet:-1","max-image-preview":"max-image-preview:large","max-video-preview":"max-video-preview:-1"},"canonical":"https:\/\/thediversboat.com\/en\/product\/navigation-koh-tao\/","og_locale":"en_US","og_type":"article","og_title":"Navigation","og_description":"Sign up for the Koh Tao Navigation certification and learn how to dive safely. Your aquatic adventure awaits!","og_url":"https:\/\/thediversboat.com\/en\/product\/navigation-koh-tao\/","og_site_name":"The Divers Boat","article_publisher":"https:\/\/www.facebook.com\/thediversboat\/","article_modified_time":"2025-12-06T10:03:44+00:00","og_image":[{"width":1200,"height":762,"url":"https:\/\/thediversboat.com\/wp-content\/uploads\/2022\/04\/Navigation-Specialty-Diver-1.jpg","type":"image\/jpeg"}],"twitter_card":"summary_large_image","twitter_misc":{"Est. reading time":"3 minutes"},"schema":{"@context":"https:\/\/schema.org","@graph":[{"@type":"WebPage","@id":"https:\/\/thediversboat.com\/en\/product\/navigation-koh-tao\/","url":"https:\/\/thediversboat.com\/en\/product\/navigation-koh-tao\/","name":"Navigation - The Divers Boat","isPartOf":{"@id":"https:\/\/thediversboat.com\/en\/#website"},"primaryImageOfPage":{"@id":"https:\/\/thediversboat.com\/en\/product\/navigation-koh-tao\/#primaryimage"},"image":{"@id":"https:\/\/thediversboat.com\/en\/product\/navigation-koh-tao\/#primaryimage"},"thumbnailUrl":"https:\/\/thediversboat.com\/wp-content\/uploads\/2022\/04\/Navigation-Specialty-Diver-1.jpg","datePublished":"2022-04-17T08:26:17+00:00","dateModified":"2025-12-06T10:03:44+00:00","description":"Sign up for the Koh Tao Navigation certification and learn how to dive safely. Your aquatic adventure awaits!","breadcrumb":{"@id":"https:\/\/thediversboat.com\/en\/product\/navigation-koh-tao\/#breadcrumb"},"inLanguage":"en-US","potentialAction":[{"@type":"ReadAction","target":["https:\/\/thediversboat.com\/en\/product\/navigation-koh-tao\/"]}]},{"@type":"ImageObject","inLanguage":"en-US","@id":"https:\/\/thediversboat.com\/en\/product\/navigation-koh-tao\/#primaryimage","url":"https:\/\/thediversboat.com\/wp-content\/uploads\/2022\/04\/Navigation-Specialty-Diver-1.jpg","contentUrl":"https:\/\/thediversboat.com\/wp-content\/uploads\/2022\/04\/Navigation-Specialty-Diver-1.jpg","width":1200,"height":762,"caption":"Navigation Specialty Diver"},{"@type":"BreadcrumbList","@id":"https:\/\/thediversboat.com\/en\/product\/navigation-koh-tao\/#breadcrumb","itemListElement":[{"@type":"ListItem","position":1,"name":"Home","item":"https:\/\/thediversboat.com\/en\/"},{"@type":"ListItem","position":2,"name":"Training","item":"https:\/\/thediversboat.com\/en\/shop\/"},{"@type":"ListItem","position":3,"name":"Navigation"}]},{"@type":"WebSite","@id":"https:\/\/thediversboat.com\/en\/#website","url":"https:\/\/thediversboat.com\/en\/","name":"The Divers Boat","description":"Centre de plong\u00e9e Fran\u00e7ais \u00e0 Koh Tao","publisher":{"@id":"https:\/\/thediversboat.com\/en\/#organization"},"alternateName":"The Diver's Boat","potentialAction":[{"@type":"SearchAction","target":{"@type":"EntryPoint","urlTemplate":"https:\/\/thediversboat.com\/en\/?s={search_term_string}"},"query-input":{"@type":"PropertyValueSpecification","valueRequired":true,"valueName":"search_term_string"}}],"inLanguage":"en-US"},{"@type":"Organization","@id":"https:\/\/thediversboat.com\/en\/#organization","name":"Centre de plong\u00e9e Fran\u00e7ais \u00e0 Koh Tao","alternateName":"Koh Tao France Plong\u00e9e","url":"https:\/\/thediversboat.com\/en\/","logo":{"@type":"ImageObject","inLanguage":"en-US","@id":"https:\/\/thediversboat.com\/en\/#\/schema\/logo\/image\/","url":"https:\/\/thediversboat.com\/wp-content\/uploads\/2025\/08\/The-Divers-Boat-Koh-Tao-LOGO-scaled.png","contentUrl":"https:\/\/thediversboat.com\/wp-content\/uploads\/2025\/08\/The-Divers-Boat-Koh-Tao-LOGO-scaled.png","width":2560,"height":2560,"caption":"Centre de plong\u00e9e Fran\u00e7ais \u00e0 Koh Tao"},"image":{"@id":"https:\/\/thediversboat.com\/en\/#\/schema\/logo\/image\/"},"sameAs":["https:\/\/www.facebook.com\/thediversboat\/","https:\/\/www.instagram.com\/thediversboat\/","https:\/\/www.youtube.com\/channel\/UCU_3MH0qcQnG2zWsStWl-7g\/"],"description":"The Divers Boat \u2013 L\u2019Aventure Sous-Marine \u00e0 Koh Tao Plongez au c\u0153ur des eaux cristallines de Koh Tao avec The Divers Boat, votre partenaire privil\u00e9gi\u00e9 pour des exp\u00e9riences de plong\u00e9e inoubliables. Que vous soyez d\u00e9butant ou plongeur exp\u00e9riment\u00e9, notre \u00e9quipe passionn\u00e9e et certifi\u00e9e vous accompagne dans la d\u00e9couverte des fonds marins les plus spectaculaires de Tha\u00eflande. Pour cela nous avons 2 bateaux a notre disposition.","email":"diversboat@gmail.com","telephone":"+66828149282","legalName":"Bee'z Mom","foundingDate":"2017-01-01"}]}},"_links":{"self":[{"href":"https:\/\/thediversboat.com\/en\/wp-json\/wp\/v2\/product\/8400","targetHints":{"allow":["GET"]}}],"collection":[{"href":"https:\/\/thediversboat.com\/en\/wp-json\/wp\/v2\/product"}],"about":[{"href":"https:\/\/thediversboat.com\/en\/wp-json\/wp\/v2\/types\/product"}],"wp:featuredmedia":[{"embeddable":true,"href":"https:\/\/thediversboat.com\/en\/wp-json\/wp\/v2\/media\/13278"}],"wp:attachment":[{"href":"https:\/\/thediversboat.com\/en\/wp-json\/wp\/v2\/media?parent=8400"}],"wp:term":[{"taxonomy":"product_brand","embeddable":true,"href":"https:\/\/thediversboat.com\/en\/wp-json\/wp\/v2\/product_brand?post=8400"},{"taxonomy":"product_cat","embeddable":true,"href":"https:\/\/thediversboat.com\/en\/wp-json\/wp\/v2\/product_cat?post=8400"},{"taxonomy":"product_tag","embeddable":true,"href":"https:\/\/thediversboat.com\/en\/wp-json\/wp\/v2\/product_tag?post=8400"}],"curies":[{"name":"wp","href":"https:\/\/api.w.org\/{rel}","templated":true}]}}