{"id":8399,"date":"2022-04-17T15:22:04","date_gmt":"2022-04-17T08:22:04","guid":{"rendered":"https:\/\/thediversboat.com\/deep-diving\/"},"modified":"2026-05-10T16:18:12","modified_gmt":"2026-05-10T09:18:12","slug":"deep-diving-koh-tao","status":"publish","type":"product","link":"https:\/\/thediversboat.com\/en\/product\/deep-diving-koh-tao\/","title":{"rendered":"Deep Diving"},"content":{"rendered":"<h1 data-start=\"151\" data-end=\"206\">\u2b50 <strong data-start=\"155\" data-end=\"206\">Deep Diving Koh Tao \u2013 Explore the Depths Safely<\/strong><\/h1>\n<p data-start=\"208\" data-end=\"467\">Many amazing dive sites lie beyond 18 meters. With the <strong data-start=\"263\" data-end=\"286\">Deep Diving Koh Tao<\/strong> course, you can safely go deeper and discover new underwater horizons. <strong data-start=\"358\" data-end=\"373\">As a result<\/strong>, you fully unlock the potential of your dives and enjoy the thrill of deep-water exploration.<\/p>\n<hr data-start=\"469\" data-end=\"472\" \/>\n<h2 data-start=\"474\" data-end=\"524\">\ud83c\udfaf Why Take the <strong data-start=\"493\" data-end=\"516\">Deep Diving Koh Tao<\/strong> Course?<\/h2>\n<p data-start=\"526\" data-end=\"637\">Deep diving requires specific skills and careful planning. The <strong data-start=\"589\" data-end=\"612\">Deep Diving Koh Tao<\/strong> specialty allows you to:<\/p>\n<ul data-start=\"639\" data-end=\"778\">\n<li data-start=\"639\" data-end=\"678\">\n<p data-start=\"641\" data-end=\"678\">Plan dives safely down to 40 meters<\/p>\n<\/li>\n<li data-start=\"679\" data-end=\"722\">\n<p data-start=\"681\" data-end=\"722\">Master your equipment and dive computer<\/p>\n<\/li>\n<li data-start=\"723\" data-end=\"778\">\n<p data-start=\"725\" data-end=\"778\">Calculate gas consumption and manage safety margins<\/p>\n<\/li>\n<\/ul>\n<p data-start=\"780\" data-end=\"861\"><strong data-start=\"780\" data-end=\"792\">Moreover<\/strong>, these skills increase your confidence and safety during every dive.<\/p>\n<p data-start=\"863\" data-end=\"1006\">\ud83d\udd17 <em data-start=\"866\" data-end=\"892\">Suggested external link:<\/em> SSI Deep Diving Specialty \u2013 <a class=\"decorated-link\" href=\"https:\/\/www.divessi.com\" target=\"_new\" rel=\"noopener\" data-start=\"921\" data-end=\"944\">https:\/\/www.divessi.com<\/a><\/p>\n<p data-start=\"863\" data-end=\"1006\"><br data-start=\"944\" data-end=\"947\" \/>\ud83d\udd17 <em data-start=\"950\" data-end=\"976\">Suggested internal link:<\/em> Advanced Diver Course Koh Tao<\/p>\n<hr data-start=\"1008\" data-end=\"1011\" \/>\n<h2 data-start=\"1013\" data-end=\"1061\">\ud83d\udcd8 Course Structure \u2013 <strong data-start=\"1038\" data-end=\"1061\">Deep Diving Koh Tao<\/strong><\/h2>\n<p data-start=\"1063\" data-end=\"1129\">The <strong data-start=\"1067\" data-end=\"1090\">Deep Diving Koh Tao<\/strong> training lasts <strong data-start=\"1106\" data-end=\"1115\">1 day<\/strong> and includes:<\/p>\n<ul data-start=\"1131\" data-end=\"1339\">\n<li data-start=\"1131\" data-end=\"1178\">\n<p data-start=\"1133\" data-end=\"1178\">Theory sessions on deep diving fundamentals<\/p>\n<\/li>\n<li data-start=\"1179\" data-end=\"1219\">\n<p data-start=\"1181\" data-end=\"1219\"><strong data-start=\"1181\" data-end=\"1201\">3 training dives<\/strong> up to 40 meters<\/p>\n<\/li>\n<li data-start=\"1220\" data-end=\"1270\">\n<p data-start=\"1222\" data-end=\"1270\">Exercises in dive planning and risk management<\/p>\n<\/li>\n<li data-start=\"1271\" data-end=\"1339\">\n<p data-start=\"1273\" data-end=\"1339\">Practical use of dive computers and gas consumption calculations<\/p>\n<\/li>\n<\/ul>\n<p data-start=\"1341\" data-end=\"1432\"><strong data-start=\"1341\" data-end=\"1365\">Through this program<\/strong>, you are fully prepared to handle any situation during deep dives.<\/p>\n<hr data-start=\"1434\" data-end=\"1437\" \/>\n<h2 data-start=\"1439\" data-end=\"1464\">\ud83e\udd3f What You Will Learn<\/h2>\n<p data-start=\"1466\" data-end=\"1507\">During the course, you will learn how to:<\/p>\n<ul data-start=\"1509\" data-end=\"1699\">\n<li data-start=\"1509\" data-end=\"1547\">\n<p data-start=\"1511\" data-end=\"1547\">Plan and execute deep dives safely<\/p>\n<\/li>\n<li data-start=\"1548\" data-end=\"1597\">\n<p data-start=\"1550\" data-end=\"1597\">Optimize your movements and buoyancy at depth<\/p>\n<\/li>\n<li data-start=\"1598\" data-end=\"1641\">\n<p data-start=\"1600\" data-end=\"1641\">Master your equipment and dive computer<\/p>\n<\/li>\n<li data-start=\"1642\" data-end=\"1699\">\n<p data-start=\"1644\" data-end=\"1699\">Explore deep dive sites confidently and independently<\/p>\n<\/li>\n<\/ul>\n<p data-start=\"1701\" data-end=\"1795\"><strong data-start=\"1701\" data-end=\"1717\">Consequently<\/strong>, you can enjoy underwater wonders beyond 18 meters with safety and precision.<\/p>\n<hr data-start=\"1797\" data-end=\"1800\" \/>\n<h2 data-start=\"1802\" data-end=\"1851\">\ud83c\udf93 Earn Your <strong data-start=\"1818\" data-end=\"1837\">Deep Diving 40m<\/strong> Certification<\/h2>\n<p data-start=\"1853\" data-end=\"2083\">Upon completing the <strong data-start=\"1873\" data-end=\"1896\">Deep Diving Koh Tao<\/strong> course, you will receive the <strong data-start=\"1926\" data-end=\"1963\">SSI Deep Diving 40m Certification<\/strong>. <strong data-start=\"1965\" data-end=\"1981\">From then on<\/strong>, you will be ready to explore deep dive sites worldwide with THE DIVER\u2019S BOAT safely and confidently.<\/p>\n<p><script type=\"application\/ld+json\">\n{\n  \"@context\": \"https:\/\/schema.org\",\n  \"@type\": \"FAQPage\",\n  \"mainEntity\": [\n    {\n      \"@type\": \"Question\",\n      \"name\": \"How deep can I dive with the SSI Deep Diving specialty?\",\n      \"acceptedAnswer\": {\n        \"@type\": \"Answer\",\n        \"text\": \"The SSI Deep Diving specialty certifies you to dive to a maximum depth of 40 metres under the supervision of a certified instructor. This is the maximum depth allowed in recreational diving according to SSI and international standards.\"\n      }\n    },\n    {\n      \"@type\": \"Question\",\n      \"name\": \"What level do I need for the Deep Diving specialty in Koh Tao?\",\n      \"acceptedAnswer\": {\n        \"@type\": \"Answer\",\n        \"text\": \"To access the SSI Deep Diving specialty in Koh Tao, you need at least an Advanced Open Water SSI certification (or equivalent) and a minimum of 15 logged dives in open water. This specialty is not available to beginners.\"\n      }\n    },\n    {\n      \"@type\": \"Question\",\n      \"name\": \"What deep dive sites are accessible from Koh Tao?\",\n      \"acceptedAnswer\": {\n        \"@type\": \"Answer\",\n        \"text\": \"Koh Tao offers several exceptional deep dive sites: Chumphon Pinnacle (descents possible to 40m with sharks and barracudas), Southwest Pinnacle, and the military wrecks HTMS Sattakut and HTMS Viphavadi. All these sites are accessible from The Divers Boat's blue boat.\"\n      }\n    },\n    {\n      \"@type\": \"Question\",\n      \"name\": \"What risks does the Deep Diving specialty teach you to manage?\",\n      \"acceptedAnswer\": {\n        \"@type\": \"Answer\",\n        \"text\": \"The SSI Deep Diving specialty teaches you to recognise and manage the physiological effects of depth: nitrogen narcosis, increased air consumption, decompression stop management, and deep dive planning. These skills are essential for diving safely beyond 18 metres.\"\n      }\n    },\n    {\n      \"@type\": \"Question\",\n      \"name\": \"How long does the SSI Deep Diving specialty take in Koh Tao?\",\n      \"acceptedAnswer\": {\n        \"@type\": \"Answer\",\n        \"text\": \"The SSI Deep Diving specialty at The Divers Boat takes 1 days. It includes a theory section and 2 or 3 open water dives, It depends of you certification, at progressively greater depths, up to 40 metres on Koh Tao's most iconic sites.\"\n      }\n    }\n  ]\n}\n<\/script><\/p>\n<p><script type=\"application\/ld+json\">\n{\n  \"@context\": \"https:\/\/schema.org\",\n  \"@type\": \"BreadcrumbList\",\n  \"itemListElement\": [\n    {\n      \"@type\": \"ListItem\",\n      \"position\": 1,\n      \"name\": \"Home\",\n      \"item\": \"https:\/\/thediversboat.com\/en\/\"\n    },\n    {\n      \"@type\": \"ListItem\",\n      \"position\": 2,\n      \"name\": \"SSI Specialties\",\n      \"item\": \"https:\/\/thediversboat.com\/en\/scuba-diving-courses-koh-tao\/\"\n    },\n    {\n      \"@type\": \"ListItem\",\n      \"position\": 3,\n      \"name\": \"Deep Diving SSI Koh Tao\",\n      \"item\": \"https:\/\/thediversboat.com\/en\/product\/deep-diving-koh-tao\/\"\n    }\n  ]\n}\n<\/script><\/p>\n<p><script type=\"application\/ld+json\">\n{\n  \"@context\": \"https:\/\/schema.org\",\n  \"@type\": \"Course\",\n  \"name\": \"SSI Deep Diving Specialty in Koh Tao\",\n  \"description\": \"Earn your SSI Deep Diving certification in Koh Tao. Dive to 40 metres on the most iconic sites in the Gulf of Thailand. 1 to 2 day course, Advanced Open Water prerequisite.\",\n  \"url\": \"https:\/\/thediversboat.com\/en\/product\/deep-diving-koh-tao\/\",\n  \"provider\": {\n    \"@type\": \"Organization\",\n    \"name\": \"The Divers Boat\",\n    \"url\": \"https:\/\/thediversboat.com\",\n    \"sameAs\": \"https:\/\/thediversboat.com\/#business\"\n  },\n  \"educationalLevel\": \"Advanced\",\n  \"teaches\": \"Nitrogen narcosis management, deep dive planning, decompression stop management, air consumption at depth\",\n  \"inLanguage\": [\"en\", \"fr\"],\n  \"courseMode\": \"In-person\",\n  \"availableLanguage\": [\"English\", \"French\"],\n  \"locationCreated\": {\n    \"@type\": \"Place\",\n    \"name\": \"Koh Tao, Thailand\",\n    \"address\": {\n      \"@type\": \"PostalAddress\",\n      \"addressLocality\": \"Ko Tao\",\n      \"addressRegion\": \"Surat Thani\",\n      \"addressCountry\": \"TH\"\n    }\n  },\n  \"hasCourseInstance\": {\n    \"@type\": \"CourseInstance\",\n    \"courseMode\": \"In-person\",\n    \"courseSchedule\": {\n      \"@type\": \"Schedule\",\n      \"repeatFrequency\": \"P1D\",\n      \"byDay\": [\"Monday\",\"Tuesday\",\"Wednesday\",\"Thursday\",\"Friday\",\"Saturday\",\"Sunday\"]\n    }\n  },\n  \"offers\": {\n    \"@type\": \"Offer\",\n    \"priceCurrency\": \"THB\",\n    \"availability\": \"https:\/\/schema.org\/InStock\",\n    \"url\": \"https:\/\/thediversboat.com\/contactez-the-divers-boat\/\"\n  }\n}\n<\/script><\/p>\n","protected":false},"excerpt":{"rendered":"<p>\u2b50 Deep Diving Koh Tao \u2013 Explore the Depths Safely Many amazing dive sites lie beyond 18 meters. With the Deep Diving Koh Tao course, you can safely go deeper and discover new underwater horizons. As a result, you fully unlock the potential of your dives and enjoy the thrill of deep-water exploration. \ud83c\udfaf Why&#8230;<\/p>\n","protected":false},"featured_media":13276,"template":"","meta":[],"product_brand":[],"product_cat":[40],"product_tag":[],"class_list":{"0":"post-8399","1":"product","2":"type-product","3":"status-publish","4":"has-post-thumbnail","6":"product_cat-specialty","8":"first","9":"instock","10":"virtual","11":"purchasable","12":"product-type-simple"},"yoast_head":"<!-- This site is optimized with the Yoast SEO Premium plugin v26.0 (Yoast SEO v27.5) - https:\/\/yoast.com\/product\/yoast-seo-premium-wordpress\/ -->\n<title>Deep Diving - The Divers Boat<\/title>\n<meta name=\"description\" content=\"Discover the depths of the sea with our Deep Diving Koh Tao course. Learn how to dive safely to depths of up to 40 metres!\" \/>\n<meta name=\"robots\" content=\"index, follow, max-snippet:-1, max-image-preview:large, max-video-preview:-1\" \/>\n<link rel=\"canonical\" href=\"https:\/\/thediversboat.com\/en\/product\/deep-diving-koh-tao\/\" \/>\n<meta property=\"og:locale\" content=\"en_US\" \/>\n<meta property=\"og:type\" content=\"article\" \/>\n<meta property=\"og:title\" content=\"Deep Diving\" \/>\n<meta property=\"og:description\" content=\"Discover the depths of the sea with our Deep Diving Koh Tao course. Learn how to dive safely to depths of up to 40 metres!\" \/>\n<meta property=\"og:url\" content=\"https:\/\/thediversboat.com\/en\/product\/deep-diving-koh-tao\/\" \/>\n<meta property=\"og:site_name\" content=\"The Divers Boat\" \/>\n<meta property=\"article:publisher\" content=\"https:\/\/www.facebook.com\/thediversboat\/\" \/>\n<meta property=\"article:modified_time\" content=\"2026-05-10T09:18:12+00:00\" \/>\n<meta property=\"og:image\" content=\"https:\/\/thediversboat.com\/wp-content\/uploads\/2022\/04\/Plongee-Profonde-Deep-Diver-02-1.jpg\" \/>\n\t<meta property=\"og:image:width\" content=\"755\" \/>\n\t<meta property=\"og:image:height\" content=\"480\" \/>\n\t<meta property=\"og:image:type\" content=\"image\/jpeg\" \/>\n<meta name=\"twitter:card\" content=\"summary_large_image\" \/>\n<meta name=\"twitter:label1\" content=\"Est. reading time\" \/>\n\t<meta name=\"twitter:data1\" content=\"3 minutes\" \/>\n<script type=\"application\/ld+json\" class=\"yoast-schema-graph\">{\"@context\":\"https:\\\/\\\/schema.org\",\"@graph\":[{\"@type\":\"WebPage\",\"@id\":\"https:\\\/\\\/thediversboat.com\\\/en\\\/product\\\/deep-diving-koh-tao\\\/\",\"url\":\"https:\\\/\\\/thediversboat.com\\\/en\\\/product\\\/deep-diving-koh-tao\\\/\",\"name\":\"Deep Diving - The Divers Boat\",\"isPartOf\":{\"@id\":\"https:\\\/\\\/thediversboat.com\\\/en\\\/#website\"},\"primaryImageOfPage\":{\"@id\":\"https:\\\/\\\/thediversboat.com\\\/en\\\/product\\\/deep-diving-koh-tao\\\/#primaryimage\"},\"image\":{\"@id\":\"https:\\\/\\\/thediversboat.com\\\/en\\\/product\\\/deep-diving-koh-tao\\\/#primaryimage\"},\"thumbnailUrl\":\"https:\\\/\\\/thediversboat.com\\\/wp-content\\\/uploads\\\/2022\\\/04\\\/Plongee-Profonde-Deep-Diver-02-1.jpg\",\"datePublished\":\"2022-04-17T08:22:04+00:00\",\"dateModified\":\"2026-05-10T09:18:12+00:00\",\"description\":\"Discover the depths of the sea with our Deep Diving Koh Tao course. Learn how to dive safely to depths of up to 40 metres!\",\"breadcrumb\":{\"@id\":\"https:\\\/\\\/thediversboat.com\\\/en\\\/product\\\/deep-diving-koh-tao\\\/#breadcrumb\"},\"inLanguage\":\"en-US\",\"potentialAction\":[{\"@type\":\"ReadAction\",\"target\":[\"https:\\\/\\\/thediversboat.com\\\/en\\\/product\\\/deep-diving-koh-tao\\\/\"]}]},{\"@type\":\"ImageObject\",\"inLanguage\":\"en-US\",\"@id\":\"https:\\\/\\\/thediversboat.com\\\/en\\\/product\\\/deep-diving-koh-tao\\\/#primaryimage\",\"url\":\"https:\\\/\\\/thediversboat.com\\\/wp-content\\\/uploads\\\/2022\\\/04\\\/Plongee-Profonde-Deep-Diver-02-1.jpg\",\"contentUrl\":\"https:\\\/\\\/thediversboat.com\\\/wp-content\\\/uploads\\\/2022\\\/04\\\/Plongee-Profonde-Deep-Diver-02-1.jpg\",\"width\":755,\"height\":480,\"caption\":\"Plong\u00e9e Profonde (Deep Diver)\"},{\"@type\":\"BreadcrumbList\",\"@id\":\"https:\\\/\\\/thediversboat.com\\\/en\\\/product\\\/deep-diving-koh-tao\\\/#breadcrumb\",\"itemListElement\":[{\"@type\":\"ListItem\",\"position\":1,\"name\":\"Home\",\"item\":\"https:\\\/\\\/thediversboat.com\\\/en\\\/\"},{\"@type\":\"ListItem\",\"position\":2,\"name\":\"Training\",\"item\":\"https:\\\/\\\/thediversboat.com\\\/en\\\/shop\\\/\"},{\"@type\":\"ListItem\",\"position\":3,\"name\":\"Deep Diving\"}]},{\"@type\":\"WebSite\",\"@id\":\"https:\\\/\\\/thediversboat.com\\\/en\\\/#website\",\"url\":\"https:\\\/\\\/thediversboat.com\\\/en\\\/\",\"name\":\"The Divers Boat\",\"description\":\"Centre de plong\u00e9e Fran\u00e7ais \u00e0 Koh Tao\",\"publisher\":{\"@id\":\"https:\\\/\\\/thediversboat.com\\\/en\\\/#organization\"},\"alternateName\":\"The Diver's Boat\",\"potentialAction\":[{\"@type\":\"SearchAction\",\"target\":{\"@type\":\"EntryPoint\",\"urlTemplate\":\"https:\\\/\\\/thediversboat.com\\\/en\\\/?s={search_term_string}\"},\"query-input\":{\"@type\":\"PropertyValueSpecification\",\"valueRequired\":true,\"valueName\":\"search_term_string\"}}],\"inLanguage\":\"en-US\"},{\"@type\":\"Organization\",\"@id\":\"https:\\\/\\\/thediversboat.com\\\/en\\\/#organization\",\"name\":\"Centre de plong\u00e9e Fran\u00e7ais \u00e0 Koh Tao\",\"alternateName\":\"Koh Tao France Plong\u00e9e\",\"url\":\"https:\\\/\\\/thediversboat.com\\\/en\\\/\",\"logo\":{\"@type\":\"ImageObject\",\"inLanguage\":\"en-US\",\"@id\":\"https:\\\/\\\/thediversboat.com\\\/en\\\/#\\\/schema\\\/logo\\\/image\\\/\",\"url\":\"https:\\\/\\\/thediversboat.com\\\/wp-content\\\/uploads\\\/2025\\\/08\\\/The-Divers-Boat-Koh-Tao-LOGO-scaled.png\",\"contentUrl\":\"https:\\\/\\\/thediversboat.com\\\/wp-content\\\/uploads\\\/2025\\\/08\\\/The-Divers-Boat-Koh-Tao-LOGO-scaled.png\",\"width\":2560,\"height\":2560,\"caption\":\"Centre de plong\u00e9e Fran\u00e7ais \u00e0 Koh Tao\"},\"image\":{\"@id\":\"https:\\\/\\\/thediversboat.com\\\/en\\\/#\\\/schema\\\/logo\\\/image\\\/\"},\"sameAs\":[\"https:\\\/\\\/www.facebook.com\\\/thediversboat\\\/\",\"https:\\\/\\\/www.instagram.com\\\/thediversboat\\\/\",\"https:\\\/\\\/www.youtube.com\\\/channel\\\/UCU_3MH0qcQnG2zWsStWl-7g\\\/\"],\"description\":\"The Divers Boat \u2013 L\u2019Aventure Sous-Marine \u00e0 Koh Tao Plongez au c\u0153ur des eaux cristallines de Koh Tao avec The Divers Boat, votre partenaire privil\u00e9gi\u00e9 pour des exp\u00e9riences de plong\u00e9e inoubliables. Que vous soyez d\u00e9butant ou plongeur exp\u00e9riment\u00e9, notre \u00e9quipe passionn\u00e9e et certifi\u00e9e vous accompagne dans la d\u00e9couverte des fonds marins les plus spectaculaires de Tha\u00eflande. Pour cela nous avons 2 bateaux a notre disposition.\",\"email\":\"diversboat@gmail.com\",\"telephone\":\"+66828149282\",\"legalName\":\"Bee'z Mom\",\"foundingDate\":\"2017-01-01\"}]}<\/script>\n<!-- \/ Yoast SEO Premium plugin. -->","yoast_head_json":{"title":"Deep Diving - The Divers Boat","description":"Discover the depths of the sea with our Deep Diving Koh Tao course. Learn how to dive safely to depths of up to 40 metres!","robots":{"index":"index","follow":"follow","max-snippet":"max-snippet:-1","max-image-preview":"max-image-preview:large","max-video-preview":"max-video-preview:-1"},"canonical":"https:\/\/thediversboat.com\/en\/product\/deep-diving-koh-tao\/","og_locale":"en_US","og_type":"article","og_title":"Deep Diving","og_description":"Discover the depths of the sea with our Deep Diving Koh Tao course. Learn how to dive safely to depths of up to 40 metres!","og_url":"https:\/\/thediversboat.com\/en\/product\/deep-diving-koh-tao\/","og_site_name":"The Divers Boat","article_publisher":"https:\/\/www.facebook.com\/thediversboat\/","article_modified_time":"2026-05-10T09:18:12+00:00","og_image":[{"width":755,"height":480,"url":"https:\/\/thediversboat.com\/wp-content\/uploads\/2022\/04\/Plongee-Profonde-Deep-Diver-02-1.jpg","type":"image\/jpeg"}],"twitter_card":"summary_large_image","twitter_misc":{"Est. reading time":"3 minutes"},"schema":{"@context":"https:\/\/schema.org","@graph":[{"@type":"WebPage","@id":"https:\/\/thediversboat.com\/en\/product\/deep-diving-koh-tao\/","url":"https:\/\/thediversboat.com\/en\/product\/deep-diving-koh-tao\/","name":"Deep Diving - The Divers Boat","isPartOf":{"@id":"https:\/\/thediversboat.com\/en\/#website"},"primaryImageOfPage":{"@id":"https:\/\/thediversboat.com\/en\/product\/deep-diving-koh-tao\/#primaryimage"},"image":{"@id":"https:\/\/thediversboat.com\/en\/product\/deep-diving-koh-tao\/#primaryimage"},"thumbnailUrl":"https:\/\/thediversboat.com\/wp-content\/uploads\/2022\/04\/Plongee-Profonde-Deep-Diver-02-1.jpg","datePublished":"2022-04-17T08:22:04+00:00","dateModified":"2026-05-10T09:18:12+00:00","description":"Discover the depths of the sea with our Deep Diving Koh Tao course. Learn how to dive safely to depths of up to 40 metres!","breadcrumb":{"@id":"https:\/\/thediversboat.com\/en\/product\/deep-diving-koh-tao\/#breadcrumb"},"inLanguage":"en-US","potentialAction":[{"@type":"ReadAction","target":["https:\/\/thediversboat.com\/en\/product\/deep-diving-koh-tao\/"]}]},{"@type":"ImageObject","inLanguage":"en-US","@id":"https:\/\/thediversboat.com\/en\/product\/deep-diving-koh-tao\/#primaryimage","url":"https:\/\/thediversboat.com\/wp-content\/uploads\/2022\/04\/Plongee-Profonde-Deep-Diver-02-1.jpg","contentUrl":"https:\/\/thediversboat.com\/wp-content\/uploads\/2022\/04\/Plongee-Profonde-Deep-Diver-02-1.jpg","width":755,"height":480,"caption":"Plong\u00e9e Profonde (Deep Diver)"},{"@type":"BreadcrumbList","@id":"https:\/\/thediversboat.com\/en\/product\/deep-diving-koh-tao\/#breadcrumb","itemListElement":[{"@type":"ListItem","position":1,"name":"Home","item":"https:\/\/thediversboat.com\/en\/"},{"@type":"ListItem","position":2,"name":"Training","item":"https:\/\/thediversboat.com\/en\/shop\/"},{"@type":"ListItem","position":3,"name":"Deep Diving"}]},{"@type":"WebSite","@id":"https:\/\/thediversboat.com\/en\/#website","url":"https:\/\/thediversboat.com\/en\/","name":"The Divers Boat","description":"Centre de plong\u00e9e Fran\u00e7ais \u00e0 Koh Tao","publisher":{"@id":"https:\/\/thediversboat.com\/en\/#organization"},"alternateName":"The Diver's Boat","potentialAction":[{"@type":"SearchAction","target":{"@type":"EntryPoint","urlTemplate":"https:\/\/thediversboat.com\/en\/?s={search_term_string}"},"query-input":{"@type":"PropertyValueSpecification","valueRequired":true,"valueName":"search_term_string"}}],"inLanguage":"en-US"},{"@type":"Organization","@id":"https:\/\/thediversboat.com\/en\/#organization","name":"Centre de plong\u00e9e Fran\u00e7ais \u00e0 Koh Tao","alternateName":"Koh Tao France Plong\u00e9e","url":"https:\/\/thediversboat.com\/en\/","logo":{"@type":"ImageObject","inLanguage":"en-US","@id":"https:\/\/thediversboat.com\/en\/#\/schema\/logo\/image\/","url":"https:\/\/thediversboat.com\/wp-content\/uploads\/2025\/08\/The-Divers-Boat-Koh-Tao-LOGO-scaled.png","contentUrl":"https:\/\/thediversboat.com\/wp-content\/uploads\/2025\/08\/The-Divers-Boat-Koh-Tao-LOGO-scaled.png","width":2560,"height":2560,"caption":"Centre de plong\u00e9e Fran\u00e7ais \u00e0 Koh Tao"},"image":{"@id":"https:\/\/thediversboat.com\/en\/#\/schema\/logo\/image\/"},"sameAs":["https:\/\/www.facebook.com\/thediversboat\/","https:\/\/www.instagram.com\/thediversboat\/","https:\/\/www.youtube.com\/channel\/UCU_3MH0qcQnG2zWsStWl-7g\/"],"description":"The Divers Boat \u2013 L\u2019Aventure Sous-Marine \u00e0 Koh Tao Plongez au c\u0153ur des eaux cristallines de Koh Tao avec The Divers Boat, votre partenaire privil\u00e9gi\u00e9 pour des exp\u00e9riences de plong\u00e9e inoubliables. Que vous soyez d\u00e9butant ou plongeur exp\u00e9riment\u00e9, notre \u00e9quipe passionn\u00e9e et certifi\u00e9e vous accompagne dans la d\u00e9couverte des fonds marins les plus spectaculaires de Tha\u00eflande. Pour cela nous avons 2 bateaux a notre disposition.","email":"diversboat@gmail.com","telephone":"+66828149282","legalName":"Bee'z Mom","foundingDate":"2017-01-01"}]}},"_links":{"self":[{"href":"https:\/\/thediversboat.com\/en\/wp-json\/wp\/v2\/product\/8399","targetHints":{"allow":["GET"]}}],"collection":[{"href":"https:\/\/thediversboat.com\/en\/wp-json\/wp\/v2\/product"}],"about":[{"href":"https:\/\/thediversboat.com\/en\/wp-json\/wp\/v2\/types\/product"}],"wp:featuredmedia":[{"embeddable":true,"href":"https:\/\/thediversboat.com\/en\/wp-json\/wp\/v2\/media\/13276"}],"wp:attachment":[{"href":"https:\/\/thediversboat.com\/en\/wp-json\/wp\/v2\/media?parent=8399"}],"wp:term":[{"taxonomy":"product_brand","embeddable":true,"href":"https:\/\/thediversboat.com\/en\/wp-json\/wp\/v2\/product_brand?post=8399"},{"taxonomy":"product_cat","embeddable":true,"href":"https:\/\/thediversboat.com\/en\/wp-json\/wp\/v2\/product_cat?post=8399"},{"taxonomy":"product_tag","embeddable":true,"href":"https:\/\/thediversboat.com\/en\/wp-json\/wp\/v2\/product_tag?post=8399"}],"curies":[{"name":"wp","href":"https:\/\/api.w.org\/{rel}","templated":true}]}}