{"id":8398,"date":"2022-04-17T10:51:36","date_gmt":"2022-04-17T03:51:36","guid":{"rendered":"https:\/\/thediversboat.com\/react-right\/"},"modified":"2025-12-06T17:18:39","modified_gmt":"2025-12-06T10:18:39","slug":"react-right-koh-tao","status":"publish","type":"product","link":"https:\/\/thediversboat.com\/en\/product\/react-right-koh-tao\/","title":{"rendered":"React Right"},"content":{"rendered":"<h1 data-start=\"113\" data-end=\"170\">\u2b50 <strong data-start=\"117\" data-end=\"170\">React Right Koh Tao \u2013 Master First Aid for Divers<\/strong><\/h1>\n<p data-start=\"172\" data-end=\"461\">Being able to respond quickly in a diving emergency is essential for diver safety. The <strong data-start=\"259\" data-end=\"282\">React Right Koh Tao<\/strong> course teaches you how to protect, alert, and rescue effectively. <strong data-start=\"349\" data-end=\"364\">As a result<\/strong>, you gain the confidence and skills needed to act swiftly and potentially save lives underwater.<\/p>\n<hr data-start=\"463\" data-end=\"466\" \/>\n<h2 data-start=\"468\" data-end=\"518\">\ud83c\udfaf Why Take the <strong data-start=\"487\" data-end=\"510\">React Right Koh Tao<\/strong> Course?<\/h2>\n<p data-start=\"520\" data-end=\"776\">The <strong data-start=\"524\" data-end=\"547\">React Right Koh Tao<\/strong> program is the first-response emergency training for divers. It covers life-saving techniques and essential concepts to ensure safety while diving. <strong data-start=\"696\" data-end=\"708\">Moreover<\/strong>, it prepares you to respond effectively in any emergency situation.<\/p>\n<p data-start=\"778\" data-end=\"902\"><a href=\"https:\/\/www.divessi.com\/en\/advanced-training\/scuba-diving\/react-right---course-combination-fa-cpr-aed-o2\">SSI React Right<\/a> \u2013 <a class=\"decorated-link\" href=\"https:\/\/www.divessi.com\" target=\"_new\" rel=\"noopener\" data-start=\"826\" data-end=\"849\">https:\/\/www.divessi.com<\/a><\/p>\n<p data-start=\"778\" data-end=\"902\"><a href=\"https:\/\/thediversboat.com\/en\/product\/diver-stress-and-rescue\/\">Rescue Diver Koh Tao<\/a><\/p>\n<hr data-start=\"904\" data-end=\"907\" \/>\n<h2 data-start=\"909\" data-end=\"957\">\ud83d\udcd8 Course Structure \u2013 <strong data-start=\"934\" data-end=\"957\">React Right Koh Tao<\/strong><\/h2>\n<p data-start=\"959\" data-end=\"1025\">The <strong data-start=\"963\" data-end=\"986\">React Right Koh Tao<\/strong> training lasts <strong data-start=\"1002\" data-end=\"1011\">1 day<\/strong> and includes:<\/p>\n<ul data-start=\"1027\" data-end=\"1270\">\n<li data-start=\"1027\" data-end=\"1070\">\n<p data-start=\"1029\" data-end=\"1070\">Theory sessions on emergency procedures<\/p>\n<\/li>\n<li data-start=\"1071\" data-end=\"1101\">\n<p data-start=\"1073\" data-end=\"1101\">Practical rescue scenarios<\/p>\n<\/li>\n<li data-start=\"1102\" data-end=\"1148\">\n<p data-start=\"1104\" data-end=\"1148\">Exercises to perform an initial assessment<\/p>\n<\/li>\n<li data-start=\"1149\" data-end=\"1180\">\n<p data-start=\"1151\" data-end=\"1180\">Training in basic first aid<\/p>\n<\/li>\n<li data-start=\"1181\" data-end=\"1217\">\n<p data-start=\"1183\" data-end=\"1217\">Techniques to stabilize a victim<\/p>\n<\/li>\n<li data-start=\"1218\" data-end=\"1270\">\n<p data-start=\"1220\" data-end=\"1270\">CPR (Cardiopulmonary Resuscitation) introduction<\/p>\n<\/li>\n<\/ul>\n<p data-start=\"1272\" data-end=\"1369\"><strong data-start=\"1272\" data-end=\"1296\">Through this program<\/strong>, you will be able to respond quickly and efficiently during emergencies.<\/p>\n<hr data-start=\"1371\" data-end=\"1374\" \/>\n<h2 data-start=\"1376\" data-end=\"1401\">\ud83e\udd3f What You Will Learn<\/h2>\n<p data-start=\"1403\" data-end=\"1444\">During the course, you will learn how to:<\/p>\n<ul data-start=\"1446\" data-end=\"1583\">\n<li data-start=\"1446\" data-end=\"1491\">\n<p data-start=\"1448\" data-end=\"1491\">Recognize and assess emergency situations<\/p>\n<\/li>\n<li data-start=\"1492\" data-end=\"1523\">\n<p data-start=\"1494\" data-end=\"1523\">Perform first aid correctly<\/p>\n<\/li>\n<li data-start=\"1524\" data-end=\"1565\">\n<p data-start=\"1526\" data-end=\"1565\">Stabilize a victim until help arrives<\/p>\n<\/li>\n<li data-start=\"1566\" data-end=\"1583\">\n<p data-start=\"1568\" data-end=\"1583\">Carry out CPR<\/p>\n<\/li>\n<\/ul>\n<p data-start=\"1585\" data-end=\"1699\"><strong data-start=\"1585\" data-end=\"1601\">Consequently<\/strong>, you will gain confidence, improve safety awareness, and be prepared to act if a life is at risk.<\/p>\n<hr data-start=\"1701\" data-end=\"1704\" \/>\n<h2 data-start=\"1706\" data-end=\"1755\">\ud83c\udf93 Earn Your <strong data-start=\"1722\" data-end=\"1741\">React Right SSI<\/strong> Certification<\/h2>\n<p data-start=\"1757\" data-end=\"2019\">Upon completion of the <strong data-start=\"1780\" data-end=\"1803\">React Right Koh Tao<\/strong> program, you will receive the <strong data-start=\"1834\" data-end=\"1867\">SSI React Right Certification<\/strong>. <strong data-start=\"1869\" data-end=\"1885\">From then on<\/strong>, you are a certified first responder, ready to protect and assist fellow divers during any underwater incident with THE DIVER\u2019S BOAT.<\/p>\n","protected":false},"excerpt":{"rendered":"<p>\u2b50 React Right Koh Tao \u2013 Master First Aid for Divers Being able to respond quickly in a diving emergency is essential for diver safety. The React Right Koh Tao course teaches you how to protect, alert, and rescue effectively. As a result, you gain the confidence and skills needed to act swiftly and potentially&#8230;<\/p>\n","protected":false},"featured_media":13268,"template":"","meta":[],"product_brand":[],"product_cat":[41],"product_tag":[],"class_list":{"0":"post-8398","1":"product","2":"type-product","3":"status-publish","4":"has-post-thumbnail","6":"product_cat-advanced-courses","8":"first","9":"instock","10":"virtual","11":"purchasable","12":"product-type-simple"},"yoast_head":"<!-- This site is optimized with the Yoast SEO Premium plugin v26.0 (Yoast SEO v27.5) - https:\/\/yoast.com\/product\/yoast-seo-premium-wordpress\/ -->\n<title>React Right - The Divers Boat<\/title>\n<meta name=\"description\" content=\"Become an underwater hero with SSI React Right certification. Learn how to respond quickly to diving emergencies. Register now!\" \/>\n<meta name=\"robots\" content=\"index, follow, max-snippet:-1, max-image-preview:large, max-video-preview:-1\" \/>\n<link rel=\"canonical\" href=\"https:\/\/thediversboat.com\/en\/product\/react-right-koh-tao\/\" \/>\n<meta property=\"og:locale\" content=\"en_US\" \/>\n<meta property=\"og:type\" content=\"article\" \/>\n<meta property=\"og:title\" content=\"React Right\" \/>\n<meta property=\"og:description\" content=\"Become an underwater hero with SSI React Right certification. Learn how to respond quickly to diving emergencies. Register now!\" \/>\n<meta property=\"og:url\" content=\"https:\/\/thediversboat.com\/en\/product\/react-right-koh-tao\/\" \/>\n<meta property=\"og:site_name\" content=\"The Divers Boat\" \/>\n<meta property=\"article:publisher\" content=\"https:\/\/www.facebook.com\/thediversboat\/\" \/>\n<meta property=\"article:modified_time\" content=\"2025-12-06T10:18:39+00:00\" \/>\n<meta property=\"og:image\" content=\"https:\/\/thediversboat.com\/wp-content\/uploads\/2022\/04\/React-Right-1.jpg\" \/>\n\t<meta property=\"og:image:width\" content=\"1200\" \/>\n\t<meta property=\"og:image:height\" content=\"762\" \/>\n\t<meta property=\"og:image:type\" content=\"image\/jpeg\" \/>\n<meta name=\"twitter:card\" content=\"summary_large_image\" \/>\n<meta name=\"twitter:label1\" content=\"Est. reading time\" \/>\n\t<meta name=\"twitter:data1\" content=\"3 minutes\" \/>\n<script type=\"application\/ld+json\" class=\"yoast-schema-graph\">{\"@context\":\"https:\\\/\\\/schema.org\",\"@graph\":[{\"@type\":\"WebPage\",\"@id\":\"https:\\\/\\\/thediversboat.com\\\/en\\\/product\\\/react-right-koh-tao\\\/\",\"url\":\"https:\\\/\\\/thediversboat.com\\\/en\\\/product\\\/react-right-koh-tao\\\/\",\"name\":\"React Right - The Divers Boat\",\"isPartOf\":{\"@id\":\"https:\\\/\\\/thediversboat.com\\\/en\\\/#website\"},\"primaryImageOfPage\":{\"@id\":\"https:\\\/\\\/thediversboat.com\\\/en\\\/product\\\/react-right-koh-tao\\\/#primaryimage\"},\"image\":{\"@id\":\"https:\\\/\\\/thediversboat.com\\\/en\\\/product\\\/react-right-koh-tao\\\/#primaryimage\"},\"thumbnailUrl\":\"https:\\\/\\\/thediversboat.com\\\/wp-content\\\/uploads\\\/2022\\\/04\\\/React-Right-1.jpg\",\"datePublished\":\"2022-04-17T03:51:36+00:00\",\"dateModified\":\"2025-12-06T10:18:39+00:00\",\"description\":\"Become an underwater hero with SSI React Right certification. Learn how to respond quickly to diving emergencies. Register now!\",\"breadcrumb\":{\"@id\":\"https:\\\/\\\/thediversboat.com\\\/en\\\/product\\\/react-right-koh-tao\\\/#breadcrumb\"},\"inLanguage\":\"en-US\",\"potentialAction\":[{\"@type\":\"ReadAction\",\"target\":[\"https:\\\/\\\/thediversboat.com\\\/en\\\/product\\\/react-right-koh-tao\\\/\"]}]},{\"@type\":\"ImageObject\",\"inLanguage\":\"en-US\",\"@id\":\"https:\\\/\\\/thediversboat.com\\\/en\\\/product\\\/react-right-koh-tao\\\/#primaryimage\",\"url\":\"https:\\\/\\\/thediversboat.com\\\/wp-content\\\/uploads\\\/2022\\\/04\\\/React-Right-1.jpg\",\"contentUrl\":\"https:\\\/\\\/thediversboat.com\\\/wp-content\\\/uploads\\\/2022\\\/04\\\/React-Right-1.jpg\",\"width\":1200,\"height\":762,\"caption\":\"React Right\"},{\"@type\":\"BreadcrumbList\",\"@id\":\"https:\\\/\\\/thediversboat.com\\\/en\\\/product\\\/react-right-koh-tao\\\/#breadcrumb\",\"itemListElement\":[{\"@type\":\"ListItem\",\"position\":1,\"name\":\"Home\",\"item\":\"https:\\\/\\\/thediversboat.com\\\/en\\\/\"},{\"@type\":\"ListItem\",\"position\":2,\"name\":\"Training\",\"item\":\"https:\\\/\\\/thediversboat.com\\\/en\\\/shop\\\/\"},{\"@type\":\"ListItem\",\"position\":3,\"name\":\"React Right\"}]},{\"@type\":\"WebSite\",\"@id\":\"https:\\\/\\\/thediversboat.com\\\/en\\\/#website\",\"url\":\"https:\\\/\\\/thediversboat.com\\\/en\\\/\",\"name\":\"The Divers Boat\",\"description\":\"Centre de plong\u00e9e Fran\u00e7ais \u00e0 Koh Tao\",\"publisher\":{\"@id\":\"https:\\\/\\\/thediversboat.com\\\/en\\\/#organization\"},\"alternateName\":\"The Diver's Boat\",\"potentialAction\":[{\"@type\":\"SearchAction\",\"target\":{\"@type\":\"EntryPoint\",\"urlTemplate\":\"https:\\\/\\\/thediversboat.com\\\/en\\\/?s={search_term_string}\"},\"query-input\":{\"@type\":\"PropertyValueSpecification\",\"valueRequired\":true,\"valueName\":\"search_term_string\"}}],\"inLanguage\":\"en-US\"},{\"@type\":\"Organization\",\"@id\":\"https:\\\/\\\/thediversboat.com\\\/en\\\/#organization\",\"name\":\"Centre de plong\u00e9e Fran\u00e7ais \u00e0 Koh Tao\",\"alternateName\":\"Koh Tao France Plong\u00e9e\",\"url\":\"https:\\\/\\\/thediversboat.com\\\/en\\\/\",\"logo\":{\"@type\":\"ImageObject\",\"inLanguage\":\"en-US\",\"@id\":\"https:\\\/\\\/thediversboat.com\\\/en\\\/#\\\/schema\\\/logo\\\/image\\\/\",\"url\":\"https:\\\/\\\/thediversboat.com\\\/wp-content\\\/uploads\\\/2025\\\/08\\\/The-Divers-Boat-Koh-Tao-LOGO-scaled.png\",\"contentUrl\":\"https:\\\/\\\/thediversboat.com\\\/wp-content\\\/uploads\\\/2025\\\/08\\\/The-Divers-Boat-Koh-Tao-LOGO-scaled.png\",\"width\":2560,\"height\":2560,\"caption\":\"Centre de plong\u00e9e Fran\u00e7ais \u00e0 Koh Tao\"},\"image\":{\"@id\":\"https:\\\/\\\/thediversboat.com\\\/en\\\/#\\\/schema\\\/logo\\\/image\\\/\"},\"sameAs\":[\"https:\\\/\\\/www.facebook.com\\\/thediversboat\\\/\",\"https:\\\/\\\/www.instagram.com\\\/thediversboat\\\/\",\"https:\\\/\\\/www.youtube.com\\\/channel\\\/UCU_3MH0qcQnG2zWsStWl-7g\\\/\"],\"description\":\"The Divers Boat \u2013 L\u2019Aventure Sous-Marine \u00e0 Koh Tao Plongez au c\u0153ur des eaux cristallines de Koh Tao avec The Divers Boat, votre partenaire privil\u00e9gi\u00e9 pour des exp\u00e9riences de plong\u00e9e inoubliables. Que vous soyez d\u00e9butant ou plongeur exp\u00e9riment\u00e9, notre \u00e9quipe passionn\u00e9e et certifi\u00e9e vous accompagne dans la d\u00e9couverte des fonds marins les plus spectaculaires de Tha\u00eflande. Pour cela nous avons 2 bateaux a notre disposition.\",\"email\":\"diversboat@gmail.com\",\"telephone\":\"+66828149282\",\"legalName\":\"Bee'z Mom\",\"foundingDate\":\"2017-01-01\"}]}<\/script>\n<!-- \/ Yoast SEO Premium plugin. -->","yoast_head_json":{"title":"React Right - The Divers Boat","description":"Become an underwater hero with SSI React Right certification. Learn how to respond quickly to diving emergencies. Register now!","robots":{"index":"index","follow":"follow","max-snippet":"max-snippet:-1","max-image-preview":"max-image-preview:large","max-video-preview":"max-video-preview:-1"},"canonical":"https:\/\/thediversboat.com\/en\/product\/react-right-koh-tao\/","og_locale":"en_US","og_type":"article","og_title":"React Right","og_description":"Become an underwater hero with SSI React Right certification. Learn how to respond quickly to diving emergencies. Register now!","og_url":"https:\/\/thediversboat.com\/en\/product\/react-right-koh-tao\/","og_site_name":"The Divers Boat","article_publisher":"https:\/\/www.facebook.com\/thediversboat\/","article_modified_time":"2025-12-06T10:18:39+00:00","og_image":[{"width":1200,"height":762,"url":"https:\/\/thediversboat.com\/wp-content\/uploads\/2022\/04\/React-Right-1.jpg","type":"image\/jpeg"}],"twitter_card":"summary_large_image","twitter_misc":{"Est. reading time":"3 minutes"},"schema":{"@context":"https:\/\/schema.org","@graph":[{"@type":"WebPage","@id":"https:\/\/thediversboat.com\/en\/product\/react-right-koh-tao\/","url":"https:\/\/thediversboat.com\/en\/product\/react-right-koh-tao\/","name":"React Right - The Divers Boat","isPartOf":{"@id":"https:\/\/thediversboat.com\/en\/#website"},"primaryImageOfPage":{"@id":"https:\/\/thediversboat.com\/en\/product\/react-right-koh-tao\/#primaryimage"},"image":{"@id":"https:\/\/thediversboat.com\/en\/product\/react-right-koh-tao\/#primaryimage"},"thumbnailUrl":"https:\/\/thediversboat.com\/wp-content\/uploads\/2022\/04\/React-Right-1.jpg","datePublished":"2022-04-17T03:51:36+00:00","dateModified":"2025-12-06T10:18:39+00:00","description":"Become an underwater hero with SSI React Right certification. Learn how to respond quickly to diving emergencies. Register now!","breadcrumb":{"@id":"https:\/\/thediversboat.com\/en\/product\/react-right-koh-tao\/#breadcrumb"},"inLanguage":"en-US","potentialAction":[{"@type":"ReadAction","target":["https:\/\/thediversboat.com\/en\/product\/react-right-koh-tao\/"]}]},{"@type":"ImageObject","inLanguage":"en-US","@id":"https:\/\/thediversboat.com\/en\/product\/react-right-koh-tao\/#primaryimage","url":"https:\/\/thediversboat.com\/wp-content\/uploads\/2022\/04\/React-Right-1.jpg","contentUrl":"https:\/\/thediversboat.com\/wp-content\/uploads\/2022\/04\/React-Right-1.jpg","width":1200,"height":762,"caption":"React Right"},{"@type":"BreadcrumbList","@id":"https:\/\/thediversboat.com\/en\/product\/react-right-koh-tao\/#breadcrumb","itemListElement":[{"@type":"ListItem","position":1,"name":"Home","item":"https:\/\/thediversboat.com\/en\/"},{"@type":"ListItem","position":2,"name":"Training","item":"https:\/\/thediversboat.com\/en\/shop\/"},{"@type":"ListItem","position":3,"name":"React Right"}]},{"@type":"WebSite","@id":"https:\/\/thediversboat.com\/en\/#website","url":"https:\/\/thediversboat.com\/en\/","name":"The Divers Boat","description":"Centre de plong\u00e9e Fran\u00e7ais \u00e0 Koh Tao","publisher":{"@id":"https:\/\/thediversboat.com\/en\/#organization"},"alternateName":"The Diver's Boat","potentialAction":[{"@type":"SearchAction","target":{"@type":"EntryPoint","urlTemplate":"https:\/\/thediversboat.com\/en\/?s={search_term_string}"},"query-input":{"@type":"PropertyValueSpecification","valueRequired":true,"valueName":"search_term_string"}}],"inLanguage":"en-US"},{"@type":"Organization","@id":"https:\/\/thediversboat.com\/en\/#organization","name":"Centre de plong\u00e9e Fran\u00e7ais \u00e0 Koh Tao","alternateName":"Koh Tao France Plong\u00e9e","url":"https:\/\/thediversboat.com\/en\/","logo":{"@type":"ImageObject","inLanguage":"en-US","@id":"https:\/\/thediversboat.com\/en\/#\/schema\/logo\/image\/","url":"https:\/\/thediversboat.com\/wp-content\/uploads\/2025\/08\/The-Divers-Boat-Koh-Tao-LOGO-scaled.png","contentUrl":"https:\/\/thediversboat.com\/wp-content\/uploads\/2025\/08\/The-Divers-Boat-Koh-Tao-LOGO-scaled.png","width":2560,"height":2560,"caption":"Centre de plong\u00e9e Fran\u00e7ais \u00e0 Koh Tao"},"image":{"@id":"https:\/\/thediversboat.com\/en\/#\/schema\/logo\/image\/"},"sameAs":["https:\/\/www.facebook.com\/thediversboat\/","https:\/\/www.instagram.com\/thediversboat\/","https:\/\/www.youtube.com\/channel\/UCU_3MH0qcQnG2zWsStWl-7g\/"],"description":"The Divers Boat \u2013 L\u2019Aventure Sous-Marine \u00e0 Koh Tao Plongez au c\u0153ur des eaux cristallines de Koh Tao avec The Divers Boat, votre partenaire privil\u00e9gi\u00e9 pour des exp\u00e9riences de plong\u00e9e inoubliables. Que vous soyez d\u00e9butant ou plongeur exp\u00e9riment\u00e9, notre \u00e9quipe passionn\u00e9e et certifi\u00e9e vous accompagne dans la d\u00e9couverte des fonds marins les plus spectaculaires de Tha\u00eflande. Pour cela nous avons 2 bateaux a notre disposition.","email":"diversboat@gmail.com","telephone":"+66828149282","legalName":"Bee'z Mom","foundingDate":"2017-01-01"}]}},"_links":{"self":[{"href":"https:\/\/thediversboat.com\/en\/wp-json\/wp\/v2\/product\/8398","targetHints":{"allow":["GET"]}}],"collection":[{"href":"https:\/\/thediversboat.com\/en\/wp-json\/wp\/v2\/product"}],"about":[{"href":"https:\/\/thediversboat.com\/en\/wp-json\/wp\/v2\/types\/product"}],"wp:featuredmedia":[{"embeddable":true,"href":"https:\/\/thediversboat.com\/en\/wp-json\/wp\/v2\/media\/13268"}],"wp:attachment":[{"href":"https:\/\/thediversboat.com\/en\/wp-json\/wp\/v2\/media?parent=8398"}],"wp:term":[{"taxonomy":"product_brand","embeddable":true,"href":"https:\/\/thediversboat.com\/en\/wp-json\/wp\/v2\/product_brand?post=8398"},{"taxonomy":"product_cat","embeddable":true,"href":"https:\/\/thediversboat.com\/en\/wp-json\/wp\/v2\/product_cat?post=8398"},{"taxonomy":"product_tag","embeddable":true,"href":"https:\/\/thediversboat.com\/en\/wp-json\/wp\/v2\/product_tag?post=8398"}],"curies":[{"name":"wp","href":"https:\/\/api.w.org\/{rel}","templated":true}]}}