{"id":8397,"date":"2022-04-17T10:41:26","date_gmt":"2022-04-17T03:41:26","guid":{"rendered":"https:\/\/thediversboat.com\/diver-stress-and-rescue\/"},"modified":"2026-05-08T16:02:49","modified_gmt":"2026-05-08T09:02:49","slug":"diver-stress-and-rescue","status":"publish","type":"product","link":"https:\/\/thediversboat.com\/en\/product\/diver-stress-and-rescue\/","title":{"rendered":"Diver Stress and Rescue"},"content":{"rendered":"<h1 data-start=\"188\" data-end=\"260\">\u2b50 <strong data-start=\"192\" data-end=\"260\">Stress Management Diving Koh Tao \u2013 Stay Calm and Safe Underwater<\/strong><\/h1>\n<p data-start=\"262\" data-end=\"609\">Diving can sometimes place you in stressful situations caused by the environment, equipment, or even yourself. The <strong data-start=\"377\" data-end=\"413\">Stress Management Diving Koh Tao<\/strong> course teaches you how to identify and manage these situations to ensure your safety and the safety of others. <strong data-start=\"525\" data-end=\"540\">As a result<\/strong>, you can enjoy your dives with greater confidence and peace of mind.<\/p>\n<hr data-start=\"611\" data-end=\"614\" \/>\n<h2 data-start=\"616\" data-end=\"679\">\ud83c\udfaf Why Take the <strong data-start=\"635\" data-end=\"671\">Stress Management Diving Koh Tao<\/strong> Course?<\/h2>\n<p data-start=\"681\" data-end=\"942\">Stress is a major cause of diving accidents and significantly affects rescue operations. <strong data-start=\"770\" data-end=\"783\">Therefore<\/strong>, learning to recognize and handle stress is essential for preventing incidents. This course helps you remain calm and effective, even in emergency situations.<\/p>\n<p data-start=\"944\" data-end=\"1086\">\u00a0<a href=\"https:\/\/www.divessi.com\/en\/advanced-training\/scuba-diving\/stress-and-rescue\">SSI Stress &amp; Rescue Course<\/a> \u2013 <a class=\"decorated-link\" href=\"https:\/\/www.divessi.com\" target=\"_new\" rel=\"noopener\" data-start=\"1003\" data-end=\"1026\">https:\/\/www.divessi.com<\/a><\/p>\n<p data-start=\"944\" data-end=\"1086\">\u00a0<a href=\"https:\/\/thediversboat.com\/en\/product\/react-right-koh-tao\/\">Rescue Diver Course Koh Tao<\/a><\/p>\n<hr data-start=\"1088\" data-end=\"1091\" \/>\n<h2 data-start=\"1093\" data-end=\"1154\">\ud83d\udcd8 Course Structure \u2013 <strong data-start=\"1118\" data-end=\"1154\">Stress Management Diving Koh Tao<\/strong><\/h2>\n<p data-start=\"1156\" data-end=\"1288\">The <strong data-start=\"1160\" data-end=\"1196\">Stress Management Diving Koh Tao<\/strong> program lasts <strong data-start=\"1211\" data-end=\"1221\">2 days<\/strong> and combines theory with practical exercises. You will experience:<\/p>\n<ul data-start=\"1290\" data-end=\"1434\">\n<li data-start=\"1290\" data-end=\"1347\">\n<p data-start=\"1292\" data-end=\"1347\">Classroom sessions on recognizing and managing stress<\/p>\n<\/li>\n<li data-start=\"1348\" data-end=\"1388\">\n<p data-start=\"1350\" data-end=\"1388\"><strong data-start=\"1350\" data-end=\"1370\">5 training dives<\/strong> up to 30 meters<\/p>\n<\/li>\n<li data-start=\"1389\" data-end=\"1434\">\n<p data-start=\"1391\" data-end=\"1434\">Rescue exercises and first-aid techniques<\/p>\n<\/li>\n<\/ul>\n<p data-start=\"1436\" data-end=\"1553\"><strong data-start=\"1436\" data-end=\"1463\">Through these exercises<\/strong>, you learn to anticipate stress and respond appropriately in real-life diving situations.<\/p>\n<hr data-start=\"1555\" data-end=\"1558\" \/>\n<h2 data-start=\"1560\" data-end=\"1585\">\ud83e\udd3f What You Will Learn<\/h2>\n<p data-start=\"1587\" data-end=\"1615\">During the course, you will:<\/p>\n<ul data-start=\"1617\" data-end=\"1832\">\n<li data-start=\"1617\" data-end=\"1674\">\n<p data-start=\"1619\" data-end=\"1674\">Identify stress signs in yourself and your dive buddy<\/p>\n<\/li>\n<li data-start=\"1675\" data-end=\"1725\">\n<p data-start=\"1677\" data-end=\"1725\">Master stress management techniques underwater<\/p>\n<\/li>\n<li data-start=\"1726\" data-end=\"1775\">\n<p data-start=\"1728\" data-end=\"1775\">Practice advanced first aid and rescue skills<\/p>\n<\/li>\n<li data-start=\"1776\" data-end=\"1832\">\n<p data-start=\"1778\" data-end=\"1832\">Build confidence to act effectively in any situation<\/p>\n<\/li>\n<\/ul>\n<p data-start=\"1834\" data-end=\"1906\"><strong data-start=\"1834\" data-end=\"1850\">Consequently<\/strong>, you become a more relaxed, confident, and safer diver.<\/p>\n<hr data-start=\"1908\" data-end=\"1911\" \/>\n<h2 data-start=\"1913\" data-end=\"1958\">\ud83c\udf93 Earn Your Stress &amp; Rescue Certification<\/h2>\n<p data-start=\"1960\" data-end=\"2223\">Upon completing the <strong data-start=\"1980\" data-end=\"2016\">Stress Management Diving Koh Tao<\/strong> program, you receive the <strong data-start=\"2042\" data-end=\"2071\">SSI Stress &amp; Rescue Diver<\/strong> certification. <strong data-start=\"2087\" data-end=\"2103\">From then on<\/strong>, you will be ready to handle stressful situations during dives in Koh Tao and around the world, safely and confidently.<\/p>\n<p><script type=\"application\/ld+json\">\n{\n  \"@context\": \"https:\/\/schema.org\",\n  \"@type\": \"FAQPage\",\n  \"mainEntity\": [\n    {\n      \"@type\": \"Question\",\n      \"name\": \"What level do I need to take the Rescue Diver course in Koh Tao?\",\n      \"acceptedAnswer\": {\n        \"@type\": \"Answer\",\n        \"text\": \"To enrol in the SSI Rescue Diver course in Koh Tao, you need an Advanced Open Water SSI certification (or equivalent) and a valid First Aid \/ CPR certification. A minimum of 20 logged dives in open water is also required.\"\n      }\n    },\n    {\n      \"@type\": \"Question\",\n      \"name\": \"What does the Rescue Diver certification teach you?\",\n      \"acceptedAnswer\": {\n        \"@type\": \"Answer\",\n        \"text\": \"The SSI Rescue Diver certification teaches you to prevent and manage emergency situations in diving. You learn to recognise signs of stress in divers, perform surface and underwater rescues, and handle emergency scenarios. It is also the prerequisite for becoming a Divemaster.\"\n      }\n    },\n    {\n      \"@type\": \"Question\",\n      \"name\": \"How long does the Rescue Diver course take in Koh Tao?\",\n      \"acceptedAnswer\": {\n        \"@type\": \"Answer\",\n        \"text\": \"The SSI Rescue Diver course at The Divers Boat takes 3 to 4 days depending on your progression. It combines theory sessions, surface exercises, and rescue scenario dives in the waters around Koh Tao.\"\n      }\n    },\n    {\n      \"@type\": \"Question\",\n      \"name\": \"Is the SSI Rescue Diver equivalent to the PADI Rescue Diver?\",\n      \"acceptedAnswer\": {\n        \"@type\": \"Answer\",\n        \"text\": \"Yes, the SSI Rescue Diver is internationally recognised and equivalent to the PADI Rescue Diver. Both certifications are accepted at dive centres worldwide and are the prerequisite for the Divemaster level.\"\n      }\n    }\n  ]\n}\n<\/script><\/p>\n","protected":false},"excerpt":{"rendered":"<p>\u2b50 Stress Management Diving Koh Tao \u2013 Stay Calm and Safe Underwater Diving can sometimes place you in stressful situations caused by the environment, equipment, or even yourself. The Stress Management Diving Koh Tao course teaches you how to identify and manage these situations to ensure your safety and the safety of others. As a&#8230;<\/p>\n","protected":false},"featured_media":13266,"template":"","meta":[],"product_brand":[],"product_cat":[41],"product_tag":[],"class_list":{"0":"post-8397","1":"product","2":"type-product","3":"status-publish","4":"has-post-thumbnail","6":"product_cat-advanced-courses","8":"first","9":"instock","10":"virtual","11":"purchasable","12":"product-type-simple"},"yoast_head":"<!-- This site is optimized with the Yoast SEO Premium plugin v26.0 (Yoast SEO v27.5) - https:\/\/yoast.com\/product\/yoast-seo-premium-wordpress\/ -->\n<title>Diver Stress and Rescue - The Divers Boat<\/title>\n<meta name=\"description\" content=\"Learn to identify stress, how to prevent accidents, and discover rescue diver skills with the SSI Diver Stress and Rescue Specialty program. Get started today.\" \/>\n<meta name=\"robots\" content=\"index, follow, max-snippet:-1, max-image-preview:large, max-video-preview:-1\" \/>\n<link rel=\"canonical\" href=\"https:\/\/thediversboat.com\/en\/product\/diver-stress-and-rescue\/\" \/>\n<meta property=\"og:locale\" content=\"en_US\" \/>\n<meta property=\"og:type\" content=\"article\" \/>\n<meta property=\"og:title\" content=\"Diver Stress and Rescue - The Divers Boat\" \/>\n<meta property=\"og:description\" content=\"Learn to identify stress, how to prevent accidents, and discover rescue diver skills with the SSI Diver Stress and Rescue Specialty program. Get started today.\" \/>\n<meta property=\"og:url\" content=\"https:\/\/thediversboat.com\/en\/product\/diver-stress-and-rescue\/\" \/>\n<meta property=\"og:site_name\" content=\"The Divers Boat\" \/>\n<meta property=\"article:publisher\" content=\"https:\/\/www.facebook.com\/thediversboat\/\" \/>\n<meta property=\"article:modified_time\" content=\"2026-05-08T09:02:49+00:00\" \/>\n<meta property=\"og:image\" content=\"https:\/\/thediversboat.com\/wp-content\/uploads\/2022\/04\/Diver-Stress-Rescue-1024x650.jpg\" \/>\n<meta name=\"twitter:card\" content=\"summary_large_image\" \/>\n<meta name=\"twitter:title\" content=\"Diver Stress and Rescue - The Divers Boat\" \/>\n<meta name=\"twitter:description\" content=\"Learn to identify stress, how to prevent accidents, and discover rescue diver skills with the SSI Diver Stress and Rescue Specialty program. Get started today.\" \/>\n<meta name=\"twitter:image\" content=\"https:\/\/thediversboat.com\/wp-content\/uploads\/2022\/04\/Diver-Stress-Rescue-1024x650.jpg\" \/>\n<meta name=\"twitter:label1\" content=\"Est. reading time\" \/>\n\t<meta name=\"twitter:data1\" content=\"3 minutes\" \/>\n<script type=\"application\/ld+json\" class=\"yoast-schema-graph\">{\"@context\":\"https:\\\/\\\/schema.org\",\"@graph\":[{\"@type\":\"WebPage\",\"@id\":\"https:\\\/\\\/thediversboat.com\\\/en\\\/product\\\/diver-stress-and-rescue\\\/\",\"url\":\"https:\\\/\\\/thediversboat.com\\\/en\\\/product\\\/diver-stress-and-rescue\\\/\",\"name\":\"Diver Stress and Rescue - The Divers Boat\",\"isPartOf\":{\"@id\":\"https:\\\/\\\/thediversboat.com\\\/en\\\/#website\"},\"primaryImageOfPage\":{\"@id\":\"https:\\\/\\\/thediversboat.com\\\/en\\\/product\\\/diver-stress-and-rescue\\\/#primaryimage\"},\"image\":{\"@id\":\"https:\\\/\\\/thediversboat.com\\\/en\\\/product\\\/diver-stress-and-rescue\\\/#primaryimage\"},\"thumbnailUrl\":\"https:\\\/\\\/thediversboat.com\\\/wp-content\\\/uploads\\\/2022\\\/04\\\/Diver-Stress-Rescue-1.jpg\",\"datePublished\":\"2022-04-17T03:41:26+00:00\",\"dateModified\":\"2026-05-08T09:02:49+00:00\",\"description\":\"Learn to identify stress, how to prevent accidents, and discover rescue diver skills with the SSI Diver Stress and Rescue Specialty program. Get started today.\",\"breadcrumb\":{\"@id\":\"https:\\\/\\\/thediversboat.com\\\/en\\\/product\\\/diver-stress-and-rescue\\\/#breadcrumb\"},\"inLanguage\":\"en-US\",\"potentialAction\":[{\"@type\":\"ReadAction\",\"target\":[\"https:\\\/\\\/thediversboat.com\\\/en\\\/product\\\/diver-stress-and-rescue\\\/\"]}]},{\"@type\":\"ImageObject\",\"inLanguage\":\"en-US\",\"@id\":\"https:\\\/\\\/thediversboat.com\\\/en\\\/product\\\/diver-stress-and-rescue\\\/#primaryimage\",\"url\":\"https:\\\/\\\/thediversboat.com\\\/wp-content\\\/uploads\\\/2022\\\/04\\\/Diver-Stress-Rescue-1.jpg\",\"contentUrl\":\"https:\\\/\\\/thediversboat.com\\\/wp-content\\\/uploads\\\/2022\\\/04\\\/Diver-Stress-Rescue-1.jpg\",\"width\":1200,\"height\":762,\"caption\":\"Diver Stress & Rescue\"},{\"@type\":\"BreadcrumbList\",\"@id\":\"https:\\\/\\\/thediversboat.com\\\/en\\\/product\\\/diver-stress-and-rescue\\\/#breadcrumb\",\"itemListElement\":[{\"@type\":\"ListItem\",\"position\":1,\"name\":\"Home\",\"item\":\"https:\\\/\\\/thediversboat.com\\\/en\\\/\"},{\"@type\":\"ListItem\",\"position\":2,\"name\":\"Training\",\"item\":\"https:\\\/\\\/thediversboat.com\\\/en\\\/shop\\\/\"},{\"@type\":\"ListItem\",\"position\":3,\"name\":\"Diver Stress and Rescue\"}]},{\"@type\":\"WebSite\",\"@id\":\"https:\\\/\\\/thediversboat.com\\\/en\\\/#website\",\"url\":\"https:\\\/\\\/thediversboat.com\\\/en\\\/\",\"name\":\"The Divers Boat\",\"description\":\"Centre de plong\u00e9e Fran\u00e7ais \u00e0 Koh Tao\",\"publisher\":{\"@id\":\"https:\\\/\\\/thediversboat.com\\\/en\\\/#organization\"},\"alternateName\":\"The Diver's Boat\",\"potentialAction\":[{\"@type\":\"SearchAction\",\"target\":{\"@type\":\"EntryPoint\",\"urlTemplate\":\"https:\\\/\\\/thediversboat.com\\\/en\\\/?s={search_term_string}\"},\"query-input\":{\"@type\":\"PropertyValueSpecification\",\"valueRequired\":true,\"valueName\":\"search_term_string\"}}],\"inLanguage\":\"en-US\"},{\"@type\":\"Organization\",\"@id\":\"https:\\\/\\\/thediversboat.com\\\/en\\\/#organization\",\"name\":\"Centre de plong\u00e9e Fran\u00e7ais \u00e0 Koh Tao\",\"alternateName\":\"Koh Tao France Plong\u00e9e\",\"url\":\"https:\\\/\\\/thediversboat.com\\\/en\\\/\",\"logo\":{\"@type\":\"ImageObject\",\"inLanguage\":\"en-US\",\"@id\":\"https:\\\/\\\/thediversboat.com\\\/en\\\/#\\\/schema\\\/logo\\\/image\\\/\",\"url\":\"https:\\\/\\\/thediversboat.com\\\/wp-content\\\/uploads\\\/2025\\\/08\\\/The-Divers-Boat-Koh-Tao-LOGO-scaled.png\",\"contentUrl\":\"https:\\\/\\\/thediversboat.com\\\/wp-content\\\/uploads\\\/2025\\\/08\\\/The-Divers-Boat-Koh-Tao-LOGO-scaled.png\",\"width\":2560,\"height\":2560,\"caption\":\"Centre de plong\u00e9e Fran\u00e7ais \u00e0 Koh Tao\"},\"image\":{\"@id\":\"https:\\\/\\\/thediversboat.com\\\/en\\\/#\\\/schema\\\/logo\\\/image\\\/\"},\"sameAs\":[\"https:\\\/\\\/www.facebook.com\\\/thediversboat\\\/\",\"https:\\\/\\\/www.instagram.com\\\/thediversboat\\\/\",\"https:\\\/\\\/www.youtube.com\\\/channel\\\/UCU_3MH0qcQnG2zWsStWl-7g\\\/\"],\"description\":\"The Divers Boat \u2013 L\u2019Aventure Sous-Marine \u00e0 Koh Tao Plongez au c\u0153ur des eaux cristallines de Koh Tao avec The Divers Boat, votre partenaire privil\u00e9gi\u00e9 pour des exp\u00e9riences de plong\u00e9e inoubliables. Que vous soyez d\u00e9butant ou plongeur exp\u00e9riment\u00e9, notre \u00e9quipe passionn\u00e9e et certifi\u00e9e vous accompagne dans la d\u00e9couverte des fonds marins les plus spectaculaires de Tha\u00eflande. Pour cela nous avons 2 bateaux a notre disposition.\",\"email\":\"diversboat@gmail.com\",\"telephone\":\"+66828149282\",\"legalName\":\"Bee'z Mom\",\"foundingDate\":\"2017-01-01\"}]}<\/script>\n<!-- \/ Yoast SEO Premium plugin. -->","yoast_head_json":{"title":"Diver Stress and Rescue - The Divers Boat","description":"Learn to identify stress, how to prevent accidents, and discover rescue diver skills with the SSI Diver Stress and Rescue Specialty program. Get started today.","robots":{"index":"index","follow":"follow","max-snippet":"max-snippet:-1","max-image-preview":"max-image-preview:large","max-video-preview":"max-video-preview:-1"},"canonical":"https:\/\/thediversboat.com\/en\/product\/diver-stress-and-rescue\/","og_locale":"en_US","og_type":"article","og_title":"Diver Stress and Rescue - The Divers Boat","og_description":"Learn to identify stress, how to prevent accidents, and discover rescue diver skills with the SSI Diver Stress and Rescue Specialty program. Get started today.","og_url":"https:\/\/thediversboat.com\/en\/product\/diver-stress-and-rescue\/","og_site_name":"The Divers Boat","article_publisher":"https:\/\/www.facebook.com\/thediversboat\/","article_modified_time":"2026-05-08T09:02:49+00:00","og_image":[{"url":"https:\/\/thediversboat.com\/wp-content\/uploads\/2022\/04\/Diver-Stress-Rescue-1024x650.jpg","type":"","width":"","height":""}],"twitter_card":"summary_large_image","twitter_title":"Diver Stress and Rescue - The Divers Boat","twitter_description":"Learn to identify stress, how to prevent accidents, and discover rescue diver skills with the SSI Diver Stress and Rescue Specialty program. Get started today.","twitter_image":"https:\/\/thediversboat.com\/wp-content\/uploads\/2022\/04\/Diver-Stress-Rescue-1024x650.jpg","twitter_misc":{"Est. reading time":"3 minutes"},"schema":{"@context":"https:\/\/schema.org","@graph":[{"@type":"WebPage","@id":"https:\/\/thediversboat.com\/en\/product\/diver-stress-and-rescue\/","url":"https:\/\/thediversboat.com\/en\/product\/diver-stress-and-rescue\/","name":"Diver Stress and Rescue - The Divers Boat","isPartOf":{"@id":"https:\/\/thediversboat.com\/en\/#website"},"primaryImageOfPage":{"@id":"https:\/\/thediversboat.com\/en\/product\/diver-stress-and-rescue\/#primaryimage"},"image":{"@id":"https:\/\/thediversboat.com\/en\/product\/diver-stress-and-rescue\/#primaryimage"},"thumbnailUrl":"https:\/\/thediversboat.com\/wp-content\/uploads\/2022\/04\/Diver-Stress-Rescue-1.jpg","datePublished":"2022-04-17T03:41:26+00:00","dateModified":"2026-05-08T09:02:49+00:00","description":"Learn to identify stress, how to prevent accidents, and discover rescue diver skills with the SSI Diver Stress and Rescue Specialty program. Get started today.","breadcrumb":{"@id":"https:\/\/thediversboat.com\/en\/product\/diver-stress-and-rescue\/#breadcrumb"},"inLanguage":"en-US","potentialAction":[{"@type":"ReadAction","target":["https:\/\/thediversboat.com\/en\/product\/diver-stress-and-rescue\/"]}]},{"@type":"ImageObject","inLanguage":"en-US","@id":"https:\/\/thediversboat.com\/en\/product\/diver-stress-and-rescue\/#primaryimage","url":"https:\/\/thediversboat.com\/wp-content\/uploads\/2022\/04\/Diver-Stress-Rescue-1.jpg","contentUrl":"https:\/\/thediversboat.com\/wp-content\/uploads\/2022\/04\/Diver-Stress-Rescue-1.jpg","width":1200,"height":762,"caption":"Diver Stress & Rescue"},{"@type":"BreadcrumbList","@id":"https:\/\/thediversboat.com\/en\/product\/diver-stress-and-rescue\/#breadcrumb","itemListElement":[{"@type":"ListItem","position":1,"name":"Home","item":"https:\/\/thediversboat.com\/en\/"},{"@type":"ListItem","position":2,"name":"Training","item":"https:\/\/thediversboat.com\/en\/shop\/"},{"@type":"ListItem","position":3,"name":"Diver Stress and Rescue"}]},{"@type":"WebSite","@id":"https:\/\/thediversboat.com\/en\/#website","url":"https:\/\/thediversboat.com\/en\/","name":"The Divers Boat","description":"Centre de plong\u00e9e Fran\u00e7ais \u00e0 Koh Tao","publisher":{"@id":"https:\/\/thediversboat.com\/en\/#organization"},"alternateName":"The Diver's Boat","potentialAction":[{"@type":"SearchAction","target":{"@type":"EntryPoint","urlTemplate":"https:\/\/thediversboat.com\/en\/?s={search_term_string}"},"query-input":{"@type":"PropertyValueSpecification","valueRequired":true,"valueName":"search_term_string"}}],"inLanguage":"en-US"},{"@type":"Organization","@id":"https:\/\/thediversboat.com\/en\/#organization","name":"Centre de plong\u00e9e Fran\u00e7ais \u00e0 Koh Tao","alternateName":"Koh Tao France Plong\u00e9e","url":"https:\/\/thediversboat.com\/en\/","logo":{"@type":"ImageObject","inLanguage":"en-US","@id":"https:\/\/thediversboat.com\/en\/#\/schema\/logo\/image\/","url":"https:\/\/thediversboat.com\/wp-content\/uploads\/2025\/08\/The-Divers-Boat-Koh-Tao-LOGO-scaled.png","contentUrl":"https:\/\/thediversboat.com\/wp-content\/uploads\/2025\/08\/The-Divers-Boat-Koh-Tao-LOGO-scaled.png","width":2560,"height":2560,"caption":"Centre de plong\u00e9e Fran\u00e7ais \u00e0 Koh Tao"},"image":{"@id":"https:\/\/thediversboat.com\/en\/#\/schema\/logo\/image\/"},"sameAs":["https:\/\/www.facebook.com\/thediversboat\/","https:\/\/www.instagram.com\/thediversboat\/","https:\/\/www.youtube.com\/channel\/UCU_3MH0qcQnG2zWsStWl-7g\/"],"description":"The Divers Boat \u2013 L\u2019Aventure Sous-Marine \u00e0 Koh Tao Plongez au c\u0153ur des eaux cristallines de Koh Tao avec The Divers Boat, votre partenaire privil\u00e9gi\u00e9 pour des exp\u00e9riences de plong\u00e9e inoubliables. Que vous soyez d\u00e9butant ou plongeur exp\u00e9riment\u00e9, notre \u00e9quipe passionn\u00e9e et certifi\u00e9e vous accompagne dans la d\u00e9couverte des fonds marins les plus spectaculaires de Tha\u00eflande. Pour cela nous avons 2 bateaux a notre disposition.","email":"diversboat@gmail.com","telephone":"+66828149282","legalName":"Bee'z Mom","foundingDate":"2017-01-01"}]}},"_links":{"self":[{"href":"https:\/\/thediversboat.com\/en\/wp-json\/wp\/v2\/product\/8397","targetHints":{"allow":["GET"]}}],"collection":[{"href":"https:\/\/thediversboat.com\/en\/wp-json\/wp\/v2\/product"}],"about":[{"href":"https:\/\/thediversboat.com\/en\/wp-json\/wp\/v2\/types\/product"}],"wp:featuredmedia":[{"embeddable":true,"href":"https:\/\/thediversboat.com\/en\/wp-json\/wp\/v2\/media\/13266"}],"wp:attachment":[{"href":"https:\/\/thediversboat.com\/en\/wp-json\/wp\/v2\/media?parent=8397"}],"wp:term":[{"taxonomy":"product_brand","embeddable":true,"href":"https:\/\/thediversboat.com\/en\/wp-json\/wp\/v2\/product_brand?post=8397"},{"taxonomy":"product_cat","embeddable":true,"href":"https:\/\/thediversboat.com\/en\/wp-json\/wp\/v2\/product_cat?post=8397"},{"taxonomy":"product_tag","embeddable":true,"href":"https:\/\/thediversboat.com\/en\/wp-json\/wp\/v2\/product_tag?post=8397"}],"curies":[{"name":"wp","href":"https:\/\/api.w.org\/{rel}","templated":true}]}}