{"id":8394,"date":"2022-04-19T12:03:02","date_gmt":"2022-04-19T05:03:02","guid":{"rendered":"https:\/\/thediversboat.com\/night-diving-limited-visibily\/"},"modified":"2025-12-06T15:26:00","modified_gmt":"2025-12-06T08:26:00","slug":"night-diving-limited-visibily","status":"publish","type":"product","link":"https:\/\/thediversboat.com\/en\/product\/night-diving-limited-visibily\/","title":{"rendered":"Night Diving &#038; Limited Visibily"},"content":{"rendered":"<h2 data-start=\"1702\" data-end=\"1764\">Course Structure \u2013 SSI Night Diving &amp; Limited Visibility<\/h2>\n<p data-start=\"1766\" data-end=\"1924\">This <strong data-start=\"1771\" data-end=\"1787\">1-day course<\/strong> includes both theory and <strong data-start=\"1813\" data-end=\"1834\">2 practical dives<\/strong>, up to a maximum depth of 30 meters. During your Night Diving Koh Tao training, you will:<\/p>\n<ul data-start=\"1926\" data-end=\"2220\">\n<li data-start=\"1926\" data-end=\"1981\">\n<p data-start=\"1928\" data-end=\"1981\">Learn how to prepare and check night-dive equipment<\/p>\n<\/li>\n<li data-start=\"1982\" data-end=\"2046\">\n<p data-start=\"1984\" data-end=\"2046\">Understand safety procedures for low-visibility environments<\/p>\n<\/li>\n<li data-start=\"2047\" data-end=\"2102\">\n<p data-start=\"2049\" data-end=\"2102\">Practice torch signals and underwater communication<\/p>\n<\/li>\n<li data-start=\"2103\" data-end=\"2153\">\n<p data-start=\"2105\" data-end=\"2153\">Strengthen your buoyancy and navigation skills<\/p>\n<\/li>\n<li data-start=\"2154\" data-end=\"2220\">\n<p data-start=\"2156\" data-end=\"2220\">Develop strategies to stay aware of your surroundings at night<\/p>\n<\/li>\n<\/ul>\n<p data-start=\"2222\" data-end=\"2303\">Thanks to these skills, you become more confident and more autonomous underwater.<\/p>\n<hr data-start=\"2305\" data-end=\"2308\" \/>\n<h2 data-start=\"2310\" data-end=\"2368\">\ud83d\udd26 What You Will Experience During Night Diving Koh Tao<\/h2>\n<p data-start=\"2370\" data-end=\"2405\">Night Diving Koh Tao allows you to:<\/p>\n<ul data-start=\"2407\" data-end=\"2568\">\n<li data-start=\"2407\" data-end=\"2444\">\n<p data-start=\"2409\" data-end=\"2444\">Discover nocturnal marine species<\/p>\n<\/li>\n<li data-start=\"2445\" data-end=\"2482\">\n<p data-start=\"2447\" data-end=\"2482\">Improve your underwater awareness<\/p>\n<\/li>\n<li data-start=\"2483\" data-end=\"2518\">\n<p data-start=\"2485\" data-end=\"2518\">Dive with specialized equipment<\/p>\n<\/li>\n<li data-start=\"2519\" data-end=\"2568\">\n<p data-start=\"2521\" data-end=\"2568\">Enjoy a calm and unique underwater atmosphere<\/p>\n<\/li>\n<\/ul>\n<p data-start=\"2570\" data-end=\"2726\">After completing the SSI NIGHT DIVING &amp; LIMITED VISIBILITY certification, you are fully prepared to dive confidently in dark or low-visibility environments.<\/p>\n","protected":false},"excerpt":{"rendered":"<p>Course Structure \u2013 SSI Night Diving &amp; Limited Visibility This 1-day course includes both theory and 2 practical dives, up to a maximum depth of 30 meters. During your Night Diving Koh Tao training, you will: Learn how to prepare and check night-dive equipment Understand safety procedures for low-visibility environments Practice torch signals and underwater&#8230;<\/p>\n","protected":false},"featured_media":13284,"template":"","meta":[],"product_brand":[],"product_cat":[40],"product_tag":[],"class_list":{"0":"post-8394","1":"product","2":"type-product","3":"status-publish","4":"has-post-thumbnail","6":"product_cat-specialty","8":"first","9":"instock","10":"virtual","11":"purchasable","12":"product-type-simple"},"yoast_head":"<!-- This site is optimized with the Yoast SEO Premium plugin v26.0 (Yoast SEO v27.5) - https:\/\/yoast.com\/product\/yoast-seo-premium-wordpress\/ -->\n<title>Night Diving and Limited Visibility\u200b | The Diver&#039;s Boat<\/title>\n<meta name=\"description\" content=\"Discover SSI Night &amp; Limited Visibility course. Learn safe night-dive skills, use proper equipment, and explore the ocean after dark.\" \/>\n<meta name=\"robots\" content=\"index, follow, max-snippet:-1, max-image-preview:large, max-video-preview:-1\" \/>\n<link rel=\"canonical\" href=\"https:\/\/thediversboat.com\/en\/product\/night-diving-limited-visibily\/\" \/>\n<meta property=\"og:locale\" content=\"en_US\" \/>\n<meta property=\"og:type\" content=\"article\" \/>\n<meta property=\"og:title\" content=\"Night Diving &amp; Limited Visibily\" \/>\n<meta property=\"og:description\" content=\"Discover SSI Night &amp; Limited Visibility course. Learn safe night-dive skills, use proper equipment, and explore the ocean after dark.\" \/>\n<meta property=\"og:url\" content=\"https:\/\/thediversboat.com\/en\/product\/night-diving-limited-visibily\/\" \/>\n<meta property=\"og:site_name\" content=\"The Divers Boat\" \/>\n<meta property=\"article:publisher\" content=\"https:\/\/www.facebook.com\/thediversboat\/\" \/>\n<meta property=\"article:modified_time\" content=\"2025-12-06T08:26:00+00:00\" \/>\n<meta property=\"og:image\" content=\"https:\/\/thediversboat.com\/wp-content\/uploads\/2022\/04\/Plongee-de-nuit-et-visibilite-limitee-Night-Diving-and-Limited-Visibility-1.jpg\" \/>\n\t<meta property=\"og:image:width\" content=\"1200\" \/>\n\t<meta property=\"og:image:height\" content=\"762\" \/>\n\t<meta property=\"og:image:type\" content=\"image\/jpeg\" \/>\n<meta name=\"twitter:card\" content=\"summary_large_image\" \/>\n<meta name=\"twitter:label1\" content=\"Est. reading time\" \/>\n\t<meta name=\"twitter:data1\" content=\"2 minutes\" \/>\n<script type=\"application\/ld+json\" class=\"yoast-schema-graph\">{\"@context\":\"https:\\\/\\\/schema.org\",\"@graph\":[{\"@type\":\"WebPage\",\"@id\":\"https:\\\/\\\/thediversboat.com\\\/en\\\/product\\\/night-diving-limited-visibily\\\/\",\"url\":\"https:\\\/\\\/thediversboat.com\\\/en\\\/product\\\/night-diving-limited-visibily\\\/\",\"name\":\"Night Diving and Limited Visibility\u200b | The Diver's Boat\",\"isPartOf\":{\"@id\":\"https:\\\/\\\/thediversboat.com\\\/en\\\/#website\"},\"primaryImageOfPage\":{\"@id\":\"https:\\\/\\\/thediversboat.com\\\/en\\\/product\\\/night-diving-limited-visibily\\\/#primaryimage\"},\"image\":{\"@id\":\"https:\\\/\\\/thediversboat.com\\\/en\\\/product\\\/night-diving-limited-visibily\\\/#primaryimage\"},\"thumbnailUrl\":\"https:\\\/\\\/thediversboat.com\\\/wp-content\\\/uploads\\\/2022\\\/04\\\/Plongee-de-nuit-et-visibilite-limitee-Night-Diving-and-Limited-Visibility-1.jpg\",\"datePublished\":\"2022-04-19T05:03:02+00:00\",\"dateModified\":\"2025-12-06T08:26:00+00:00\",\"description\":\"Discover SSI Night & Limited Visibility course. Learn safe night-dive skills, use proper equipment, and explore the ocean after dark.\",\"breadcrumb\":{\"@id\":\"https:\\\/\\\/thediversboat.com\\\/en\\\/product\\\/night-diving-limited-visibily\\\/#breadcrumb\"},\"inLanguage\":\"en-US\",\"potentialAction\":[{\"@type\":\"ReadAction\",\"target\":[\"https:\\\/\\\/thediversboat.com\\\/en\\\/product\\\/night-diving-limited-visibily\\\/\"]}]},{\"@type\":\"ImageObject\",\"inLanguage\":\"en-US\",\"@id\":\"https:\\\/\\\/thediversboat.com\\\/en\\\/product\\\/night-diving-limited-visibily\\\/#primaryimage\",\"url\":\"https:\\\/\\\/thediversboat.com\\\/wp-content\\\/uploads\\\/2022\\\/04\\\/Plongee-de-nuit-et-visibilite-limitee-Night-Diving-and-Limited-Visibility-1.jpg\",\"contentUrl\":\"https:\\\/\\\/thediversboat.com\\\/wp-content\\\/uploads\\\/2022\\\/04\\\/Plongee-de-nuit-et-visibilite-limitee-Night-Diving-and-Limited-Visibility-1.jpg\",\"width\":1200,\"height\":762,\"caption\":\"Plong\u00e9e de nuit et visibilit\u00e9 limit\u00e9e (Night Diving and Limited Visibility)\"},{\"@type\":\"BreadcrumbList\",\"@id\":\"https:\\\/\\\/thediversboat.com\\\/en\\\/product\\\/night-diving-limited-visibily\\\/#breadcrumb\",\"itemListElement\":[{\"@type\":\"ListItem\",\"position\":1,\"name\":\"Home\",\"item\":\"https:\\\/\\\/thediversboat.com\\\/en\\\/\"},{\"@type\":\"ListItem\",\"position\":2,\"name\":\"Training\",\"item\":\"https:\\\/\\\/thediversboat.com\\\/en\\\/shop\\\/\"},{\"@type\":\"ListItem\",\"position\":3,\"name\":\"Night Diving &#038; Limited Visibily\"}]},{\"@type\":\"WebSite\",\"@id\":\"https:\\\/\\\/thediversboat.com\\\/en\\\/#website\",\"url\":\"https:\\\/\\\/thediversboat.com\\\/en\\\/\",\"name\":\"The Divers Boat\",\"description\":\"Centre de plong\u00e9e Fran\u00e7ais \u00e0 Koh Tao\",\"publisher\":{\"@id\":\"https:\\\/\\\/thediversboat.com\\\/en\\\/#organization\"},\"alternateName\":\"The Diver's Boat\",\"potentialAction\":[{\"@type\":\"SearchAction\",\"target\":{\"@type\":\"EntryPoint\",\"urlTemplate\":\"https:\\\/\\\/thediversboat.com\\\/en\\\/?s={search_term_string}\"},\"query-input\":{\"@type\":\"PropertyValueSpecification\",\"valueRequired\":true,\"valueName\":\"search_term_string\"}}],\"inLanguage\":\"en-US\"},{\"@type\":\"Organization\",\"@id\":\"https:\\\/\\\/thediversboat.com\\\/en\\\/#organization\",\"name\":\"Centre de plong\u00e9e Fran\u00e7ais \u00e0 Koh Tao\",\"alternateName\":\"Koh Tao France Plong\u00e9e\",\"url\":\"https:\\\/\\\/thediversboat.com\\\/en\\\/\",\"logo\":{\"@type\":\"ImageObject\",\"inLanguage\":\"en-US\",\"@id\":\"https:\\\/\\\/thediversboat.com\\\/en\\\/#\\\/schema\\\/logo\\\/image\\\/\",\"url\":\"https:\\\/\\\/thediversboat.com\\\/wp-content\\\/uploads\\\/2025\\\/08\\\/The-Divers-Boat-Koh-Tao-LOGO-scaled.png\",\"contentUrl\":\"https:\\\/\\\/thediversboat.com\\\/wp-content\\\/uploads\\\/2025\\\/08\\\/The-Divers-Boat-Koh-Tao-LOGO-scaled.png\",\"width\":2560,\"height\":2560,\"caption\":\"Centre de plong\u00e9e Fran\u00e7ais \u00e0 Koh Tao\"},\"image\":{\"@id\":\"https:\\\/\\\/thediversboat.com\\\/en\\\/#\\\/schema\\\/logo\\\/image\\\/\"},\"sameAs\":[\"https:\\\/\\\/www.facebook.com\\\/thediversboat\\\/\",\"https:\\\/\\\/www.instagram.com\\\/thediversboat\\\/\",\"https:\\\/\\\/www.youtube.com\\\/channel\\\/UCU_3MH0qcQnG2zWsStWl-7g\\\/\"],\"description\":\"The Divers Boat \u2013 L\u2019Aventure Sous-Marine \u00e0 Koh Tao Plongez au c\u0153ur des eaux cristallines de Koh Tao avec The Divers Boat, votre partenaire privil\u00e9gi\u00e9 pour des exp\u00e9riences de plong\u00e9e inoubliables. Que vous soyez d\u00e9butant ou plongeur exp\u00e9riment\u00e9, notre \u00e9quipe passionn\u00e9e et certifi\u00e9e vous accompagne dans la d\u00e9couverte des fonds marins les plus spectaculaires de Tha\u00eflande. Pour cela nous avons 2 bateaux a notre disposition.\",\"email\":\"diversboat@gmail.com\",\"telephone\":\"+66828149282\",\"legalName\":\"Bee'z Mom\",\"foundingDate\":\"2017-01-01\"}]}<\/script>\n<!-- \/ Yoast SEO Premium plugin. -->","yoast_head_json":{"title":"Night Diving and Limited Visibility\u200b | The Diver's Boat","description":"Discover SSI Night & Limited Visibility course. Learn safe night-dive skills, use proper equipment, and explore the ocean after dark.","robots":{"index":"index","follow":"follow","max-snippet":"max-snippet:-1","max-image-preview":"max-image-preview:large","max-video-preview":"max-video-preview:-1"},"canonical":"https:\/\/thediversboat.com\/en\/product\/night-diving-limited-visibily\/","og_locale":"en_US","og_type":"article","og_title":"Night Diving & Limited Visibily","og_description":"Discover SSI Night & Limited Visibility course. Learn safe night-dive skills, use proper equipment, and explore the ocean after dark.","og_url":"https:\/\/thediversboat.com\/en\/product\/night-diving-limited-visibily\/","og_site_name":"The Divers Boat","article_publisher":"https:\/\/www.facebook.com\/thediversboat\/","article_modified_time":"2025-12-06T08:26:00+00:00","og_image":[{"width":1200,"height":762,"url":"https:\/\/thediversboat.com\/wp-content\/uploads\/2022\/04\/Plongee-de-nuit-et-visibilite-limitee-Night-Diving-and-Limited-Visibility-1.jpg","type":"image\/jpeg"}],"twitter_card":"summary_large_image","twitter_misc":{"Est. reading time":"2 minutes"},"schema":{"@context":"https:\/\/schema.org","@graph":[{"@type":"WebPage","@id":"https:\/\/thediversboat.com\/en\/product\/night-diving-limited-visibily\/","url":"https:\/\/thediversboat.com\/en\/product\/night-diving-limited-visibily\/","name":"Night Diving and Limited Visibility\u200b | The Diver's Boat","isPartOf":{"@id":"https:\/\/thediversboat.com\/en\/#website"},"primaryImageOfPage":{"@id":"https:\/\/thediversboat.com\/en\/product\/night-diving-limited-visibily\/#primaryimage"},"image":{"@id":"https:\/\/thediversboat.com\/en\/product\/night-diving-limited-visibily\/#primaryimage"},"thumbnailUrl":"https:\/\/thediversboat.com\/wp-content\/uploads\/2022\/04\/Plongee-de-nuit-et-visibilite-limitee-Night-Diving-and-Limited-Visibility-1.jpg","datePublished":"2022-04-19T05:03:02+00:00","dateModified":"2025-12-06T08:26:00+00:00","description":"Discover SSI Night & Limited Visibility course. Learn safe night-dive skills, use proper equipment, and explore the ocean after dark.","breadcrumb":{"@id":"https:\/\/thediversboat.com\/en\/product\/night-diving-limited-visibily\/#breadcrumb"},"inLanguage":"en-US","potentialAction":[{"@type":"ReadAction","target":["https:\/\/thediversboat.com\/en\/product\/night-diving-limited-visibily\/"]}]},{"@type":"ImageObject","inLanguage":"en-US","@id":"https:\/\/thediversboat.com\/en\/product\/night-diving-limited-visibily\/#primaryimage","url":"https:\/\/thediversboat.com\/wp-content\/uploads\/2022\/04\/Plongee-de-nuit-et-visibilite-limitee-Night-Diving-and-Limited-Visibility-1.jpg","contentUrl":"https:\/\/thediversboat.com\/wp-content\/uploads\/2022\/04\/Plongee-de-nuit-et-visibilite-limitee-Night-Diving-and-Limited-Visibility-1.jpg","width":1200,"height":762,"caption":"Plong\u00e9e de nuit et visibilit\u00e9 limit\u00e9e (Night Diving and Limited Visibility)"},{"@type":"BreadcrumbList","@id":"https:\/\/thediversboat.com\/en\/product\/night-diving-limited-visibily\/#breadcrumb","itemListElement":[{"@type":"ListItem","position":1,"name":"Home","item":"https:\/\/thediversboat.com\/en\/"},{"@type":"ListItem","position":2,"name":"Training","item":"https:\/\/thediversboat.com\/en\/shop\/"},{"@type":"ListItem","position":3,"name":"Night Diving &#038; Limited Visibily"}]},{"@type":"WebSite","@id":"https:\/\/thediversboat.com\/en\/#website","url":"https:\/\/thediversboat.com\/en\/","name":"The Divers Boat","description":"Centre de plong\u00e9e Fran\u00e7ais \u00e0 Koh Tao","publisher":{"@id":"https:\/\/thediversboat.com\/en\/#organization"},"alternateName":"The Diver's Boat","potentialAction":[{"@type":"SearchAction","target":{"@type":"EntryPoint","urlTemplate":"https:\/\/thediversboat.com\/en\/?s={search_term_string}"},"query-input":{"@type":"PropertyValueSpecification","valueRequired":true,"valueName":"search_term_string"}}],"inLanguage":"en-US"},{"@type":"Organization","@id":"https:\/\/thediversboat.com\/en\/#organization","name":"Centre de plong\u00e9e Fran\u00e7ais \u00e0 Koh Tao","alternateName":"Koh Tao France Plong\u00e9e","url":"https:\/\/thediversboat.com\/en\/","logo":{"@type":"ImageObject","inLanguage":"en-US","@id":"https:\/\/thediversboat.com\/en\/#\/schema\/logo\/image\/","url":"https:\/\/thediversboat.com\/wp-content\/uploads\/2025\/08\/The-Divers-Boat-Koh-Tao-LOGO-scaled.png","contentUrl":"https:\/\/thediversboat.com\/wp-content\/uploads\/2025\/08\/The-Divers-Boat-Koh-Tao-LOGO-scaled.png","width":2560,"height":2560,"caption":"Centre de plong\u00e9e Fran\u00e7ais \u00e0 Koh Tao"},"image":{"@id":"https:\/\/thediversboat.com\/en\/#\/schema\/logo\/image\/"},"sameAs":["https:\/\/www.facebook.com\/thediversboat\/","https:\/\/www.instagram.com\/thediversboat\/","https:\/\/www.youtube.com\/channel\/UCU_3MH0qcQnG2zWsStWl-7g\/"],"description":"The Divers Boat \u2013 L\u2019Aventure Sous-Marine \u00e0 Koh Tao Plongez au c\u0153ur des eaux cristallines de Koh Tao avec The Divers Boat, votre partenaire privil\u00e9gi\u00e9 pour des exp\u00e9riences de plong\u00e9e inoubliables. Que vous soyez d\u00e9butant ou plongeur exp\u00e9riment\u00e9, notre \u00e9quipe passionn\u00e9e et certifi\u00e9e vous accompagne dans la d\u00e9couverte des fonds marins les plus spectaculaires de Tha\u00eflande. Pour cela nous avons 2 bateaux a notre disposition.","email":"diversboat@gmail.com","telephone":"+66828149282","legalName":"Bee'z Mom","foundingDate":"2017-01-01"}]}},"_links":{"self":[{"href":"https:\/\/thediversboat.com\/en\/wp-json\/wp\/v2\/product\/8394","targetHints":{"allow":["GET"]}}],"collection":[{"href":"https:\/\/thediversboat.com\/en\/wp-json\/wp\/v2\/product"}],"about":[{"href":"https:\/\/thediversboat.com\/en\/wp-json\/wp\/v2\/types\/product"}],"wp:featuredmedia":[{"embeddable":true,"href":"https:\/\/thediversboat.com\/en\/wp-json\/wp\/v2\/media\/13284"}],"wp:attachment":[{"href":"https:\/\/thediversboat.com\/en\/wp-json\/wp\/v2\/media?parent=8394"}],"wp:term":[{"taxonomy":"product_brand","embeddable":true,"href":"https:\/\/thediversboat.com\/en\/wp-json\/wp\/v2\/product_brand?post=8394"},{"taxonomy":"product_cat","embeddable":true,"href":"https:\/\/thediversboat.com\/en\/wp-json\/wp\/v2\/product_cat?post=8394"},{"taxonomy":"product_tag","embeddable":true,"href":"https:\/\/thediversboat.com\/en\/wp-json\/wp\/v2\/product_tag?post=8394"}],"curies":[{"name":"wp","href":"https:\/\/api.w.org\/{rel}","templated":true}]}}