{"id":8468,"date":"2022-04-06T13:37:19","date_gmt":"2022-04-06T06:37:19","guid":{"rendered":"https:\/\/thediversboat.com\/privacy-policy\/"},"modified":"2025-01-20T13:28:33","modified_gmt":"2025-01-20T06:28:33","slug":"privacy-policy","status":"publish","type":"page","link":"https:\/\/thediversboat.com\/en\/privacy-policy\/","title":{"rendered":"Privacy Policy"},"content":{"rendered":"<section class=\"l-section wpb_row height_small\"><div class=\"l-section-h i-cf\"><div class=\"g-cols vc_row via_flex valign_top type_default stacking_default\"><div class=\"vc_col-sm-12 wpb_column vc_column_container\"><div class=\"vc_column-inner\"><div class=\"wpb_wrapper\">[vc_custom_heading text=&#8221;Privacy Policies&#8221; font_container=&#8221;tag:h1|text_align:left&#8221; use_theme_fonts=&#8221;yes&#8221;]<div class=\"wpb_text_column\"><div class=\"wpb_wrapper\"><h4><strong>Your data is important to us!<\/strong><\/h4>\n<p>When you access <a href=\"https:\/\/thediversboat.com\/en\/\">The Divers Boat<\/a> website, we record certain data in log files. This includes your IP address, date, time, browser request and operating system information. So your privacy policy is very important for us because it&#8217;s the confidentially.<\/p>\n<p>We secure the personal data you enter on the application form with SSL encryption. This technology protects your information from unauthorized access.<\/p>\n<p>We only use your personal data to respond to your request. We only share this data with authorized personnel. In addition, we do not disclose your information to third parties outside our law firm. We archive as little data as possible and ask you to send us only the information we need. Please note that your data is processed on servers in Switzerland or the European Union, with no transfers outside these areas.<\/p>\n<p>If your request does not lead to a contract, we will promptly delete your data, including attachments. On the other hand, if we do conclude an agreement, we comply with all data protection and confidentiality laws.<\/p>\n<h4>Google<\/h4>\n<p>We use Google Maps to display our office address. When you access a page with a map, we send some data to Google, but no personal data. You can easily prevent this transmission by using browser extensions.<\/p>\n<p>With regard to Google Analytics, this website uses this analysis service provided by Google. This service uses cookies to collect information. Generally, we send this data to a Google server in the USA.<\/p>\n<p>We have activated IP anonymization on this site. This means that we abbreviate your IP address before sending it to the USA. In exceptional cases, we may send the full IP address, but we always abbreviate it afterwards. Google uses this information to evaluate the use of the site and to create activity reports.<\/p>\n<p>Finally, your IP address, provided by your browser, is not combined with other Google data. You can also prevent cookies from being saved by changing your browser settings. However, this may restrict certain functions of our website. You can also prevent Google from processing your data by using a browser plug-in.<\/p>\n<p>For further information on Google&#8217;s use of data for advertising purposes, please refer to this link: <a href=\"https:\/\/www.google.com\/intl\/en\/policies\/privacy\/partners\/\">https:\/\/www.google.com\/intl\/en\/policies\/privacy\/partners\/<\/a> (\u201cHow Google uses data when you use our partners&#8217; websites or applications\u201d).<\/p>\n<h4>Finally<\/h4>\n<p>You can ask us for your rights at any time by e-mail (<a href=\"mailto:info@thediversboat.com\">info@thediversboat.com<\/a>) for information on the processing of data, on the categories of data, as well as on the scope, purpose and legitimacy of the processing and the envisaged retention period of personal data. You can also ask us to delete, restrict, rectify or complete data that is incorrect, unnecessary, disputed or incomplete. Data that we are obliged to retain due to contractual and legal retention obligations is excluded from deletion. On expiry of all contractual and legal retention obligations, all data and files will be destroyed.<\/p>\n<p>Copyright @The Diver&#8217;s Boat, 2022<\/p>\n<\/div><\/div><\/div><\/div><\/div><\/div><\/div><\/section>\n","protected":false},"excerpt":{"rendered":"[vc_custom_heading text=\"Privacy Policies\" font_container=\"tag:h1|text_align:left\" use_theme_fonts=\"yes\"]Your data is important to us! When you access The Divers Boat website, we record certain data in log files. This includes your IP address, date, time, browser request and operating system information. So your privacy policy is very important for us because it&#8217;s the confidentially. We secure the personal data...","protected":false},"author":1,"featured_media":37831,"parent":0,"menu_order":0,"comment_status":"closed","ping_status":"closed","template":"","meta":{"footnotes":""},"class_list":["post-8468","page","type-page","status-publish","has-post-thumbnail","hentry"],"yoast_head":"<!-- This site is optimized with the Yoast SEO Premium plugin v26.0 (Yoast SEO v27.5) - https:\/\/yoast.com\/product\/yoast-seo-premium-wordpress\/ -->\n<title>Privacy policy: Security of your data on our site<\/title>\n<meta name=\"description\" content=\"Find out more about our privacy policy. Your data is important to us. We use SSL encryption techniques. Your privacy is important for us.\" \/>\n<meta name=\"robots\" content=\"index, follow, max-snippet:-1, max-image-preview:large, max-video-preview:-1\" \/>\n<link rel=\"canonical\" href=\"https:\/\/thediversboat.com\/en\/privacy-policy\/\" \/>\n<meta property=\"og:locale\" content=\"en_US\" \/>\n<meta property=\"og:type\" content=\"article\" \/>\n<meta property=\"og:title\" content=\"Privacy Policy The Divers Boat \u2013 Plong\u00e9e SSI \u00e0 Koh Tao \ud83c\udf0a\" \/>\n<meta property=\"og:description\" content=\"\ud83d\udc20 Plongez avec The Divers Boat \u00e0 Koh Tao ! D\u00e9couvrez des cours SSI pour tous niveaux, des excursions avec nos 2 bateaux traditionnels et des plong\u00e9es inoubliables dans le golfe de Tha\u00eflande. Notre \u00e9quipe francophone et passionn\u00e9e vous accompagne pour des souvenirs magiques. R\u00e9servez votre aventure d\u00e8s maintenant !\ud83d\udccd Mae Haad, Koh Tao\ud83d\udcde +66 82 814 9282\ud83c\udf10 www.thediversboat.com\" \/>\n<meta property=\"og:url\" content=\"https:\/\/thediversboat.com\/en\/privacy-policy\/\" \/>\n<meta property=\"og:site_name\" content=\"The Divers Boat\" \/>\n<meta property=\"article:publisher\" content=\"https:\/\/www.facebook.com\/thediversboat\/\" \/>\n<meta property=\"article:modified_time\" content=\"2025-01-20T06:28:33+00:00\" \/>\n<meta property=\"og:image\" content=\"https:\/\/thediversboat.com\/wp-content\/uploads\/2025\/01\/maxresdefault.jpg\" \/>\n\t<meta property=\"og:image:width\" content=\"1280\" \/>\n\t<meta property=\"og:image:height\" content=\"720\" \/>\n\t<meta property=\"og:image:type\" content=\"image\/jpeg\" \/>\n<meta name=\"twitter:card\" content=\"summary_large_image\" \/>\n<meta name=\"twitter:label1\" content=\"Est. reading time\" \/>\n\t<meta name=\"twitter:data1\" content=\"3 minutes\" \/>\n<script type=\"application\/ld+json\" class=\"yoast-schema-graph\">{\"@context\":\"https:\\\/\\\/schema.org\",\"@graph\":[{\"@type\":\"WebPage\",\"@id\":\"https:\\\/\\\/thediversboat.com\\\/en\\\/privacy-policy\\\/\",\"url\":\"https:\\\/\\\/thediversboat.com\\\/en\\\/privacy-policy\\\/\",\"name\":\"Privacy policy: Security of your data on our site\",\"isPartOf\":{\"@id\":\"https:\\\/\\\/thediversboat.com\\\/en\\\/#website\"},\"primaryImageOfPage\":{\"@id\":\"https:\\\/\\\/thediversboat.com\\\/en\\\/privacy-policy\\\/#primaryimage\"},\"image\":{\"@id\":\"https:\\\/\\\/thediversboat.com\\\/en\\\/privacy-policy\\\/#primaryimage\"},\"thumbnailUrl\":\"https:\\\/\\\/thediversboat.com\\\/wp-content\\\/uploads\\\/2025\\\/01\\\/maxresdefault.jpg\",\"datePublished\":\"2022-04-06T06:37:19+00:00\",\"dateModified\":\"2025-01-20T06:28:33+00:00\",\"description\":\"Find out more about our privacy policy. Your data is important to us. We use SSL encryption techniques. Your privacy is important for us.\",\"breadcrumb\":{\"@id\":\"https:\\\/\\\/thediversboat.com\\\/en\\\/privacy-policy\\\/#breadcrumb\"},\"inLanguage\":\"en-US\",\"potentialAction\":[{\"@type\":\"ReadAction\",\"target\":[\"https:\\\/\\\/thediversboat.com\\\/en\\\/privacy-policy\\\/\"]}]},{\"@type\":\"ImageObject\",\"inLanguage\":\"en-US\",\"@id\":\"https:\\\/\\\/thediversboat.com\\\/en\\\/privacy-policy\\\/#primaryimage\",\"url\":\"https:\\\/\\\/thediversboat.com\\\/wp-content\\\/uploads\\\/2025\\\/01\\\/maxresdefault.jpg\",\"contentUrl\":\"https:\\\/\\\/thediversboat.com\\\/wp-content\\\/uploads\\\/2025\\\/01\\\/maxresdefault.jpg\",\"width\":1280,\"height\":720,\"caption\":\"Privacy Policy of the divers boat\"},{\"@type\":\"BreadcrumbList\",\"@id\":\"https:\\\/\\\/thediversboat.com\\\/en\\\/privacy-policy\\\/#breadcrumb\",\"itemListElement\":[{\"@type\":\"ListItem\",\"position\":1,\"name\":\"Home\",\"item\":\"https:\\\/\\\/thediversboat.com\\\/en\\\/\"},{\"@type\":\"ListItem\",\"position\":2,\"name\":\"Privacy Policy\"}]},{\"@type\":\"WebSite\",\"@id\":\"https:\\\/\\\/thediversboat.com\\\/en\\\/#website\",\"url\":\"https:\\\/\\\/thediversboat.com\\\/en\\\/\",\"name\":\"The Divers Boat\",\"description\":\"Centre de plong\u00e9e Fran\u00e7ais \u00e0 Koh Tao\",\"publisher\":{\"@id\":\"https:\\\/\\\/thediversboat.com\\\/en\\\/#organization\"},\"alternateName\":\"The Diver's Boat\",\"potentialAction\":[{\"@type\":\"SearchAction\",\"target\":{\"@type\":\"EntryPoint\",\"urlTemplate\":\"https:\\\/\\\/thediversboat.com\\\/en\\\/?s={search_term_string}\"},\"query-input\":{\"@type\":\"PropertyValueSpecification\",\"valueRequired\":true,\"valueName\":\"search_term_string\"}}],\"inLanguage\":\"en-US\"},{\"@type\":\"Organization\",\"@id\":\"https:\\\/\\\/thediversboat.com\\\/en\\\/#organization\",\"name\":\"Centre de plong\u00e9e Fran\u00e7ais \u00e0 Koh Tao\",\"alternateName\":\"Koh Tao France Plong\u00e9e\",\"url\":\"https:\\\/\\\/thediversboat.com\\\/en\\\/\",\"logo\":{\"@type\":\"ImageObject\",\"inLanguage\":\"en-US\",\"@id\":\"https:\\\/\\\/thediversboat.com\\\/en\\\/#\\\/schema\\\/logo\\\/image\\\/\",\"url\":\"https:\\\/\\\/thediversboat.com\\\/wp-content\\\/uploads\\\/2025\\\/08\\\/The-Divers-Boat-Koh-Tao-LOGO-scaled.png\",\"contentUrl\":\"https:\\\/\\\/thediversboat.com\\\/wp-content\\\/uploads\\\/2025\\\/08\\\/The-Divers-Boat-Koh-Tao-LOGO-scaled.png\",\"width\":2560,\"height\":2560,\"caption\":\"Centre de plong\u00e9e Fran\u00e7ais \u00e0 Koh Tao\"},\"image\":{\"@id\":\"https:\\\/\\\/thediversboat.com\\\/en\\\/#\\\/schema\\\/logo\\\/image\\\/\"},\"sameAs\":[\"https:\\\/\\\/www.facebook.com\\\/thediversboat\\\/\",\"https:\\\/\\\/www.instagram.com\\\/thediversboat\\\/\",\"https:\\\/\\\/www.youtube.com\\\/channel\\\/UCU_3MH0qcQnG2zWsStWl-7g\\\/\"],\"description\":\"The Divers Boat \u2013 L\u2019Aventure Sous-Marine \u00e0 Koh Tao Plongez au c\u0153ur des eaux cristallines de Koh Tao avec The Divers Boat, votre partenaire privil\u00e9gi\u00e9 pour des exp\u00e9riences de plong\u00e9e inoubliables. Que vous soyez d\u00e9butant ou plongeur exp\u00e9riment\u00e9, notre \u00e9quipe passionn\u00e9e et certifi\u00e9e vous accompagne dans la d\u00e9couverte des fonds marins les plus spectaculaires de Tha\u00eflande. Pour cela nous avons 2 bateaux a notre disposition.\",\"email\":\"diversboat@gmail.com\",\"telephone\":\"+66828149282\",\"legalName\":\"Bee'z Mom\",\"foundingDate\":\"2017-01-01\"}]}<\/script>\n<!-- \/ Yoast SEO Premium plugin. -->","yoast_head_json":{"title":"Privacy policy: Security of your data on our site","description":"Find out more about our privacy policy. Your data is important to us. We use SSL encryption techniques. Your privacy is important for us.","robots":{"index":"index","follow":"follow","max-snippet":"max-snippet:-1","max-image-preview":"max-image-preview:large","max-video-preview":"max-video-preview:-1"},"canonical":"https:\/\/thediversboat.com\/en\/privacy-policy\/","og_locale":"en_US","og_type":"article","og_title":"Privacy Policy The Divers Boat \u2013 Plong\u00e9e SSI \u00e0 Koh Tao \ud83c\udf0a","og_description":"\ud83d\udc20 Plongez avec The Divers Boat \u00e0 Koh Tao ! D\u00e9couvrez des cours SSI pour tous niveaux, des excursions avec nos 2 bateaux traditionnels et des plong\u00e9es inoubliables dans le golfe de Tha\u00eflande. Notre \u00e9quipe francophone et passionn\u00e9e vous accompagne pour des souvenirs magiques. R\u00e9servez votre aventure d\u00e8s maintenant !\ud83d\udccd Mae Haad, Koh Tao\ud83d\udcde +66 82 814 9282\ud83c\udf10 www.thediversboat.com","og_url":"https:\/\/thediversboat.com\/en\/privacy-policy\/","og_site_name":"The Divers Boat","article_publisher":"https:\/\/www.facebook.com\/thediversboat\/","article_modified_time":"2025-01-20T06:28:33+00:00","og_image":[{"width":1280,"height":720,"url":"https:\/\/thediversboat.com\/wp-content\/uploads\/2025\/01\/maxresdefault.jpg","type":"image\/jpeg"}],"twitter_card":"summary_large_image","twitter_misc":{"Est. reading time":"3 minutes"},"schema":{"@context":"https:\/\/schema.org","@graph":[{"@type":"WebPage","@id":"https:\/\/thediversboat.com\/en\/privacy-policy\/","url":"https:\/\/thediversboat.com\/en\/privacy-policy\/","name":"Privacy policy: Security of your data on our site","isPartOf":{"@id":"https:\/\/thediversboat.com\/en\/#website"},"primaryImageOfPage":{"@id":"https:\/\/thediversboat.com\/en\/privacy-policy\/#primaryimage"},"image":{"@id":"https:\/\/thediversboat.com\/en\/privacy-policy\/#primaryimage"},"thumbnailUrl":"https:\/\/thediversboat.com\/wp-content\/uploads\/2025\/01\/maxresdefault.jpg","datePublished":"2022-04-06T06:37:19+00:00","dateModified":"2025-01-20T06:28:33+00:00","description":"Find out more about our privacy policy. Your data is important to us. We use SSL encryption techniques. Your privacy is important for us.","breadcrumb":{"@id":"https:\/\/thediversboat.com\/en\/privacy-policy\/#breadcrumb"},"inLanguage":"en-US","potentialAction":[{"@type":"ReadAction","target":["https:\/\/thediversboat.com\/en\/privacy-policy\/"]}]},{"@type":"ImageObject","inLanguage":"en-US","@id":"https:\/\/thediversboat.com\/en\/privacy-policy\/#primaryimage","url":"https:\/\/thediversboat.com\/wp-content\/uploads\/2025\/01\/maxresdefault.jpg","contentUrl":"https:\/\/thediversboat.com\/wp-content\/uploads\/2025\/01\/maxresdefault.jpg","width":1280,"height":720,"caption":"Privacy Policy of the divers boat"},{"@type":"BreadcrumbList","@id":"https:\/\/thediversboat.com\/en\/privacy-policy\/#breadcrumb","itemListElement":[{"@type":"ListItem","position":1,"name":"Home","item":"https:\/\/thediversboat.com\/en\/"},{"@type":"ListItem","position":2,"name":"Privacy Policy"}]},{"@type":"WebSite","@id":"https:\/\/thediversboat.com\/en\/#website","url":"https:\/\/thediversboat.com\/en\/","name":"The Divers Boat","description":"Centre de plong\u00e9e Fran\u00e7ais \u00e0 Koh Tao","publisher":{"@id":"https:\/\/thediversboat.com\/en\/#organization"},"alternateName":"The Diver's Boat","potentialAction":[{"@type":"SearchAction","target":{"@type":"EntryPoint","urlTemplate":"https:\/\/thediversboat.com\/en\/?s={search_term_string}"},"query-input":{"@type":"PropertyValueSpecification","valueRequired":true,"valueName":"search_term_string"}}],"inLanguage":"en-US"},{"@type":"Organization","@id":"https:\/\/thediversboat.com\/en\/#organization","name":"Centre de plong\u00e9e Fran\u00e7ais \u00e0 Koh Tao","alternateName":"Koh Tao France Plong\u00e9e","url":"https:\/\/thediversboat.com\/en\/","logo":{"@type":"ImageObject","inLanguage":"en-US","@id":"https:\/\/thediversboat.com\/en\/#\/schema\/logo\/image\/","url":"https:\/\/thediversboat.com\/wp-content\/uploads\/2025\/08\/The-Divers-Boat-Koh-Tao-LOGO-scaled.png","contentUrl":"https:\/\/thediversboat.com\/wp-content\/uploads\/2025\/08\/The-Divers-Boat-Koh-Tao-LOGO-scaled.png","width":2560,"height":2560,"caption":"Centre de plong\u00e9e Fran\u00e7ais \u00e0 Koh Tao"},"image":{"@id":"https:\/\/thediversboat.com\/en\/#\/schema\/logo\/image\/"},"sameAs":["https:\/\/www.facebook.com\/thediversboat\/","https:\/\/www.instagram.com\/thediversboat\/","https:\/\/www.youtube.com\/channel\/UCU_3MH0qcQnG2zWsStWl-7g\/"],"description":"The Divers Boat \u2013 L\u2019Aventure Sous-Marine \u00e0 Koh Tao Plongez au c\u0153ur des eaux cristallines de Koh Tao avec The Divers Boat, votre partenaire privil\u00e9gi\u00e9 pour des exp\u00e9riences de plong\u00e9e inoubliables. Que vous soyez d\u00e9butant ou plongeur exp\u00e9riment\u00e9, notre \u00e9quipe passionn\u00e9e et certifi\u00e9e vous accompagne dans la d\u00e9couverte des fonds marins les plus spectaculaires de Tha\u00eflande. Pour cela nous avons 2 bateaux a notre disposition.","email":"diversboat@gmail.com","telephone":"+66828149282","legalName":"Bee'z Mom","foundingDate":"2017-01-01"}]}},"_links":{"self":[{"href":"https:\/\/thediversboat.com\/en\/wp-json\/wp\/v2\/pages\/8468","targetHints":{"allow":["GET"]}}],"collection":[{"href":"https:\/\/thediversboat.com\/en\/wp-json\/wp\/v2\/pages"}],"about":[{"href":"https:\/\/thediversboat.com\/en\/wp-json\/wp\/v2\/types\/page"}],"author":[{"embeddable":true,"href":"https:\/\/thediversboat.com\/en\/wp-json\/wp\/v2\/users\/1"}],"replies":[{"embeddable":true,"href":"https:\/\/thediversboat.com\/en\/wp-json\/wp\/v2\/comments?post=8468"}],"version-history":[{"count":11,"href":"https:\/\/thediversboat.com\/en\/wp-json\/wp\/v2\/pages\/8468\/revisions"}],"predecessor-version":[{"id":37833,"href":"https:\/\/thediversboat.com\/en\/wp-json\/wp\/v2\/pages\/8468\/revisions\/37833"}],"wp:featuredmedia":[{"embeddable":true,"href":"https:\/\/thediversboat.com\/en\/wp-json\/wp\/v2\/media\/37831"}],"wp:attachment":[{"href":"https:\/\/thediversboat.com\/en\/wp-json\/wp\/v2\/media?parent=8468"}],"curies":[{"name":"wp","href":"https:\/\/api.w.org\/{rel}","templated":true}]}}