{"id":8464,"date":"2022-04-24T15:16:47","date_gmt":"2022-04-24T08:16:47","guid":{"rendered":"https:\/\/thediversboat.com\/rates-prices-koh-phangan-the-divers-boat\/"},"modified":"2025-01-21T14:38:23","modified_gmt":"2025-01-21T07:38:23","slug":"prices-koh-phangan-the-divers-boat","status":"publish","type":"page","link":"https:\/\/thediversboat.com\/en\/prices-koh-phangan-the-divers-boat\/","title":{"rendered":"Prices Koh Phangan The Divers Boat"},"content":{"rendered":"<section class=\"l-section wpb_row height_large with_img\"><div class=\"l-section-img\" style=\"background-image: url(https:\/\/thediversboat.com\/wp-content\/uploads\/2023\/04\/The-Divers-Boat-03.jpg);background-repeat: no-repeat;\" data-img-width=\"1920\" data-img-height=\"800\"><\/div><div class=\"l-section-h i-cf\"><div class=\"g-cols vc_row via_flex valign_middle type_default stacking_default\"><div class=\"vc_col-sm-6 wpb_column vc_column_container\"><div class=\"vc_column-inner\"><div class=\"wpb_wrapper\"><\/div><\/div><\/div><div class=\"vc_col-sm-6 wpb_column vc_column_container\"><div class=\"vc_column-inner\"><div class=\"wpb_wrapper\"><div class=\"wpb_text_column us_custom_eedd9060 has_text_color\"><div class=\"wpb_wrapper\"><h4>Rates \/ Prices<\/h4>\n<p class=\"mb-2 last:mb-0\">Discover the breathtaking sites of Koh Phangan with <a href=\"http:\/\/thediversboat.com\/en\"><strong>The Diver&#8217;s Boat<\/strong><\/a>. We are a diving center that prioritizes safety and professionalism. Our team is dedicated to providing you with an unforgettable diving experience. And you can to find the best price of Koh Phangan to be at Sail Rock.<\/p>\n<p class=\"mb-2 last:mb-0\">At <strong>The Diver&#8217;s Boat<\/strong>, we have our own boat. This allows us to select the best diving sites based on current weather conditions. Whether you are a beginner or an experienced diver, we ensure that you have access to the most beautiful underwater landscapes.<\/p>\n<p class=\"mb-2 last:mb-0\">Each diving service is conducted by a <a href=\"https:\/\/www.divessi.com\/en\/professional\/scuba-diving\/open-water-instructor\">certified SSI guide or instructor<\/a>. They are trained to respond to your specific requests and ensure your comfort throughout the experience. You can trust our team to provide expert guidance and support.<\/p>\n<p class=\"mb-2 last:mb-0\">If you are accompanied by someone who does not dive, they are welcome to join you on the boat. This way, they can enjoy the stunning views and relax while you dive. It\u2019s a great opportunity for everyone to share in the beauty of Koh Tao.<\/p>\n<p class=\"mb-2 last:mb-0\">Additionally, <strong>The Diver\u2019s Boat<\/strong> offers dive trips that include food and accommodation. This all-inclusive service allows you to make the most of your stay on the island. We can customize these packages based on your preferences, so feel free to ask for a quote. And you should know that all the equipment is on the boat. So we don&#8217;t have to pack and carry the bags.<\/p>\n<p class=\"mb-2 last:mb-0\">For more information, we are here to assist you. Do not hesitate to reach out with any questions. You can easily contact us using our contact form by following this link <strong><a href=\"https:\/\/thediversboat.com\/en\/contact-the-diver-s-boat\/\">click here<\/a><\/strong><\/p>\n<\/div><\/div><\/div><\/div><\/div><\/div><\/div><\/section><section class=\"l-section wpb_row us_custom_58c70d66 height_small\"><div class=\"l-section-h i-cf\"><div class=\"g-cols vc_row via_flex valign_top type_default stacking_default\"><div class=\"vc_col-sm-12 wpb_column vc_column_container\"><div class=\"vc_column-inner\"><div class=\"wpb_wrapper\"><p class=\"w-text us_custom_36a5a86c has_text_color\"><span class=\"w-text-h\"><span class=\"w-text-value\">First dive experiences<\/span><\/span><\/p><\/div><\/div><\/div><\/div><\/div><\/section><section class=\"l-section wpb_row height_small\"><div class=\"l-section-h i-cf\"><div class=\"g-cols vc_row via_flex valign_middle type_default stacking_default\"><div class=\"vc_col-sm-12 wpb_column vc_column_container\"><div class=\"vc_column-inner\"><div class=\"wpb_wrapper\"><div class=\"wpb_text_column\"><div class=\"wpb_wrapper\">\n<table id=\"tablepress-27\" class=\"tablepress tablepress-id-27 mypricetable\">\n<tbody class=\"row-hover\">\n<tr class=\"row-1\">\n\t<td class=\"column-1\">Try Scuba Diving (1 dive) Koh Phangan (Chaloklum)<\/td><td class=\"column-2\">2 200 THB<\/td>\n<\/tr>\n<tr class=\"row-2\">\n\t<td class=\"column-1\">Try Scuba Diving (2 dives) Koh Phangan (Sail Rock)<\/td><td class=\"column-2\">4 200 THB<\/td>\n<\/tr>\n<tr class=\"row-3\">\n\t<td class=\"column-1\">Try Scuba Diving (1 dive exercise on the beach and 2 dives in Sail Rock)<\/td><td class=\"column-2\">5 000 THB<\/td>\n<\/tr>\n<\/tbody>\n<\/table>\n<!-- #tablepress-27 from cache -->\n<\/div><\/div><\/div><\/div><\/div><\/div><\/div><\/section><section class=\"l-section wpb_row us_custom_58c70d66 height_small\"><div class=\"l-section-h i-cf\"><div class=\"g-cols vc_row via_flex valign_top type_default stacking_default\"><div class=\"vc_col-sm-12 wpb_column vc_column_container\"><div class=\"vc_column-inner\"><div class=\"wpb_wrapper\"><p class=\"w-text us_custom_36a5a86c has_text_color\"><span class=\"w-text-h\"><span class=\"w-text-value\">TRAINING<\/span><\/span><\/p><\/div><\/div><\/div><\/div><\/div><\/section><section class=\"l-section wpb_row height_small\"><div class=\"l-section-h i-cf\"><div class=\"g-cols vc_row via_flex valign_middle type_default stacking_default\"><div class=\"vc_col-sm-12 wpb_column vc_column_container\"><div class=\"vc_column-inner\"><div class=\"wpb_wrapper\"><div class=\"wpb_text_column\"><div class=\"wpb_wrapper\">\n<table id=\"tablepress-29\" class=\"tablepress tablepress-id-29 mypricetable\">\n<tbody class=\"row-hover\">\n<tr class=\"row-1\">\n\t<td class=\"column-1\">Open Water 3 days (1 confided + 4 dives at Sail Rock)<\/td><td class=\"column-2\">12 900 THB<\/td>\n<\/tr>\n<tr class=\"row-2\">\n\t<td class=\"column-1\">Advanced Open Water 2 days (5 dives) 4 dives at Sail Rock and 1 at Koh Phangan<\/td><td class=\"column-2\">11 500 THB<\/td>\n<\/tr>\n<\/tbody>\n<\/table>\n<!-- #tablepress-29 from cache -->\n<\/div><\/div><\/div><\/div><\/div><\/div><\/div><\/section><section class=\"l-section wpb_row us_custom_58c70d66 height_small\"><div class=\"l-section-h i-cf\"><div class=\"g-cols vc_row via_flex valign_top type_default stacking_default\"><div class=\"vc_col-sm-12 wpb_column vc_column_container\"><div class=\"vc_column-inner\"><div class=\"wpb_wrapper\"><p class=\"w-text us_custom_36a5a86c has_text_color\"><span class=\"w-text-h\"><span class=\"w-text-value\">Specialties<\/span><\/span><\/p><\/div><\/div><\/div><\/div><\/div><\/section><section class=\"l-section wpb_row height_small\"><div class=\"l-section-h i-cf\"><div class=\"g-cols vc_row via_flex valign_middle type_default stacking_default\"><div class=\"vc_col-sm-12 wpb_column vc_column_container\"><div class=\"vc_column-inner\"><div class=\"wpb_wrapper\"><div class=\"wpb_text_column\"><div class=\"wpb_wrapper\">\n<table id=\"tablepress-30\" class=\"tablepress tablepress-id-30 mypricetable\">\n<tbody class=\"row-hover\">\n<tr class=\"row-1\">\n\t<td class=\"column-1\">Refresh<\/td><td class=\"column-2\">2 000 THB<\/td>\n<\/tr>\n<tr class=\"row-2\">\n\t<td class=\"column-1\">Refresh + 1 Fun dive<\/td><td class=\"column-2\">3 000 THB<\/td>\n<\/tr>\n<tr class=\"row-3\">\n\t<td class=\"column-1\">Night Specialty<\/td><td class=\"column-2\">6 500 THB<\/td>\n<\/tr>\n<tr class=\"row-4\">\n\t<td class=\"column-1\">Deep Specialty (2 dives) in Koh Phangan Sail Rock<\/td><td class=\"column-2\">6 500 THB<\/td>\n<\/tr>\n<tr class=\"row-5\">\n\t<td class=\"column-1\">Nitrox Specialty (2 dives)<\/td><td class=\"column-2\">6 500 THB<\/td>\n<\/tr>\n<tr class=\"row-6\">\n\t<td class=\"column-1\">Nitrox Specialty (no dive)<\/td><td class=\"column-2\">4 200 THB<\/td>\n<\/tr>\n<tr class=\"row-7\">\n\t<td class=\"column-1\">Pack Deep + Nitrox Specialty (4 dives)<\/td><td class=\"column-2\">16 000 THB<\/td>\n<\/tr>\n<tr class=\"row-8\">\n\t<td class=\"column-1\">React Right (1st AID included CPR and O2) 1 day<\/td><td class=\"column-2\">4 200 THB<\/td>\n<\/tr>\n<tr class=\"row-9\">\n\t<td class=\"column-1\">Stress and Rescue (2 days \/ 4 dives)<\/td><td class=\"column-2\">11 600 THB<\/td>\n<\/tr>\n<tr class=\"row-10\">\n\t<td class=\"column-1\">Pack React Right \/ Stress and Rescue (3 days \/ 4 dive)<\/td><td class=\"column-2\">14 800 THB<\/td>\n<\/tr>\n<tr class=\"row-11\">\n\t<td class=\"column-1\">Navigation Specialty (2 dives)<\/td><td class=\"column-2\">6 500 THB<\/td>\n<\/tr>\n<tr class=\"row-12\">\n\t<td class=\"column-1\">Wreck Specialty (2 dives) in Koh Tao<\/td><td class=\"column-2\">6 500 THB<\/td>\n<\/tr>\n<tr class=\"row-13\">\n\t<td class=\"column-1\">Buoyancy Specialty (2 dives)<\/td><td class=\"column-2\">3 500 THB<\/td>\n<\/tr>\n<tr class=\"row-14\">\n\t<td class=\"column-1\">Search and recovery specialty (2 dives)<\/td><td class=\"column-2\">4 500 THB<\/td>\n<\/tr>\n<tr class=\"row-15\">\n\t<td class=\"column-1\">Adventure dive (Deep, Wreck, Night, etc.\u2026)<\/td><td class=\"column-2\">2 900 THB<\/td>\n<\/tr>\n<\/tbody>\n<\/table>\n<!-- #tablepress-30 from cache -->\n<\/div><\/div><\/div><\/div><\/div><\/div><\/div><\/section><section class=\"l-section wpb_row us_custom_58c70d66 height_small\"><div class=\"l-section-h i-cf\"><div class=\"g-cols vc_row via_flex valign_top type_default stacking_default\"><div class=\"vc_col-sm-12 wpb_column vc_column_container\"><div class=\"vc_column-inner\"><div class=\"wpb_wrapper\"><p class=\"w-text us_custom_36a5a86c has_text_color\"><span class=\"w-text-h\"><span class=\"w-text-value\">FUN DIVES<\/span><\/span><\/p><\/div><\/div><\/div><\/div><\/div><\/section><section class=\"l-section wpb_row height_small\"><div class=\"l-section-h i-cf\"><div class=\"g-cols vc_row via_flex valign_middle type_default stacking_default\"><div class=\"vc_col-sm-12 wpb_column vc_column_container\"><div class=\"vc_column-inner\"><div class=\"wpb_wrapper\"><div class=\"wpb_text_column\"><div class=\"wpb_wrapper\">\n<table id=\"tablepress-31\" class=\"tablepress tablepress-id-31 mypricetable\">\n<tbody class=\"row-hover\">\n<tr class=\"row-1\">\n\t<td class=\"column-1\">1 Fun Dive in Koh Phangan<\/td><td class=\"column-2\">1 400 THB<\/td>\n<\/tr>\n<tr class=\"row-2\">\n\t<td class=\"column-1\">2 Fun Dives in Sail rock (one day)<\/td><td class=\"column-2\">3 200 THB<\/td>\n<\/tr>\n<tr class=\"row-3\">\n\t<td class=\"column-1\">2 Fun Dives in Koh Tao (one day)<\/td><td class=\"column-2\">3 900 THB<\/td>\n<\/tr>\n<tr class=\"row-4\">\n\t<td class=\"column-1\">Night dive (rental torche included)<\/td><td class=\"column-2\">2 200 THB<\/td>\n<\/tr>\n<\/tbody>\n<\/table>\n<!-- #tablepress-31 from cache -->\n<\/div><\/div><\/div><\/div><\/div><\/div><\/div><\/section><section class=\"l-section wpb_row us_custom_58c70d66 height_small\"><div class=\"l-section-h i-cf\"><div class=\"g-cols vc_row via_flex valign_top type_default stacking_default\"><div class=\"vc_col-sm-12 wpb_column vc_column_container\"><div class=\"vc_column-inner\"><div class=\"wpb_wrapper\"><p class=\"w-text us_custom_36a5a86c has_text_color\"><span class=\"w-text-h\"><span class=\"w-text-value\">Professional Training (SSI fees included)<\/span><\/span><\/p><\/div><\/div><\/div><\/div><\/div><\/section><section class=\"l-section wpb_row height_small\"><div class=\"l-section-h i-cf\"><div class=\"g-cols vc_row via_flex valign_middle type_default stacking_default\"><div class=\"vc_col-sm-12 wpb_column vc_column_container\"><div class=\"vc_column-inner\"><div class=\"wpb_wrapper\"><div class=\"wpb_text_column\"><div class=\"wpb_wrapper\">\n<table id=\"tablepress-32\" class=\"tablepress tablepress-id-32 mypricetable\">\n<tbody class=\"row-hover\">\n<tr class=\"row-1\">\n\t<td class=\"column-1\">Dive master 1 month (40 dives)<\/td><td class=\"column-2\">37 000 THB<\/td>\n<\/tr>\n<tr class=\"row-2\">\n\t<td class=\"column-1\">Dive master 2 months (60 dives)<\/td><td class=\"column-2\">45 000 THB<\/td>\n<\/tr>\n<tr class=\"row-3\">\n\t<td class=\"column-1\">Instructor 15 days<\/td><td class=\"column-2\">80 000 THB<\/td>\n<\/tr>\n<\/tbody>\n<\/table>\n<!-- #tablepress-32 from cache -->\n<\/div><\/div><\/div><\/div><\/div><\/div><\/div><\/section><section class=\"l-section wpb_row us_custom_58c70d66 height_small\"><div class=\"l-section-h i-cf\"><div class=\"g-cols vc_row via_flex valign_top type_default stacking_default\"><div class=\"vc_col-sm-12 wpb_column vc_column_container\"><div class=\"vc_column-inner\"><div class=\"wpb_wrapper\"><h2 class=\"w-text us_custom_4f8c0a36 has_text_color\"><span class=\"w-text-h\"><span class=\"w-text-value\">You can find us here on Koh Phangan<\/span><\/span><\/h2><div class=\"w-separator size_small\"><\/div><div class=\"w-map provider_google\" id=\"us_map_1\"><div class=\"w-map-json\" onclick='return {&quot;address&quot;:&quot;Q2P3+5M Ko Pha-ngan Sub-district, Ko Pha-ngan District, Surat Thani&quot;,&quot;zoom&quot;:16,&quot;hideControls&quot;:0,&quot;disableZoom&quot;:0,&quot;disableDragging&quot;:0,&quot;markers&quot;:[{&quot;address&quot;:&quot;Q2P3+5M Ko Pha-ngan Sub-district, Ko Pha-ngan District, Surat Thani&quot;,&quot;html&quot;:&quot;&lt;p&gt;The Diver&#039;s Boat (Diving Professional), Koh Phangan&lt;\\\/p&gt;&quot;,&quot;infowindow&quot;:&quot;1&quot;}],&quot;maptype&quot;:&quot;ROADMAP&quot;}'><\/div><\/div><\/div><\/div><\/div><\/div><\/div><\/section>\n","protected":false},"excerpt":{"rendered":"Rates \/ Prices Discover the breathtaking sites of Koh Phangan with The Diver&#8217;s Boat. We are a diving center that prioritizes safety and professionalism. Our team is dedicated to providing you with an unforgettable diving experience. And you can to find the best price of Koh Phangan to be at Sail Rock. At The Diver&#8217;s...","protected":false},"author":1,"featured_media":36275,"parent":0,"menu_order":0,"comment_status":"closed","ping_status":"closed","template":"","meta":{"footnotes":""},"class_list":["post-8464","page","type-page","status-publish","has-post-thumbnail","hentry"],"yoast_head":"<!-- This site is optimized with the Yoast SEO Premium plugin v26.0 (Yoast SEO v27.5) - https:\/\/yoast.com\/product\/yoast-seo-premium-wordpress\/ -->\n<title>Big Advantages of diving on Koh Phangan: prices and Sail Rock<\/title>\n<meta name=\"description\" content=\"Take advantage of great prices for diving on Koh Phangan with The Divers Boat. Discover the spectacular site of Sail Rock and its wildlife.\" \/>\n<meta name=\"robots\" content=\"index, follow, max-snippet:-1, max-image-preview:large, max-video-preview:-1\" \/>\n<link rel=\"canonical\" href=\"https:\/\/thediversboat.com\/en\/prices-koh-phangan-the-divers-boat\/\" \/>\n<meta property=\"og:locale\" content=\"en_US\" \/>\n<meta property=\"og:type\" content=\"article\" \/>\n<meta property=\"og:title\" content=\"Prices Koh Phangan The Divers Boat The Divers Boat \u2013 Plong\u00e9e SSI \u00e0 Koh Tao \ud83c\udf0a\" \/>\n<meta property=\"og:description\" content=\"\ud83d\udc20 Plongez avec The Divers Boat \u00e0 Koh Tao ! D\u00e9couvrez des cours SSI pour tous niveaux, des excursions avec nos 2 bateaux traditionnels et des plong\u00e9es inoubliables dans le golfe de Tha\u00eflande. Notre \u00e9quipe francophone et passionn\u00e9e vous accompagne pour des souvenirs magiques. R\u00e9servez votre aventure d\u00e8s maintenant !\ud83d\udccd Mae Haad, Koh Tao\ud83d\udcde +66 82 814 9282\ud83c\udf10 www.thediversboat.com\" \/>\n<meta property=\"og:url\" content=\"https:\/\/thediversboat.com\/en\/prices-koh-phangan-the-divers-boat\/\" \/>\n<meta property=\"og:site_name\" content=\"The Divers Boat\" \/>\n<meta property=\"article:publisher\" content=\"https:\/\/www.facebook.com\/thediversboat\/\" \/>\n<meta property=\"article:modified_time\" content=\"2025-01-21T07:38:23+00:00\" \/>\n<meta property=\"og:image\" content=\"https:\/\/thediversboat.com\/wp-content\/uploads\/2024\/12\/sail-rock.jpg\" \/>\n\t<meta property=\"og:image:width\" content=\"866\" \/>\n\t<meta property=\"og:image:height\" content=\"693\" \/>\n\t<meta property=\"og:image:type\" content=\"image\/jpeg\" \/>\n<meta name=\"twitter:card\" content=\"summary_large_image\" \/>\n<meta name=\"twitter:label1\" content=\"Est. reading time\" \/>\n\t<meta name=\"twitter:data1\" content=\"3 minutes\" \/>\n<script type=\"application\/ld+json\" class=\"yoast-schema-graph\">{\"@context\":\"https:\\\/\\\/schema.org\",\"@graph\":[{\"@type\":\"WebPage\",\"@id\":\"https:\\\/\\\/thediversboat.com\\\/en\\\/prices-koh-phangan-the-divers-boat\\\/\",\"url\":\"https:\\\/\\\/thediversboat.com\\\/en\\\/prices-koh-phangan-the-divers-boat\\\/\",\"name\":\"Big Advantages of diving on Koh Phangan: prices and Sail Rock\",\"isPartOf\":{\"@id\":\"https:\\\/\\\/thediversboat.com\\\/en\\\/#website\"},\"primaryImageOfPage\":{\"@id\":\"https:\\\/\\\/thediversboat.com\\\/en\\\/prices-koh-phangan-the-divers-boat\\\/#primaryimage\"},\"image\":{\"@id\":\"https:\\\/\\\/thediversboat.com\\\/en\\\/prices-koh-phangan-the-divers-boat\\\/#primaryimage\"},\"thumbnailUrl\":\"https:\\\/\\\/thediversboat.com\\\/wp-content\\\/uploads\\\/2024\\\/12\\\/sail-rock.jpg\",\"datePublished\":\"2022-04-24T08:16:47+00:00\",\"dateModified\":\"2025-01-21T07:38:23+00:00\",\"description\":\"Take advantage of great prices for diving on Koh Phangan with The Divers Boat. Discover the spectacular site of Sail Rock and its wildlife.\",\"breadcrumb\":{\"@id\":\"https:\\\/\\\/thediversboat.com\\\/en\\\/prices-koh-phangan-the-divers-boat\\\/#breadcrumb\"},\"inLanguage\":\"en-US\",\"potentialAction\":[{\"@type\":\"ReadAction\",\"target\":[\"https:\\\/\\\/thediversboat.com\\\/en\\\/prices-koh-phangan-the-divers-boat\\\/\"]}]},{\"@type\":\"ImageObject\",\"inLanguage\":\"en-US\",\"@id\":\"https:\\\/\\\/thediversboat.com\\\/en\\\/prices-koh-phangan-the-divers-boat\\\/#primaryimage\",\"url\":\"https:\\\/\\\/thediversboat.com\\\/wp-content\\\/uploads\\\/2024\\\/12\\\/sail-rock.jpg\",\"contentUrl\":\"https:\\\/\\\/thediversboat.com\\\/wp-content\\\/uploads\\\/2024\\\/12\\\/sail-rock.jpg\",\"width\":866,\"height\":693,\"caption\":\"very nice day on Sail Rock with the divers boat\"},{\"@type\":\"BreadcrumbList\",\"@id\":\"https:\\\/\\\/thediversboat.com\\\/en\\\/prices-koh-phangan-the-divers-boat\\\/#breadcrumb\",\"itemListElement\":[{\"@type\":\"ListItem\",\"position\":1,\"name\":\"Home\",\"item\":\"https:\\\/\\\/thediversboat.com\\\/en\\\/\"},{\"@type\":\"ListItem\",\"position\":2,\"name\":\"Prices Koh Phangan The Divers Boat\"}]},{\"@type\":\"WebSite\",\"@id\":\"https:\\\/\\\/thediversboat.com\\\/en\\\/#website\",\"url\":\"https:\\\/\\\/thediversboat.com\\\/en\\\/\",\"name\":\"The Divers Boat\",\"description\":\"Centre de plong\u00e9e Fran\u00e7ais \u00e0 Koh Tao\",\"publisher\":{\"@id\":\"https:\\\/\\\/thediversboat.com\\\/en\\\/#organization\"},\"alternateName\":\"The Diver's Boat\",\"potentialAction\":[{\"@type\":\"SearchAction\",\"target\":{\"@type\":\"EntryPoint\",\"urlTemplate\":\"https:\\\/\\\/thediversboat.com\\\/en\\\/?s={search_term_string}\"},\"query-input\":{\"@type\":\"PropertyValueSpecification\",\"valueRequired\":true,\"valueName\":\"search_term_string\"}}],\"inLanguage\":\"en-US\"},{\"@type\":\"Organization\",\"@id\":\"https:\\\/\\\/thediversboat.com\\\/en\\\/#organization\",\"name\":\"Centre de plong\u00e9e Fran\u00e7ais \u00e0 Koh Tao\",\"alternateName\":\"Koh Tao France Plong\u00e9e\",\"url\":\"https:\\\/\\\/thediversboat.com\\\/en\\\/\",\"logo\":{\"@type\":\"ImageObject\",\"inLanguage\":\"en-US\",\"@id\":\"https:\\\/\\\/thediversboat.com\\\/en\\\/#\\\/schema\\\/logo\\\/image\\\/\",\"url\":\"https:\\\/\\\/thediversboat.com\\\/wp-content\\\/uploads\\\/2025\\\/08\\\/The-Divers-Boat-Koh-Tao-LOGO-scaled.png\",\"contentUrl\":\"https:\\\/\\\/thediversboat.com\\\/wp-content\\\/uploads\\\/2025\\\/08\\\/The-Divers-Boat-Koh-Tao-LOGO-scaled.png\",\"width\":2560,\"height\":2560,\"caption\":\"Centre de plong\u00e9e Fran\u00e7ais \u00e0 Koh Tao\"},\"image\":{\"@id\":\"https:\\\/\\\/thediversboat.com\\\/en\\\/#\\\/schema\\\/logo\\\/image\\\/\"},\"sameAs\":[\"https:\\\/\\\/www.facebook.com\\\/thediversboat\\\/\",\"https:\\\/\\\/www.instagram.com\\\/thediversboat\\\/\",\"https:\\\/\\\/www.youtube.com\\\/channel\\\/UCU_3MH0qcQnG2zWsStWl-7g\\\/\"],\"description\":\"The Divers Boat \u2013 L\u2019Aventure Sous-Marine \u00e0 Koh Tao Plongez au c\u0153ur des eaux cristallines de Koh Tao avec The Divers Boat, votre partenaire privil\u00e9gi\u00e9 pour des exp\u00e9riences de plong\u00e9e inoubliables. Que vous soyez d\u00e9butant ou plongeur exp\u00e9riment\u00e9, notre \u00e9quipe passionn\u00e9e et certifi\u00e9e vous accompagne dans la d\u00e9couverte des fonds marins les plus spectaculaires de Tha\u00eflande. Pour cela nous avons 2 bateaux a notre disposition.\",\"email\":\"diversboat@gmail.com\",\"telephone\":\"+66828149282\",\"legalName\":\"Bee'z Mom\",\"foundingDate\":\"2017-01-01\"}]}<\/script>\n<!-- \/ Yoast SEO Premium plugin. -->","yoast_head_json":{"title":"Big Advantages of diving on Koh Phangan: prices and Sail Rock","description":"Take advantage of great prices for diving on Koh Phangan with The Divers Boat. Discover the spectacular site of Sail Rock and its wildlife.","robots":{"index":"index","follow":"follow","max-snippet":"max-snippet:-1","max-image-preview":"max-image-preview:large","max-video-preview":"max-video-preview:-1"},"canonical":"https:\/\/thediversboat.com\/en\/prices-koh-phangan-the-divers-boat\/","og_locale":"en_US","og_type":"article","og_title":"Prices Koh Phangan The Divers Boat The Divers Boat \u2013 Plong\u00e9e SSI \u00e0 Koh Tao \ud83c\udf0a","og_description":"\ud83d\udc20 Plongez avec The Divers Boat \u00e0 Koh Tao ! D\u00e9couvrez des cours SSI pour tous niveaux, des excursions avec nos 2 bateaux traditionnels et des plong\u00e9es inoubliables dans le golfe de Tha\u00eflande. Notre \u00e9quipe francophone et passionn\u00e9e vous accompagne pour des souvenirs magiques. R\u00e9servez votre aventure d\u00e8s maintenant !\ud83d\udccd Mae Haad, Koh Tao\ud83d\udcde +66 82 814 9282\ud83c\udf10 www.thediversboat.com","og_url":"https:\/\/thediversboat.com\/en\/prices-koh-phangan-the-divers-boat\/","og_site_name":"The Divers Boat","article_publisher":"https:\/\/www.facebook.com\/thediversboat\/","article_modified_time":"2025-01-21T07:38:23+00:00","og_image":[{"width":866,"height":693,"url":"https:\/\/thediversboat.com\/wp-content\/uploads\/2024\/12\/sail-rock.jpg","type":"image\/jpeg"}],"twitter_card":"summary_large_image","twitter_misc":{"Est. reading time":"3 minutes"},"schema":{"@context":"https:\/\/schema.org","@graph":[{"@type":"WebPage","@id":"https:\/\/thediversboat.com\/en\/prices-koh-phangan-the-divers-boat\/","url":"https:\/\/thediversboat.com\/en\/prices-koh-phangan-the-divers-boat\/","name":"Big Advantages of diving on Koh Phangan: prices and Sail Rock","isPartOf":{"@id":"https:\/\/thediversboat.com\/en\/#website"},"primaryImageOfPage":{"@id":"https:\/\/thediversboat.com\/en\/prices-koh-phangan-the-divers-boat\/#primaryimage"},"image":{"@id":"https:\/\/thediversboat.com\/en\/prices-koh-phangan-the-divers-boat\/#primaryimage"},"thumbnailUrl":"https:\/\/thediversboat.com\/wp-content\/uploads\/2024\/12\/sail-rock.jpg","datePublished":"2022-04-24T08:16:47+00:00","dateModified":"2025-01-21T07:38:23+00:00","description":"Take advantage of great prices for diving on Koh Phangan with The Divers Boat. Discover the spectacular site of Sail Rock and its wildlife.","breadcrumb":{"@id":"https:\/\/thediversboat.com\/en\/prices-koh-phangan-the-divers-boat\/#breadcrumb"},"inLanguage":"en-US","potentialAction":[{"@type":"ReadAction","target":["https:\/\/thediversboat.com\/en\/prices-koh-phangan-the-divers-boat\/"]}]},{"@type":"ImageObject","inLanguage":"en-US","@id":"https:\/\/thediversboat.com\/en\/prices-koh-phangan-the-divers-boat\/#primaryimage","url":"https:\/\/thediversboat.com\/wp-content\/uploads\/2024\/12\/sail-rock.jpg","contentUrl":"https:\/\/thediversboat.com\/wp-content\/uploads\/2024\/12\/sail-rock.jpg","width":866,"height":693,"caption":"very nice day on Sail Rock with the divers boat"},{"@type":"BreadcrumbList","@id":"https:\/\/thediversboat.com\/en\/prices-koh-phangan-the-divers-boat\/#breadcrumb","itemListElement":[{"@type":"ListItem","position":1,"name":"Home","item":"https:\/\/thediversboat.com\/en\/"},{"@type":"ListItem","position":2,"name":"Prices Koh Phangan The Divers Boat"}]},{"@type":"WebSite","@id":"https:\/\/thediversboat.com\/en\/#website","url":"https:\/\/thediversboat.com\/en\/","name":"The Divers Boat","description":"Centre de plong\u00e9e Fran\u00e7ais \u00e0 Koh Tao","publisher":{"@id":"https:\/\/thediversboat.com\/en\/#organization"},"alternateName":"The Diver's Boat","potentialAction":[{"@type":"SearchAction","target":{"@type":"EntryPoint","urlTemplate":"https:\/\/thediversboat.com\/en\/?s={search_term_string}"},"query-input":{"@type":"PropertyValueSpecification","valueRequired":true,"valueName":"search_term_string"}}],"inLanguage":"en-US"},{"@type":"Organization","@id":"https:\/\/thediversboat.com\/en\/#organization","name":"Centre de plong\u00e9e Fran\u00e7ais \u00e0 Koh Tao","alternateName":"Koh Tao France Plong\u00e9e","url":"https:\/\/thediversboat.com\/en\/","logo":{"@type":"ImageObject","inLanguage":"en-US","@id":"https:\/\/thediversboat.com\/en\/#\/schema\/logo\/image\/","url":"https:\/\/thediversboat.com\/wp-content\/uploads\/2025\/08\/The-Divers-Boat-Koh-Tao-LOGO-scaled.png","contentUrl":"https:\/\/thediversboat.com\/wp-content\/uploads\/2025\/08\/The-Divers-Boat-Koh-Tao-LOGO-scaled.png","width":2560,"height":2560,"caption":"Centre de plong\u00e9e Fran\u00e7ais \u00e0 Koh Tao"},"image":{"@id":"https:\/\/thediversboat.com\/en\/#\/schema\/logo\/image\/"},"sameAs":["https:\/\/www.facebook.com\/thediversboat\/","https:\/\/www.instagram.com\/thediversboat\/","https:\/\/www.youtube.com\/channel\/UCU_3MH0qcQnG2zWsStWl-7g\/"],"description":"The Divers Boat \u2013 L\u2019Aventure Sous-Marine \u00e0 Koh Tao Plongez au c\u0153ur des eaux cristallines de Koh Tao avec The Divers Boat, votre partenaire privil\u00e9gi\u00e9 pour des exp\u00e9riences de plong\u00e9e inoubliables. Que vous soyez d\u00e9butant ou plongeur exp\u00e9riment\u00e9, notre \u00e9quipe passionn\u00e9e et certifi\u00e9e vous accompagne dans la d\u00e9couverte des fonds marins les plus spectaculaires de Tha\u00eflande. Pour cela nous avons 2 bateaux a notre disposition.","email":"diversboat@gmail.com","telephone":"+66828149282","legalName":"Bee'z Mom","foundingDate":"2017-01-01"}]}},"_links":{"self":[{"href":"https:\/\/thediversboat.com\/en\/wp-json\/wp\/v2\/pages\/8464","targetHints":{"allow":["GET"]}}],"collection":[{"href":"https:\/\/thediversboat.com\/en\/wp-json\/wp\/v2\/pages"}],"about":[{"href":"https:\/\/thediversboat.com\/en\/wp-json\/wp\/v2\/types\/page"}],"author":[{"embeddable":true,"href":"https:\/\/thediversboat.com\/en\/wp-json\/wp\/v2\/users\/1"}],"replies":[{"embeddable":true,"href":"https:\/\/thediversboat.com\/en\/wp-json\/wp\/v2\/comments?post=8464"}],"version-history":[{"count":14,"href":"https:\/\/thediversboat.com\/en\/wp-json\/wp\/v2\/pages\/8464\/revisions"}],"predecessor-version":[{"id":37917,"href":"https:\/\/thediversboat.com\/en\/wp-json\/wp\/v2\/pages\/8464\/revisions\/37917"}],"wp:featuredmedia":[{"embeddable":true,"href":"https:\/\/thediversboat.com\/en\/wp-json\/wp\/v2\/media\/36275"}],"wp:attachment":[{"href":"https:\/\/thediversboat.com\/en\/wp-json\/wp\/v2\/media?parent=8464"}],"curies":[{"name":"wp","href":"https:\/\/api.w.org\/{rel}","templated":true}]}}